{"id":1000,"date":"2018-07-30T15:22:20","date_gmt":"2018-07-30T15:22:20","guid":{"rendered":"http:\/\/faunadigital.com.mx\/?page_id=1000"},"modified":"2019-01-14T17:19:27","modified_gmt":"2019-01-14T17:19:27","slug":"gzh3206sg","status":"publish","type":"page","link":"http:\/\/faunadigital.com.mx\/?page_id=1000","title":{"rendered":"GZH3206SG"},"content":{"rendered":"<div id=\"pl-1000\"  class=\"panel-layout\" ><div id=\"pg-1000-0\"  class=\"panel-grid panel-has-style\" ><div style=\"padding: 100px 0; \" data-overlay=\"true\" data-overlay-color=\"#000000\" class=\"panel-row-style panel-row-style-for-1000-0\" ><div id=\"pgc-1000-0-0\"  class=\"panel-grid-cell\" ><div id=\"panel-1000-0-0-0\" class=\"so-panel widget widget_media_image panel-first-child panel-last-child\" data-index=\"0\" ><div style=\"text-align: center;\" data-title-color=\"#443f3f\" data-headings-color=\"#443f3f\" class=\"panel-widget-style panel-widget-style-for-1000-0-0-0\" ><img width=\"756\" height=\"354\" src=\"http:\/\/faunadigital.com.mx\/wp-content\/uploads\/2018\/10\/maquinagzh.png\" class=\"image wp-image-2084  attachment-full size-full\" alt=\"\" loading=\"lazy\" style=\"max-width: 100%; height: auto;\" srcset=\"http:\/\/faunadigital.com.mx\/wp-content\/uploads\/2018\/10\/maquinagzh.png 756w, http:\/\/faunadigital.com.mx\/wp-content\/uploads\/2018\/10\/maquinagzh-300x140.png 300w, http:\/\/faunadigital.com.mx\/wp-content\/uploads\/2018\/10\/maquinagzh-230x108.png 230w, http:\/\/faunadigital.com.mx\/wp-content\/uploads\/2018\/10\/maquinagzh-350x164.png 350w, http:\/\/faunadigital.com.mx\/wp-content\/uploads\/2018\/10\/maquinagzh-480x225.png 480w\" sizes=\"(max-width: 756px) 100vw, 756px\" \/><\/div><\/div><\/div><\/div><\/div><div id=\"pg-1000-1\"  class=\"panel-grid panel-has-style\" ><div style=\"padding: 100px 0; \" data-overlay=\"true\" data-overlay-color=\"#000000\" class=\"panel-row-style panel-row-style-for-1000-1\" ><div id=\"pgc-1000-1-0\"  class=\"panel-grid-cell\" ><div id=\"panel-1000-1-0-0\" class=\"so-panel widget widget_sow-editor panel-first-child panel-last-child\" data-index=\"1\" ><div style=\"text-align: left;\" data-title-color=\"#443f3f\" data-headings-color=\"#443f3f\" class=\"panel-widget-style panel-widget-style-for-1000-1-0-0\" ><div class=\"so-widget-sow-editor so-widget-sow-editor-base\">\n<div class=\"siteorigin-widget-tinymce textwidget\">\n\t<h3><span style=\"color: #99cc00;\">Impresora de Alta Velocidad<\/span><\/h3>\n<p>\u20226 cabezales Starfire en 3 filas, hasta 375 m\u00b2 \/hr.<br \/>\n\u2022Cuerpo robusto, m\u00e1s precisa y duradera.<br \/>\n\u2022Revolucionario cabezal de impresi\u00f3n de tecnolog\u00eda RediJet<br \/>\n\u2022Sistema de recirculaci\u00f3n de presi\u00f3n negativa <strong>On Tek<\/strong><br \/>\n\u2022Sistema servo Panasonic 2X Power<br \/>\n\u2022Reembobinado separado con funci\u00f3n de stand by<br \/>\n\u2022Avanzado Software de gesti\u00f3n de color.<\/p>\n<h3><span style=\"color: #99cc00;\">Modelo<\/span><\/h3>\n<p>GZH3206SG<\/p>\n<h3><span style=\"color: #99cc00;\">Cabezales<\/span><\/h3>\n<p>6 cabezales STARFIRE en 3 filas, hasta 375 m\u00b2 \/hr.<\/p>\n<h3><span style=\"color: #99cc00;\">Tinta<\/span><\/h3>\n<p>C, M, Y, K, Solvente \/ Ecosolvente<\/p>\n<h3><span style=\"color: #99cc00;\">Sistema de suministro de tinta<\/span><\/h3>\n<p>Sistema de recirculaci\u00f3n de presi\u00f3n negativa <strong>On Tek<\/strong><\/p>\n<h3><span style=\"color: #99cc00;\">Ancho de impresi\u00f3n<\/span><\/h3>\n<p>Max. 3.20 metros<\/p>\n<h3><span style=\"color: #99cc00;\">Media<\/span><\/h3>\n<p>Banner, Frontlit, Backlit, Vinil, Film, etc.<\/p>\n<h3><span style=\"color: #99cc00;\">Sistema de entrega<\/span><\/h3>\n<p>Alimentaci\u00f3n autom\u00e1tica del material y teniendo un sistema con eje neum\u00e1tico<\/p>\n<h3><span style=\"color: #99cc00;\">Velocidad de impresi\u00f3n<\/span><\/h3>\n<p>\u2022300 x 400 dpi 375m\u00b2 \/hr\u00a0 \u00a0 \u00a0 \u00a0 \u00a0 \u00a0 \u00a0 \u00a0 \u00a0 \u00a0 \u00a0\u00a0\u2022600 x 400 dpi 333m\u00b2\/hr<\/p>\n<p>\u2022300 x 600 dpi 253m\u00b2 \/hr\u00a0 \u00a0 \u00a0 \u00a0 \u00a0 \u00a0 \u00a0 \u00a0 \u00a0 \u00a0 \u00a0\u2022600 x 600 dpi 226m\u00b2\/hr<\/p>\n<p>\u2022300 x 800 dpi 191m\u00b2 \/hr\u00a0 \u00a0 \u00a0 \u00a0 \u00a0 \u00a0 \u00a0 \u00a0 \u00a0 \u00a0 \u00a0\u2022600 x 800 dpi 170m\u00b2 \/hr<\/p>\n<h3><span style=\"color: #99cc00;\">Interfaz de datos<\/span><\/h3>\n<p>Externo: USB2.0; Interno: SCSI Alta velocidad<\/p>\n<h3><span style=\"color: #99cc00;\">Entorno de trabajo<\/span><\/h3>\n<p>Temperatura 23 C - 29 C, Humerdad 50% - 80%<\/p>\n<h3><span style=\"color: #99cc00;\">Software<\/span><\/h3>\n<p>Onyx + GZ control console<\/p>\n<h3><span style=\"color: #99cc00;\">Power<\/span><\/h3>\n<p>50Hz\/AC, 220V\u00b110% 13A Impresora +34A Sistema de secado termico + 17.5A Sistema de reembobinado separado<\/p>\n<h3><span style=\"color: #99cc00;\">Equipo instalado\/Empaque<\/span><\/h3>\n<p>LxWxH (mm) 5500X1100X1670 \/ 5600X1550X1880<\/p>\n<h3><span style=\"color: #99cc00;\">G.W.\/N.W.<\/span><\/h3>\n<p>1512Kg \/ 1262 Kg<\/p>\n<\/div>\n<\/div><\/div><\/div><\/div><div id=\"pgc-1000-1-1\"  class=\"panel-grid-cell\" ><div id=\"panel-1000-1-1-0\" class=\"so-panel widget widget_media_image panel-first-child panel-last-child\" data-index=\"2\" ><div style=\"text-align: center;\" data-title-color=\"#443f3f\" data-headings-color=\"#443f3f\" class=\"panel-widget-style panel-widget-style-for-1000-1-1-0\" ><img width=\"268\" height=\"1230\" src=\"http:\/\/faunadigital.com.mx\/wp-content\/uploads\/2018\/10\/gzh01.png\" class=\"image wp-image-2113  attachment-full size-full\" alt=\"\" loading=\"lazy\" style=\"max-width: 100%; height: auto;\" srcset=\"http:\/\/faunadigital.com.mx\/wp-content\/uploads\/2018\/10\/gzh01.png 268w, http:\/\/faunadigital.com.mx\/wp-content\/uploads\/2018\/10\/gzh01-223x1024.png 223w, http:\/\/faunadigital.com.mx\/wp-content\/uploads\/2018\/10\/gzh01-230x1056.png 230w\" sizes=\"(max-width: 268px) 100vw, 268px\" \/><\/div><\/div><\/div><\/div><\/div><div id=\"pg-1000-2\"  class=\"panel-grid panel-has-style\" ><div style=\"padding: 100px 0; \" data-overlay=\"true\" data-overlay-color=\"#000000\" class=\"panel-row-style panel-row-style-for-1000-2\" ><div id=\"pgc-1000-2-0\"  class=\"panel-grid-cell\" ><div id=\"panel-1000-2-0-0\" class=\"so-panel widget widget_sow-button panel-first-child panel-last-child\" data-index=\"3\" ><div style=\"text-align: center;\" data-title-color=\"#443f3f\" data-headings-color=\"#443f3f\" class=\"panel-widget-style panel-widget-style-for-1000-2-0-0\" ><div class=\"so-widget-sow-button so-widget-sow-button-atom-ca86ee54deb6-1000\"><div class=\"ow-button-base ow-button-align-center\">\n\t<a href=\"http:\/\/faunadigital.com.mx\/wp-content\/uploads\/2018\/10\/flyergzh.jpg\" class=\"ow-icon-placement-left ow-button-hover\" target=\"_blank\" rel=\"noopener noreferrer\" \t\t>\n\t\t<span>\n\t\t\t\n\t\t\tFICHA T\u00c9CNICA\t\t<\/span>\n\t<\/a>\n<\/div>\n<\/div><\/div><\/div><\/div><div id=\"pgc-1000-2-1\"  class=\"panel-grid-cell\" ><div id=\"panel-1000-2-1-0\" class=\"so-panel widget widget_sow-button panel-first-child panel-last-child\" data-index=\"4\" ><div style=\"text-align: left;\" data-title-color=\"#443f3f\" data-headings-color=\"#443f3f\" class=\"panel-widget-style panel-widget-style-for-1000-2-1-0\" ><div class=\"so-widget-sow-button so-widget-sow-button-atom-878f428cb2f7-1000\"><div class=\"ow-button-base ow-button-align-center\">\n\t<a href=\"https:\/\/www.youtube.com\/watch?v=1FHR9-qYerg&#038;list=PLg9Mj-mH-VnmKtUx1zgI8jpyMnftdqKOY&#038;index=2\" class=\"ow-icon-placement-left ow-button-hover\" \t\t>\n\t\t<span>\n\t\t\t\n\t\t\tVIDEO DE M\u00c1QUINA\t\t<\/span>\n\t<\/a>\n<\/div>\n<\/div><\/div><\/div><\/div><\/div><\/div><\/div>","protected":false},"excerpt":{"rendered":"<p>Impresora de Alta Velocidad \u20226 cabezales Starfire en 3 filas, hasta 375 m\u00b2 \/hr. \u2022Cuerpo robusto, m\u00e1s precisa y duradera. \u2022Revolucionario cabezal de impresi\u00f3n de tecnolog\u00eda RediJet \u2022Sistema de recirculaci\u00f3n de presi\u00f3n negativa On Tek \u2022Sistema servo Panasonic 2X Power \u2022Reembobinado separado con funci\u00f3n de stand by \u2022Avanzado Software de gesti\u00f3n de color. Modelo GZH3206SG [&hellip;]<\/p>\n","protected":false},"author":1,"featured_media":0,"parent":0,"menu_order":0,"comment_status":"closed","ping_status":"closed","template":"page-templates\/page_front-page.php","meta":[],"_links":{"self":[{"href":"http:\/\/faunadigital.com.mx\/index.php?rest_route=\/wp\/v2\/pages\/1000"}],"collection":[{"href":"http:\/\/faunadigital.com.mx\/index.php?rest_route=\/wp\/v2\/pages"}],"about":[{"href":"http:\/\/faunadigital.com.mx\/index.php?rest_route=\/wp\/v2\/types\/page"}],"author":[{"embeddable":true,"href":"http:\/\/faunadigital.com.mx\/index.php?rest_route=\/wp\/v2\/users\/1"}],"replies":[{"embeddable":true,"href":"http:\/\/faunadigital.com.mx\/index.php?rest_route=%2Fwp%2Fv2%2Fcomments&post=1000"}],"version-history":[{"count":40,"href":"http:\/\/faunadigital.com.mx\/index.php?rest_route=\/wp\/v2\/pages\/1000\/revisions"}],"predecessor-version":[{"id":1002,"href":"http:\/\/faunadigital.com.mx\/index.php?rest_route=\/wp\/v2\/pages\/1000\/revisions\/1002"}],"wp:attachment":[{"href":"http:\/\/faunadigital.com.mx\/index.php?rest_route=%2Fwp%2Fv2%2Fmedia&parent=1000"}],"curies":[{"name":"wp","href":"https:\/\/api.w.org\/{rel}","templated":true}]}}