{"id":1012,"date":"2018-07-30T15:42:57","date_gmt":"2018-07-30T15:42:57","guid":{"rendered":"http:\/\/faunadigital.com.mx\/?page_id=1012"},"modified":"2019-02-13T18:04:33","modified_gmt":"2019-02-13T18:04:33","slug":"gzm-plus","status":"publish","type":"page","link":"http:\/\/faunadigital.com.mx\/?page_id=1012","title":{"rendered":"GZM PLUS"},"content":{"rendered":"<div id=\"pl-1012\"  class=\"panel-layout\" ><div id=\"pg-1012-0\"  class=\"panel-grid panel-has-style\" ><div style=\"padding: 100px 0; \" data-overlay=\"true\" data-overlay-color=\"#000000\" class=\"panel-row-style panel-row-style-for-1012-0\" ><div id=\"pgc-1012-0-0\"  class=\"panel-grid-cell\" ><div id=\"panel-1012-0-0-0\" class=\"so-panel widget widget_media_image panel-first-child panel-last-child\" data-index=\"0\" ><div style=\"text-align: center;\" data-title-color=\"#443f3f\" data-headings-color=\"#443f3f\" class=\"panel-widget-style panel-widget-style-for-1012-0-0-0\" ><img width=\"756\" height=\"354\" src=\"http:\/\/faunadigital.com.mx\/wp-content\/uploads\/2018\/10\/maquinagzm.png\" class=\"image wp-image-2085  attachment-full size-full\" alt=\"\" loading=\"lazy\" style=\"max-width: 100%; height: auto;\" srcset=\"http:\/\/faunadigital.com.mx\/wp-content\/uploads\/2018\/10\/maquinagzm.png 756w, http:\/\/faunadigital.com.mx\/wp-content\/uploads\/2018\/10\/maquinagzm-300x140.png 300w, http:\/\/faunadigital.com.mx\/wp-content\/uploads\/2018\/10\/maquinagzm-230x108.png 230w, http:\/\/faunadigital.com.mx\/wp-content\/uploads\/2018\/10\/maquinagzm-350x164.png 350w, http:\/\/faunadigital.com.mx\/wp-content\/uploads\/2018\/10\/maquinagzm-480x225.png 480w\" sizes=\"(max-width: 756px) 100vw, 756px\" \/><\/div><\/div><\/div><\/div><\/div><div id=\"pg-1012-1\"  class=\"panel-grid panel-has-style\" ><div style=\"padding: 100px 0; \" data-overlay=\"true\" data-overlay-color=\"#000000\" class=\"panel-row-style panel-row-style-for-1012-1\" ><div id=\"pgc-1012-1-0\"  class=\"panel-grid-cell\" ><div id=\"panel-1012-1-0-0\" class=\"so-panel widget widget_sow-editor panel-first-child panel-last-child\" data-index=\"1\" ><div style=\"text-align: left;\" data-title-color=\"#443f3f\" data-headings-color=\"#443f3f\" class=\"panel-widget-style panel-widget-style-for-1012-1-0-0\" ><div class=\"so-widget-sow-editor so-widget-sow-editor-base\">\n<div class=\"siteorigin-widget-tinymce textwidget\">\n\t<h3><span style=\"color: #99cc00;\">Impresora de Alta Velocidad<\/span><\/h3>\n<p>\u2022Velocidad extrema de hasta 234 m\u00b2 \/hr.<\/p>\n<p>\u2022Cuerpo Robusto, m\u00e1s precisa y duradera.<\/p>\n<p>\u2022Sistema servo Panasonic A6<\/p>\n<p>\u2022Sistema de recirculaci\u00f3n de presi\u00f3n negativa <strong>On Tek<\/strong><\/p>\n<p>\u2022Sistema inteligente de secado t\u00e9rmico que ahorra energ\u00eda<\/p>\n<p>\u2022Avanzado Software de gesti\u00f3n de color.<\/p>\n<p>\u2022Sistema de reembobinado por separado<\/p>\n<p>\u2022Canal para impresi\u00f3n de material mesh.<\/p>\n<h3><span style=\"color: #99cc00;\">Modelo<\/span><\/h3>\n<p>GZM3204SG\u00a0 \u00a0 \u00a0 \u00a0 \u00a0 \u00a0 \u00a0 \u00a0 \u00a0 \u00a0 \u00a0 \u00a0 \u00a0 GZM3202SG<\/p>\n<h3><span style=\"color: #99cc00;\">Cabezales<\/span><\/h3>\n<p>4 Starfire1024 (10pl)\u00a0 \u00a0 \u00a0 \u00a0 \u00a0 \u00a02 Starfire 1024 (10pl)<\/p>\n<h3><span style=\"color: #99cc00;\">Tintas<\/span><\/h3>\n<p>C, M, Y, K, Solvente \/ Ecosolvente<\/p>\n<h3><span style=\"color: #99cc00;\">Sistema de suministro de tinta<\/span><\/h3>\n<p>Sistema de recirculaci\u00f3n de presi\u00f3n negativa<\/p>\n<h3><span style=\"color: #99cc00;\">Ancho de impresi\u00f3n<\/span><\/h3>\n<p>Max. 3.20 metros<\/p>\n<h3><span style=\"color: #99cc00;\">Media<\/span><\/h3>\n<p>Banner, Frontlit, Backlit, Vinil, Film, etc.<\/p>\n<h3><span style=\"color: #99cc00;\">Sistema de entrega<\/span><\/h3>\n<p>Alimentaci\u00f3n autom\u00e1tica del material y teniendo un sistema con eje neum\u00e1tico<\/p>\n<h3><span style=\"color: #99cc00;\">Velocidad de impresi\u00f3n<\/span><\/h3>\n<p>\u2022300 x 400 dpi 234m\u00b2 \/hr\u00a0 \u00a0 \u00a0 \u00a0 \u00a0 \u00a0\u2022300 x 400 dpi 129m\u00b2 \/hr<\/p>\n<p>\u2022600 x 400 dpi 209m\u00b2 \/hr\u00a0 \u00a0 \u00a0 \u00a0 \u00a0\u00a0\u2022600 x 400 dpi 115m\u00b2 \/hr<\/p>\n<p>\u2022300 x 600 dpi 163m\u00b2 \/hr\u00a0 \u00a0 \u00a0 \u00a0 \u00a0 \u00a0\u2022300 x 600 dpi 86m\u00b2 \/hr<\/p>\n<p>\u2022600 x 600 dpi 143m\u00b2 \/hr\u00a0 \u00a0 \u00a0 \u00a0 \u00a0 \u00a0\u2022600 x 600 dpi 76m\u00b2 \/hr<\/p>\n<p>\u2022300 x 800 dpi 127m\u00b2 \/hr\u00a0 \u00a0 \u00a0 \u00a0 \u00a0 \u00a0\u2022300 x 800 dpi 67m\u00b2 \/hr<\/p>\n<p>\u2022600 x 800 dpi 112m\u00b2 \/hr\u00a0 \u00a0 \u00a0 \u00a0 \u00a0 \u00a0\u2022600 x 800 dpi 59m\u00b2 \/hr<\/p>\n<h3><span style=\"color: #99cc00;\">Interfaz de datos<\/span><\/h3>\n<p>Externo: USB2.0; Interno: SCSI Alta velocidad<\/p>\n<h3><span style=\"color: #99cc00;\">Entorno de trabajo<\/span><\/h3>\n<p>Temperatura 23 C - 29 C, Humerdad 50% - 80%<\/p>\n<h3><span style=\"color: #99cc00;\">Software<\/span><\/h3>\n<p>Onyx + GZ control console<\/p>\n<h3><span style=\"color: #99cc00;\">Power<\/span><\/h3>\n<p>50Hz\/AC, 220V\u00b110% 13A Impresora + 18Ax2 Sistema de reembobinado separado<\/p>\n<h3><span style=\"color: #99cc00;\">Equipo instalado\/Empaque <\/span><\/h3>\n<p>LxWxH (mm) 4660x960x1250 \/ 4930x1150x1690<\/p>\n<h3><span style=\"color: #99cc00;\">G.W.\/N.W.<\/span><\/h3>\n<p>1145Kg \/ 915 Kg<\/p>\n<\/div>\n<\/div><\/div><\/div><\/div><div id=\"pgc-1012-1-1\"  class=\"panel-grid-cell\" ><div id=\"panel-1012-1-1-0\" class=\"so-panel widget widget_media_image panel-first-child panel-last-child\" data-index=\"2\" ><div style=\"text-align: center;\" data-title-color=\"#443f3f\" data-headings-color=\"#443f3f\" class=\"panel-widget-style panel-widget-style-for-1012-1-1-0\" ><img width=\"268\" height=\"1230\" src=\"http:\/\/faunadigital.com.mx\/wp-content\/uploads\/2018\/10\/gzm01.png\" class=\"image wp-image-2104  attachment-full size-full\" alt=\"\" loading=\"lazy\" style=\"max-width: 100%; height: auto;\" srcset=\"http:\/\/faunadigital.com.mx\/wp-content\/uploads\/2018\/10\/gzm01.png 268w, http:\/\/faunadigital.com.mx\/wp-content\/uploads\/2018\/10\/gzm01-223x1024.png 223w, http:\/\/faunadigital.com.mx\/wp-content\/uploads\/2018\/10\/gzm01-230x1056.png 230w\" sizes=\"(max-width: 268px) 100vw, 268px\" \/><\/div><\/div><\/div><\/div><\/div><div id=\"pg-1012-2\"  class=\"panel-grid panel-has-style\" ><div style=\"padding: 100px 0; \" data-overlay=\"true\" data-overlay-color=\"#000000\" class=\"panel-row-style panel-row-style-for-1012-2\" ><div id=\"pgc-1012-2-0\"  class=\"panel-grid-cell\" ><div id=\"panel-1012-2-0-0\" class=\"so-panel widget widget_sow-button panel-first-child panel-last-child\" data-index=\"3\" ><div style=\"text-align: center;\" data-title-color=\"#443f3f\" data-headings-color=\"#443f3f\" class=\"panel-widget-style panel-widget-style-for-1012-2-0-0\" ><div class=\"so-widget-sow-button so-widget-sow-button-atom-ca86ee54deb6-1012\"><div class=\"ow-button-base ow-button-align-center\">\n\t<a href=\"http:\/\/faunadigital.com.mx\/wp-content\/uploads\/2018\/10\/flyergzm.jpg\" class=\"ow-icon-placement-left ow-button-hover\" target=\"_blank\" rel=\"noopener noreferrer\" \t\t>\n\t\t<span>\n\t\t\t\n\t\t\tFICHA T\u00c9CNICA\t\t<\/span>\n\t<\/a>\n<\/div>\n<\/div><\/div><\/div><\/div><div id=\"pgc-1012-2-1\"  class=\"panel-grid-cell\" ><div id=\"panel-1012-2-1-0\" class=\"so-panel widget widget_sow-button panel-first-child panel-last-child\" data-index=\"4\" ><div style=\"text-align: left;\" data-title-color=\"#443f3f\" data-headings-color=\"#443f3f\" class=\"panel-widget-style panel-widget-style-for-1012-2-1-0\" ><div class=\"so-widget-sow-button so-widget-sow-button-atom-878f428cb2f7-1012\"><div class=\"ow-button-base ow-button-align-center\">\n\t<a href=\"https:\/\/www.youtube.com\/watch?v=AGgOPU98vwg&#038;list=PLg9Mj-mH-VnmKtUx1zgI8jpyMnftdqKOY&#038;index=1\" class=\"ow-icon-placement-left ow-button-hover\" \t\t>\n\t\t<span>\n\t\t\t\n\t\t\tVIDEO DE M\u00c1QUINA\t\t<\/span>\n\t<\/a>\n<\/div>\n<\/div><\/div><\/div><\/div><\/div><\/div><\/div>","protected":false},"excerpt":{"rendered":"<p>Impresora de Alta Velocidad \u2022Velocidad extrema de hasta 234 m\u00b2 \/hr. \u2022Cuerpo Robusto, m\u00e1s precisa y duradera. \u2022Sistema servo Panasonic A6 \u2022Sistema de recirculaci\u00f3n de presi\u00f3n negativa On Tek \u2022Sistema inteligente de secado t\u00e9rmico que ahorra energ\u00eda \u2022Avanzado Software de gesti\u00f3n de color. \u2022Sistema de reembobinado por separado \u2022Canal para impresi\u00f3n de material mesh. Modelo [&hellip;]<\/p>\n","protected":false},"author":1,"featured_media":0,"parent":0,"menu_order":0,"comment_status":"closed","ping_status":"closed","template":"page-templates\/page_front-page.php","meta":[],"_links":{"self":[{"href":"http:\/\/faunadigital.com.mx\/index.php?rest_route=\/wp\/v2\/pages\/1012"}],"collection":[{"href":"http:\/\/faunadigital.com.mx\/index.php?rest_route=\/wp\/v2\/pages"}],"about":[{"href":"http:\/\/faunadigital.com.mx\/index.php?rest_route=\/wp\/v2\/types\/page"}],"author":[{"embeddable":true,"href":"http:\/\/faunadigital.com.mx\/index.php?rest_route=\/wp\/v2\/users\/1"}],"replies":[{"embeddable":true,"href":"http:\/\/faunadigital.com.mx\/index.php?rest_route=%2Fwp%2Fv2%2Fcomments&post=1012"}],"version-history":[{"count":41,"href":"http:\/\/faunadigital.com.mx\/index.php?rest_route=\/wp\/v2\/pages\/1012\/revisions"}],"predecessor-version":[{"id":2557,"href":"http:\/\/faunadigital.com.mx\/index.php?rest_route=\/wp\/v2\/pages\/1012\/revisions\/2557"}],"wp:attachment":[{"href":"http:\/\/faunadigital.com.mx\/index.php?rest_route=%2Fwp%2Fv2%2Fmedia&parent=1012"}],"curies":[{"name":"wp","href":"https:\/\/api.w.org\/{rel}","templated":true}]}}