{"id":1279,"date":"2018-08-01T18:26:29","date_gmt":"2018-08-01T18:26:29","guid":{"rendered":"http:\/\/faunadigital.com.mx\/?page_id=1279"},"modified":"2022-02-08T20:39:05","modified_gmt":"2022-02-08T20:39:05","slug":"conquer-gzh-5l","status":"publish","type":"page","link":"http:\/\/faunadigital.com.mx\/?page_id=1279","title":{"rendered":"CONQUER GZ OL 5L"},"content":{"rendered":"<div id=\"pl-1279\"  class=\"panel-layout\" ><div id=\"pg-1279-0\"  class=\"panel-grid panel-has-style\" ><div style=\"padding: 100px 0; \" data-overlay=\"true\" data-overlay-color=\"#000000\" class=\"panel-row-style panel-row-style-for-1279-0\" ><div id=\"pgc-1279-0-0\"  class=\"panel-grid-cell\" ><div id=\"panel-1279-0-0-0\" class=\"so-panel widget widget_sow-editor panel-first-child panel-last-child\" data-index=\"0\" ><div style=\"text-align: left;\" data-title-color=\"#443f3f\" data-headings-color=\"#443f3f\" class=\"panel-widget-style panel-widget-style-for-1279-0-0-0\" ><div class=\"so-widget-sow-editor so-widget-sow-editor-base\">\n<div class=\"siteorigin-widget-tinymce textwidget\">\n\t<p>CONQUER GZ OL, tinta base solvente formulada y probada con \u00f3ptima compatibildad, goteo de tinta en demanda de dispositivos para aplicaciones interiores y exteriores.<\/p>\n<p>La tinta CONQUER GZ OL ha sido espec\u00edficamente dise\u00f1ada como la tinta solvente universal para trabajar en cabezales Starfire de 10 y 25 picolitros.<\/p>\n<p>Gracias a sus componentes especiales, la tinta CONQUER GZ OL seca en cualquier tipo de sustrato, esto permite que la impresi\u00f3n no se pegue, incluso a la m\u00e1xima velocidad de la m\u00e1quina.<\/p>\n<p><strong><span style=\"color: #99cc00;\">Compatibilidad con la m\u00e1quina:<\/span><\/strong>\u00a0 Gongzheng.<\/p>\n<p><strong><span style=\"color: #99cc00;\">Compatibilidad de cabezales:<\/span><\/strong>\u00a0 Starfire 256, 512.<\/p>\n<p><strong><span style=\"color: #99cc00;\">Aplicaciones:<\/span><\/strong>\u00a0 Interiores y exteriores.<\/p>\n<p><strong><span style=\"color: #99cc00;\">Durabilidad al exterior:\u00a0<\/span><\/strong> 24 meses.<\/p>\n<p><strong><span style=\"color: #99cc00;\">Tiempo de almacenamiento:<\/span><\/strong>\u00a0 24 meses.<\/p>\n<p><strong><span style=\"color: #99cc00;\">Temperatura de funcionamiento:<\/span><\/strong>\u00a0 18\u00b0 \u2013 27\u00b0 C.<\/p>\n<p><span style=\"color: #99cc00;\"><strong>Humedad relativa en funcionamiento:<\/strong><\/span>\u00a0 30 \u2013 80%.<\/p>\n<p><strong><span style=\"color: #99cc00;\">Temperatura de transporte:<\/span><\/strong>\u00a0 10\u00b0 a 40\u00b0 C.<\/p>\n<p><strong><span style=\"color: #99cc00;\">Temperatura de almacenamiento:<\/span><\/strong>\u00a0 5\u00b0 \u2013 35\u00b0 C.<\/p>\n<p><strong><span style=\"color: #99cc00;\">Producto peligroso:<\/span><\/strong>\u00a0 NO.<\/p>\n<p><strong><span style=\"color: #99cc00;\">MSDS:<\/span><\/strong>\u00a0 Harmful Xn R20\/21.<\/p>\n<p><span style=\"color: #99cc00;\"><strong>Disponibilidad:<\/strong><\/span>\u00a0 C M Y K, LC, LM<\/p>\n<p><strong><span style=\"color: #99cc00;\">Envase:<\/span><\/strong>\u00a0 5L (4 botellas por caja)<\/p>\n<p><strong><span style=\"color: #99cc00;\">Limpiador compatible:<\/span><\/strong>\u00a0 Solvente.<\/p>\n<\/div>\n<\/div><\/div><\/div><\/div><\/div><\/div><div id=\"pg-1279-1\"  class=\"panel-grid panel-has-style\" ><div style=\"padding: 100px 0; \" data-overlay=\"true\" data-overlay-color=\"#000000\" class=\"panel-row-style panel-row-style-for-1279-1\" ><div id=\"pgc-1279-1-0\"  class=\"panel-grid-cell\" ><div id=\"panel-1279-1-0-0\" class=\"so-panel widget widget_sow-button panel-first-child panel-last-child\" data-index=\"1\" ><div style=\"text-align: left;\" data-title-color=\"#443f3f\" data-headings-color=\"#443f3f\" class=\"panel-widget-style panel-widget-style-for-1279-1-0-0\" ><div class=\"so-widget-sow-button so-widget-sow-button-atom-ca86ee54deb6-1279\"><div class=\"ow-button-base ow-button-align-center\">\n\t<a href=\"http:\/\/faunadigital.com.mx.previewc75.carrierzone.com\/wp-content\/uploads\/2020\/01\/fichaconquergzh.png\" class=\"ow-icon-placement-left ow-button-hover\" target=\"_blank\" rel=\"noopener noreferrer\" \t\t>\n\t\t<span>\n\t\t\t\n\t\t\tFICHA T\u00c9CNICA CONQUER GZ OL\t\t<\/span>\n\t<\/a>\n<\/div>\n<\/div><\/div><\/div><\/div><div id=\"pgc-1279-1-1\"  class=\"panel-grid-cell\" ><div id=\"panel-1279-1-1-0\" class=\"so-panel widget widget_sow-button panel-first-child panel-last-child\" data-index=\"2\" ><div style=\"text-align: left;\" data-title-color=\"#443f3f\" data-headings-color=\"#443f3f\" class=\"panel-widget-style panel-widget-style-for-1279-1-1-0\" ><div class=\"so-widget-sow-button so-widget-sow-button-atom-2fc8e6d50262-1279\"><div class=\"ow-button-base ow-button-align-center\">\n\t<a href=\"http:\/\/faunadigital.com.mx.previewc75.carrierzone.com\/wp-content\/uploads\/2020\/01\/Archivo.zip\" class=\"ow-icon-placement-left ow-button-hover\" target=\"_blank\" rel=\"noopener noreferrer\" \t\t>\n\t\t<span>\n\t\t\t\n\t\t\tMSDS CONQUER GZ OL\t\t<\/span>\n\t<\/a>\n<\/div>\n<\/div><\/div><\/div><\/div><\/div><\/div><div id=\"pg-1279-2\"  class=\"panel-grid panel-has-style\" ><div style=\"padding: 100px 0; \" data-overlay=\"true\" data-overlay-color=\"#000000\" class=\"panel-row-style panel-row-style-for-1279-2\" ><div id=\"pgc-1279-2-0\"  class=\"panel-grid-cell\" ><div id=\"panel-1279-2-0-0\" class=\"so-panel widget widget_sow-button panel-first-child panel-last-child\" data-index=\"3\" ><div style=\"text-align: left;\" data-title-color=\"#443f3f\" data-headings-color=\"#443f3f\" class=\"panel-widget-style panel-widget-style-for-1279-2-0-0\" ><div class=\"so-widget-sow-button so-widget-sow-button-atom-ca86ee54deb6-1279\"><div class=\"ow-button-base ow-button-align-center\">\n\t<a href=\"http:\/\/faunadigital.com.mx.previewc75.carrierzone.com\/wp-content\/uploads\/2020\/05\/Garanti\u0301a-tintas-Fauna-Insumos-Digitales-002.pdf\" class=\"ow-icon-placement-left ow-button-hover\" target=\"_blank\" rel=\"noopener noreferrer\" \t\t>\n\t\t<span>\n\t\t\t\n\t\t\tGARANT\u00cdA DE TINTAS\t\t<\/span>\n\t<\/a>\n<\/div>\n<\/div><\/div><\/div><\/div><div id=\"pgc-1279-2-1\"  class=\"panel-grid-cell\" ><div id=\"panel-1279-2-1-0\" class=\"so-panel widget widget_sow-button panel-first-child panel-last-child\" data-index=\"4\" ><div style=\"text-align: left;\" data-title-color=\"#443f3f\" data-headings-color=\"#443f3f\" class=\"panel-widget-style panel-widget-style-for-1279-2-1-0\" ><div class=\"so-widget-sow-button so-widget-sow-button-atom-ca86ee54deb6-1279\"><div class=\"ow-button-base ow-button-align-center\">\n\t<a href=\"http:\/\/faunadigital.com.mx.previewc75.carrierzone.com\/wp-content\/uploads\/2022\/02\/GUIA-CAMBIO-DE-TINTAS.pdf\" class=\"ow-icon-placement-left ow-button-hover\" target=\"_blank\" rel=\"noopener noreferrer\" \t\t>\n\t\t<span>\n\t\t\t\n\t\t\tGU\u00cdA CAMBIO DE TINTAS\t\t<\/span>\n\t<\/a>\n<\/div>\n<\/div><\/div><\/div><\/div><div id=\"pgc-1279-2-2\"  class=\"panel-grid-cell\" ><div id=\"panel-1279-2-2-0\" class=\"so-panel widget widget_sow-button panel-first-child panel-last-child\" data-index=\"5\" ><div style=\"text-align: left;\" data-title-color=\"#443f3f\" data-headings-color=\"#443f3f\" class=\"panel-widget-style panel-widget-style-for-1279-2-2-0\" ><div class=\"so-widget-sow-button so-widget-sow-button-atom-ca86ee54deb6-1279\"><div class=\"ow-button-base ow-button-align-center\">\n\t<a href=\"http:\/\/faunadigital.com.mx.previewc75.carrierzone.com\/wp-content\/uploads\/2018\/07\/CUESTIONARIO-CAMBIO-DE-TINTAS.pdf\" class=\"ow-icon-placement-left ow-button-hover\" target=\"_blank\" rel=\"noopener noreferrer\" \t\t>\n\t\t<span>\n\t\t\t\n\t\t\tFORMATO CAMBIO DE TINTA\t\t<\/span>\n\t<\/a>\n<\/div>\n<\/div><\/div><\/div><\/div><\/div><\/div><\/div>","protected":false},"excerpt":{"rendered":"<p>CONQUER GZ OL, tinta base solvente formulada y probada con \u00f3ptima compatibildad, goteo de tinta en demanda de dispositivos para aplicaciones interiores y exteriores. La tinta CONQUER GZ OL ha sido espec\u00edficamente dise\u00f1ada como la tinta solvente universal para trabajar en cabezales Starfire de 10 y 25 picolitros. Gracias a sus componentes especiales, la tinta [&hellip;]<\/p>\n","protected":false},"author":1,"featured_media":0,"parent":0,"menu_order":0,"comment_status":"closed","ping_status":"closed","template":"page-templates\/page_front-page.php","meta":[],"_links":{"self":[{"href":"http:\/\/faunadigital.com.mx\/index.php?rest_route=\/wp\/v2\/pages\/1279"}],"collection":[{"href":"http:\/\/faunadigital.com.mx\/index.php?rest_route=\/wp\/v2\/pages"}],"about":[{"href":"http:\/\/faunadigital.com.mx\/index.php?rest_route=\/wp\/v2\/types\/page"}],"author":[{"embeddable":true,"href":"http:\/\/faunadigital.com.mx\/index.php?rest_route=\/wp\/v2\/users\/1"}],"replies":[{"embeddable":true,"href":"http:\/\/faunadigital.com.mx\/index.php?rest_route=%2Fwp%2Fv2%2Fcomments&post=1279"}],"version-history":[{"count":61,"href":"http:\/\/faunadigital.com.mx\/index.php?rest_route=\/wp\/v2\/pages\/1279\/revisions"}],"predecessor-version":[{"id":4731,"href":"http:\/\/faunadigital.com.mx\/index.php?rest_route=\/wp\/v2\/pages\/1279\/revisions\/4731"}],"wp:attachment":[{"href":"http:\/\/faunadigital.com.mx\/index.php?rest_route=%2Fwp%2Fv2%2Fmedia&parent=1279"}],"curies":[{"name":"wp","href":"https:\/\/api.w.org\/{rel}","templated":true}]}}