{"id":1380,"date":"2018-08-06T23:42:19","date_gmt":"2018-08-06T23:42:19","guid":{"rendered":"http:\/\/faunadigital.com.mx\/?page_id=1380"},"modified":"2020-01-03T23:30:17","modified_gmt":"2020-01-03T23:30:17","slug":"mesh","status":"publish","type":"page","link":"http:\/\/faunadigital.com.mx\/?page_id=1380","title":{"rendered":"LONA MESH"},"content":{"rendered":"<div id=\"pl-1380\"  class=\"panel-layout\" ><div id=\"pg-1380-0\"  class=\"panel-grid panel-has-style\" ><div style=\"padding: 100px 0; \" data-overlay=\"true\" class=\"panel-row-style panel-row-style-for-1380-0\" ><div id=\"pgc-1380-0-0\"  class=\"panel-grid-cell\" ><div id=\"panel-1380-0-0-0\" class=\"so-panel widget widget_sow-editor panel-first-child panel-last-child\" data-index=\"0\" ><div style=\"text-align: left;\" data-title-color=\"#443f3f\" data-headings-color=\"#443f3f\" class=\"panel-widget-style panel-widget-style-for-1380-0-0-0\" ><div class=\"so-widget-sow-editor so-widget-sow-editor-base\">\n<div class=\"siteorigin-widget-tinymce textwidget\">\n\t<h3><span style=\"color: #99cc00;\">Caracter\u00edsticas<\/span><\/h3>\n<p>Lona de alta resistencia de 1000x1000D, 12x12 hilos\/in2, con muy buenas propiedades de resistencia al rasgado.<\/p>\n<h3><span style=\"color: #99cc00;\">Usos<\/span><\/h3>\n<p>Publicidad que permite la visibilidad, as\u00ed como, la entrada de luz en el \u00e1rea en donde es colocada, en murales en pared, letreros y cubiertas para edificaciones y estructuras.<\/p>\n<h3><span style=\"color: #99cc00;\">Presentaci\u00f3n<\/span><\/h3>\n<p>Rollos de 2.04, 2.50 y 3.20 por 100 metros.<\/p>\n<h3><span style=\"color: #99cc00;\">Sistemas de impresi\u00f3n<\/span><\/h3>\n<p>Impresi\u00f3n Digital y Serigraf\u00eda.<\/p>\n<table style=\"border-collapse: collapse; width: 100%; height: 240px;\" border=\"1\">\n<tbody>\n<tr style=\"height: 24px;\">\n<td style=\"width: 25%; height: 24px;\">Peso total<\/td>\n<td style=\"width: 28.3576%; height: 24px;\">260<\/td>\n<td style=\"width: 21.6424%; height: 24px;\">g\/m\u00b2<\/td>\n<td style=\"width: 25%; height: 24px;\"><\/td>\n<\/tr>\n<tr style=\"height: 24px;\">\n<td style=\"width: 25%; height: 24px;\">Pel\u00edcula<\/td>\n<td style=\"width: 28.3576%; height: 24px;\">PVC<\/td>\n<td style=\"width: 21.6424%; height: 24px;\">Fd\/inch<\/td>\n<td style=\"width: 25%; height: 24px;\"><\/td>\n<\/tr>\n<tr style=\"height: 24px;\">\n<td style=\"width: 25%; height: 24px;\">Estructura b\u00e1sica (Polyester)<\/td>\n<td style=\"width: 28.3576%; height: 24px;\">1000x1000<\/td>\n<td style=\"width: 21.6424%; height: 24px;\">Denier<\/td>\n<td style=\"width: 25%; height: 24px;\">DIN60001<\/td>\n<\/tr>\n<tr style=\"height: 24px;\">\n<td style=\"width: 25%; height: 24px;\"><\/td>\n<td style=\"width: 28.3576%; height: 24px;\">12x12<\/td>\n<td style=\"width: 21.6424%; height: 24px;\">threads\/Inch\u00b2<\/td>\n<td style=\"width: 25%; height: 24px;\"><\/td>\n<\/tr>\n<tr style=\"height: 24px;\">\n<td style=\"width: 25%; height: 24px;\">Liner (si tiene)<\/td>\n<td style=\"width: 28.3576%; height: 24px;\">90<\/td>\n<td style=\"width: 21.6424%; height: 24px;\">g\/m\u00b2<\/td>\n<td style=\"width: 25%; height: 24px;\"><\/td>\n<\/tr>\n<tr style=\"height: 24px;\">\n<td style=\"width: 25%; height: 24px;\">Resistencia al desgarre<\/td>\n<td style=\"width: 28.3576%; height: 24px;\">L1300<\/td>\n<td style=\"width: 21.6424%; height: 24px;\">N\/5cm<\/td>\n<td style=\"width: 25%; height: 24px;\">DIN53354<\/td>\n<\/tr>\n<tr style=\"height: 24px;\">\n<td style=\"width: 25%; height: 24px;\"><\/td>\n<td style=\"width: 28.3576%; height: 24px;\">W1300<\/td>\n<td style=\"width: 21.6424%; height: 24px;\">N\/5cm<\/td>\n<td style=\"width: 25%; height: 24px;\"><\/td>\n<\/tr>\n<tr style=\"height: 24px;\">\n<td style=\"width: 25%; height: 24px;\">Fuerza de desgarre<\/td>\n<td style=\"width: 28.3576%; height: 24px;\">L300<\/td>\n<td style=\"width: 21.6424%; height: 24px;\">N\/5cm<\/td>\n<td style=\"width: 25%; height: 24px;\">DIN53363<\/td>\n<\/tr>\n<tr style=\"height: 24px;\">\n<td style=\"width: 25%; height: 24px;\"><\/td>\n<td style=\"width: 28.3576%; height: 24px;\">W350<\/td>\n<td style=\"width: 21.6424%; height: 24px;\">N\/5cm<\/td>\n<td style=\"width: 25%; height: 24px;\"><\/td>\n<\/tr>\n<tr style=\"height: 24px;\">\n<td style=\"width: 25%; height: 24px;\">Resistencia a la temperatura<\/td>\n<td style=\"width: 28.3576%; height: 24px;\">-30 - +70<\/td>\n<td style=\"width: 21.6424%; height: 24px;\">degree<\/td>\n<td style=\"width: 25%; height: 24px;\">DIN53372<\/td>\n<\/tr>\n<tr>\n<td style=\"width: 25%;\">Anchura<\/td>\n<td style=\"width: 28.3576%;\">1.37\u2013 3.20<\/td>\n<td style=\"width: 21.6424%;\">metros<\/td>\n<td style=\"width: 25%;\"><\/td>\n<\/tr>\n<tr>\n<td style=\"width: 25%;\">Aplicaciones<\/td>\n<td style=\"width: 28.3576%;\">Impresi\u00f3n digital, serigraf\u00eda cubierta edificio y Cartel.<\/td>\n<td style=\"width: 21.6424%;\"><\/td>\n<td style=\"width: 25%;\"><\/td>\n<\/tr>\n<\/tbody>\n<\/table>\n<\/div>\n<\/div><\/div><\/div><\/div><\/div><\/div><div id=\"pg-1380-1\"  class=\"panel-grid panel-has-style\" ><div style=\"padding: 100px 0; \" data-overlay=\"true\" data-overlay-color=\"#000000\" class=\"panel-row-style panel-row-style-for-1380-1\" ><div id=\"pgc-1380-1-0\"  class=\"panel-grid-cell\" ><div id=\"panel-1380-1-0-0\" class=\"so-panel widget widget_sow-button panel-first-child panel-last-child\" data-index=\"1\" ><div style=\"text-align: left;\" data-title-color=\"#443f3f\" data-headings-color=\"#443f3f\" class=\"panel-widget-style panel-widget-style-for-1380-1-0-0\" ><div class=\"so-widget-sow-button so-widget-sow-button-atom-ca86ee54deb6-1380\"><div class=\"ow-button-base ow-button-align-center\">\n\t<a href=\"http:\/\/faunadigital.com.mx\/wp-content\/uploads\/2018\/08\/lonamesh.jpg\" class=\"ow-icon-placement-left ow-button-hover\" target=\"_blank\" rel=\"noopener noreferrer\" \t\t>\n\t\t<span>\n\t\t\t\n\t\t\tFICHA T\u00c9CNICA\t\t<\/span>\n\t<\/a>\n<\/div>\n<\/div><\/div><\/div><\/div><\/div><\/div><\/div>","protected":false},"excerpt":{"rendered":"<p>Caracter\u00edsticas Lona de alta resistencia de 1000x1000D, 12&#215;12 hilos\/in2, con muy buenas propiedades de resistencia al rasgado. Usos Publicidad que permite la visibilidad, as\u00ed como, la entrada de luz en el \u00e1rea en donde es colocada, en murales en pared, letreros y cubiertas para edificaciones y estructuras. Presentaci\u00f3n Rollos de 2.04, 2.50 y 3.20 por [&hellip;]<\/p>\n","protected":false},"author":1,"featured_media":0,"parent":0,"menu_order":0,"comment_status":"closed","ping_status":"closed","template":"page-templates\/page_front-page.php","meta":[],"_links":{"self":[{"href":"http:\/\/faunadigital.com.mx\/index.php?rest_route=\/wp\/v2\/pages\/1380"}],"collection":[{"href":"http:\/\/faunadigital.com.mx\/index.php?rest_route=\/wp\/v2\/pages"}],"about":[{"href":"http:\/\/faunadigital.com.mx\/index.php?rest_route=\/wp\/v2\/types\/page"}],"author":[{"embeddable":true,"href":"http:\/\/faunadigital.com.mx\/index.php?rest_route=\/wp\/v2\/users\/1"}],"replies":[{"embeddable":true,"href":"http:\/\/faunadigital.com.mx\/index.php?rest_route=%2Fwp%2Fv2%2Fcomments&post=1380"}],"version-history":[{"count":20,"href":"http:\/\/faunadigital.com.mx\/index.php?rest_route=\/wp\/v2\/pages\/1380\/revisions"}],"predecessor-version":[{"id":3185,"href":"http:\/\/faunadigital.com.mx\/index.php?rest_route=\/wp\/v2\/pages\/1380\/revisions\/3185"}],"wp:attachment":[{"href":"http:\/\/faunadigital.com.mx\/index.php?rest_route=%2Fwp%2Fv2%2Fmedia&parent=1380"}],"curies":[{"name":"wp","href":"https:\/\/api.w.org\/{rel}","templated":true}]}}