{"id":1520,"date":"2018-10-05T15:17:20","date_gmt":"2018-10-05T15:17:20","guid":{"rendered":"http:\/\/faunadigital.com.mx\/?page_id=1520"},"modified":"2018-11-06T17:30:51","modified_gmt":"2018-11-06T17:30:51","slug":"recoleccion","status":"publish","type":"page","link":"http:\/\/faunadigital.com.mx\/?page_id=1520","title":{"rendered":"RECOLECCI\u00d3N"},"content":{"rendered":"<p><img loading=\"lazy\" class=\"alignnone size-full wp-image-2228\" src=\"http:\/\/faunadigital.com.mx\/wp-content\/uploads\/2018\/11\/anunciorecoleccion.png\" alt=\"\" width=\"1847\" height=\"1037\" srcset=\"http:\/\/faunadigital.com.mx\/wp-content\/uploads\/2018\/11\/anunciorecoleccion.png 1847w, http:\/\/faunadigital.com.mx\/wp-content\/uploads\/2018\/11\/anunciorecoleccion-300x168.png 300w, http:\/\/faunadigital.com.mx\/wp-content\/uploads\/2018\/11\/anunciorecoleccion-768x431.png 768w, http:\/\/faunadigital.com.mx\/wp-content\/uploads\/2018\/11\/anunciorecoleccion-1024x575.png 1024w, http:\/\/faunadigital.com.mx\/wp-content\/uploads\/2018\/11\/anunciorecoleccion-830x466.png 830w, http:\/\/faunadigital.com.mx\/wp-content\/uploads\/2018\/11\/anunciorecoleccion-230x129.png 230w, http:\/\/faunadigital.com.mx\/wp-content\/uploads\/2018\/11\/anunciorecoleccion-350x197.png 350w, http:\/\/faunadigital.com.mx\/wp-content\/uploads\/2018\/11\/anunciorecoleccion-480x269.png 480w\" sizes=\"(max-width: 1847px) 100vw, 1847px\" \/><\/p>\n<p><span lang=\"ES-TRAD\" xml:lang=\"ES-TRAD\">Ahora en Fauna cerramos el circulo, somos la \u00fanica empresa que &#8221; vende tinta y recolecta el desperdicio &#8220;, brindamos asesor\u00eda y gestionamos la recolecci\u00f3n de sus residuos, con esto ofrecemos un servicio integral.<\/span><\/p>\n<p>&nbsp;<\/p>\n<ul>\n<li>Recolecci\u00f3n de sus tintas en sus instalaciones<\/li>\n<li>Entrega de manifiesto que apara su disposici\u00f3n adecuada<\/li>\n<li>Transporte y manejo profesional<\/li>\n<li>Selecci\u00f3n e identificaci\u00f3n del material<\/li>\n<li>Confinamiento de residuos qu\u00edmicos<\/li>\n<li>Garantizamos una disposici\u00f3n final adecuada; sin generar ning\u00fan problema a futuro<\/li>\n<\/ul>\n<p><span lang=\"ES-TRAD\" xml:lang=\"ES-TRAD\">\u00a0<\/span><\/p>\n<p><span lang=\"ES-TRAD\" xml:lang=\"ES-TRAD\">Contamos con transporte autorizado; el cual permite ir a su empresa para retirar sus residuos de tintas. Teniendo la seguridad de que sus residuos ser\u00e1n transportados y manejados adecuadamente. Entregando un manifiesto; ya que todo residuo peligroso debe de contar con esta documentaci\u00f3n el cual ampara a su empresa de que dispone sus residuos adecuadamente.<\/span><\/p>\n<p><span lang=\"ES-TRAD\" xml:lang=\"ES-TRAD\">Los residuos son enviados a confinamiento especializado o a destrucci\u00f3n seg\u00fan sus caracter\u00edsticas garantizando que su material se dispuso de forma adecuada.\u00a0<\/span><\/p>\n","protected":false},"excerpt":{"rendered":"<p>Ahora en Fauna cerramos el circulo, somos la \u00fanica empresa que &#8221; vende tinta y recolecta el desperdicio &#8220;, brindamos asesor\u00eda y gestionamos la recolecci\u00f3n de sus residuos, con esto ofrecemos un servicio integral. &nbsp; Recolecci\u00f3n de sus tintas en sus instalaciones Entrega de manifiesto que apara su disposici\u00f3n adecuada Transporte y manejo profesional Selecci\u00f3n [&hellip;]<\/p>\n","protected":false},"author":1,"featured_media":0,"parent":0,"menu_order":0,"comment_status":"closed","ping_status":"closed","template":"page-templates\/page_front-page.php","meta":[],"_links":{"self":[{"href":"http:\/\/faunadigital.com.mx\/index.php?rest_route=\/wp\/v2\/pages\/1520"}],"collection":[{"href":"http:\/\/faunadigital.com.mx\/index.php?rest_route=\/wp\/v2\/pages"}],"about":[{"href":"http:\/\/faunadigital.com.mx\/index.php?rest_route=\/wp\/v2\/types\/page"}],"author":[{"embeddable":true,"href":"http:\/\/faunadigital.com.mx\/index.php?rest_route=\/wp\/v2\/users\/1"}],"replies":[{"embeddable":true,"href":"http:\/\/faunadigital.com.mx\/index.php?rest_route=%2Fwp%2Fv2%2Fcomments&post=1520"}],"version-history":[{"count":8,"href":"http:\/\/faunadigital.com.mx\/index.php?rest_route=\/wp\/v2\/pages\/1520\/revisions"}],"predecessor-version":[{"id":2229,"href":"http:\/\/faunadigital.com.mx\/index.php?rest_route=\/wp\/v2\/pages\/1520\/revisions\/2229"}],"wp:attachment":[{"href":"http:\/\/faunadigital.com.mx\/index.php?rest_route=%2Fwp%2Fv2%2Fmedia&parent=1520"}],"curies":[{"name":"wp","href":"https:\/\/api.w.org\/{rel}","templated":true}]}}