{"id":1741,"date":"2018-10-19T18:48:32","date_gmt":"2018-10-19T18:48:32","guid":{"rendered":"http:\/\/faunadigital.com.mx\/?page_id=1741"},"modified":"2018-10-24T15:45:37","modified_gmt":"2018-10-24T15:45:37","slug":"vinil-premium-brillante-2","status":"publish","type":"page","link":"http:\/\/faunadigital.com.mx\/?page_id=1741","title":{"rendered":"VINIL TRANSPARENTE"},"content":{"rendered":"<div id=\"pl-1741\"  class=\"panel-layout\" ><div id=\"pg-1741-0\"  class=\"panel-grid panel-has-style\" ><div style=\"padding: 100px 0; \" data-overlay=\"true\" class=\"panel-row-style panel-row-style-for-1741-0\" ><div id=\"pgc-1741-0-0\"  class=\"panel-grid-cell\" ><div id=\"panel-1741-0-0-0\" class=\"so-panel widget widget_sow-editor panel-first-child panel-last-child\" data-index=\"0\" ><div style=\"text-align: left;\" data-title-color=\"#443f3f\" data-headings-color=\"#443f3f\" class=\"panel-widget-style panel-widget-style-for-1741-0-0-0\" ><div class=\"so-widget-sow-editor so-widget-sow-editor-base\">\n<div class=\"siteorigin-widget-tinymce textwidget\">\n\t<h3><span style=\"color: #99cc00;\">Caracteristicas<\/span><\/h3>\n<p>\u2022 Suave superficie, especialmente para impresoras solventes, ecosolventes, UV y Latex.<br \/>\n\u2022 Excelente capacidad de impresi\u00f3n, conversi\u00f3n y caracter\u00edsticas de aplicaci\u00f3n<br \/>\n\u2022 Excelente adhesi\u00f3n a una amplia variedad de sustratos<\/p>\n<h3><span style=\"color: #99cc00;\">Descripci\u00f3n<\/span><\/h3>\n<p>Film: 120 micrones brillante monom\u00e9rico Transparente, satinada pel\u00edcula de PVC<br \/>\nAdhesivo: acr\u00edlico solvente<br \/>\nPapel: Un lado del PE y de silicio recubierto de papel de pulpa de madera, 120gsm<br \/>\nAncho: 1.27 mts<br \/>\nLongitud: 50 mts<br \/>\nVida \u00fatil: Hasta 1 a\u00f1o a 20 \u00b0 C y una humedad relativa de 50%<br \/>\nDurabilidad al exterior: hasta 2 a\u00f1os<\/p>\n<h3><span style=\"color: #99cc00;\">Aplicaciones:<\/span><\/h3>\n<p>Solvente, ecosolvente, UV, de inyecci\u00f3n de tinta l\u00e1tex<\/p>\n<h3><span style=\"color: #99cc00;\">Las aplicaciones m\u00e1s comunes<\/span><\/h3>\n<p>\u2022 Rotulacion<br \/>\n\u2022 POP<br \/>\n\u2022 Aplicaci\u00f3n en muros, vidrios, etc.<\/p>\n<\/div>\n<\/div><\/div><\/div><\/div><\/div><\/div><div id=\"pg-1741-1\"  class=\"panel-grid panel-has-style\" ><div style=\"padding: 100px 0; \" data-overlay=\"true\" data-overlay-color=\"#000000\" class=\"panel-row-style panel-row-style-for-1741-1\" ><div id=\"pgc-1741-1-0\"  class=\"panel-grid-cell\" ><div id=\"panel-1741-1-0-0\" class=\"so-panel widget widget_sow-button panel-first-child panel-last-child\" data-index=\"1\" ><div style=\"text-align: left;\" data-title-color=\"#443f3f\" data-headings-color=\"#443f3f\" class=\"panel-widget-style panel-widget-style-for-1741-1-0-0\" ><div class=\"so-widget-sow-button so-widget-sow-button-atom-ca86ee54deb6-1741\"><div class=\"ow-button-base ow-button-align-center\">\n\t<a href=\"http:\/\/faunadigital.com.mx\/wp-content\/uploads\/2018\/10\/viniltransparente.jpg\" class=\"ow-icon-placement-left ow-button-hover\" target=\"_blank\" rel=\"noopener noreferrer\" \t\t>\n\t\t<span>\n\t\t\t\n\t\t\tFICHA TECNICA\t\t<\/span>\n\t<\/a>\n<\/div>\n<\/div><\/div><\/div><\/div><\/div><\/div><\/div>","protected":false},"excerpt":{"rendered":"<p>Caracteristicas \u2022 Suave superficie, especialmente para impresoras solventes, ecosolventes, UV y Latex. \u2022 Excelente capacidad de impresi\u00f3n, conversi\u00f3n y caracter\u00edsticas de aplicaci\u00f3n \u2022 Excelente adhesi\u00f3n a una amplia variedad de sustratos Descripci\u00f3n Film: 120 micrones brillante monom\u00e9rico Transparente, satinada pel\u00edcula de PVC Adhesivo: acr\u00edlico solvente Papel: Un lado del PE y de silicio recubierto de [&hellip;]<\/p>\n","protected":false},"author":1,"featured_media":0,"parent":0,"menu_order":0,"comment_status":"closed","ping_status":"closed","template":"page-templates\/page_front-page.php","meta":[],"_links":{"self":[{"href":"http:\/\/faunadigital.com.mx\/index.php?rest_route=\/wp\/v2\/pages\/1741"}],"collection":[{"href":"http:\/\/faunadigital.com.mx\/index.php?rest_route=\/wp\/v2\/pages"}],"about":[{"href":"http:\/\/faunadigital.com.mx\/index.php?rest_route=\/wp\/v2\/types\/page"}],"author":[{"embeddable":true,"href":"http:\/\/faunadigital.com.mx\/index.php?rest_route=\/wp\/v2\/users\/1"}],"replies":[{"embeddable":true,"href":"http:\/\/faunadigital.com.mx\/index.php?rest_route=%2Fwp%2Fv2%2Fcomments&post=1741"}],"version-history":[{"count":11,"href":"http:\/\/faunadigital.com.mx\/index.php?rest_route=\/wp\/v2\/pages\/1741\/revisions"}],"predecessor-version":[{"id":1935,"href":"http:\/\/faunadigital.com.mx\/index.php?rest_route=\/wp\/v2\/pages\/1741\/revisions\/1935"}],"wp:attachment":[{"href":"http:\/\/faunadigital.com.mx\/index.php?rest_route=%2Fwp%2Fv2%2Fmedia&parent=1741"}],"curies":[{"name":"wp","href":"https:\/\/api.w.org\/{rel}","templated":true}]}}