{"id":1784,"date":"2018-10-22T19:07:13","date_gmt":"2018-10-22T19:07:13","guid":{"rendered":"http:\/\/faunadigital.com.mx\/?page_id=1784"},"modified":"2018-11-01T01:36:28","modified_gmt":"2018-11-01T01:36:28","slug":"vinil-premium-brillante-2-2-2","status":"publish","type":"page","link":"http:\/\/faunadigital.com.mx\/?page_id=1784","title":{"rendered":"VINIL TRANSPARENTE EST\u00c1TICO"},"content":{"rendered":"<div id=\"pl-1784\"  class=\"panel-layout\" ><div id=\"pg-1784-0\"  class=\"panel-grid panel-has-style\" ><div style=\"padding: 100px 0; \" data-overlay=\"true\" class=\"panel-row-style panel-row-style-for-1784-0\" ><div id=\"pgc-1784-0-0\"  class=\"panel-grid-cell\" ><div id=\"panel-1784-0-0-0\" class=\"so-panel widget widget_sow-editor panel-first-child panel-last-child\" data-index=\"0\" ><div style=\"text-align: left;\" data-title-color=\"#443f3f\" data-headings-color=\"#443f3f\" class=\"panel-widget-style panel-widget-style-for-1784-0-0-0\" ><div class=\"so-widget-sow-editor so-widget-sow-editor-base\">\n<div class=\"siteorigin-widget-tinymce textwidget\">\n\t<h3><span style=\"color: #99cc00;\">Descripci\u00f3n<\/span><\/h3>\n<p>Film: 0.175+\/- 0.01 mm.120 monom\u00e9rico Transparente, satinada pel\u00edcula de PVC.<br \/>\nAdhesivo: acr\u00edlico solvente.<br \/>\nAncho: 1.27 mts.<br \/>\nLongitud: 50 mts.<br \/>\nVida \u00fatil: Hasta 1 a\u00f1o a 20 \u00b0 C y una humedad relativa de 50%.<\/p>\n<h3><span style=\"color: #99cc00;\">Las aplicaciones m\u00e1s comunes<\/span><\/h3>\n<p>\u2022 Rotulaci\u00f3n.<br \/>\n\u2022 POP.<br \/>\n\u2022 Aplicaci\u00f3n en vidrios.<br \/>\n\u2022\u00a0Decoraci\u00f3n de interiores.<br \/>\n\u2022\u00a0Gr\u00e1ficos para veh\u00edculos.<\/p>\n<\/div>\n<\/div><\/div><\/div><\/div><\/div><\/div><div id=\"pg-1784-1\"  class=\"panel-grid panel-has-style\" ><div style=\"padding: 100px 0; \" data-overlay=\"true\" data-overlay-color=\"#000000\" class=\"panel-row-style panel-row-style-for-1784-1\" ><div id=\"pgc-1784-1-0\"  class=\"panel-grid-cell\" ><div id=\"panel-1784-1-0-0\" class=\"so-panel widget widget_sow-button panel-first-child panel-last-child\" data-index=\"1\" ><div style=\"text-align: left;\" data-title-color=\"#443f3f\" data-headings-color=\"#443f3f\" class=\"panel-widget-style panel-widget-style-for-1784-1-0-0\" ><div class=\"so-widget-sow-button so-widget-sow-button-atom-ca86ee54deb6-1784\"><div class=\"ow-button-base ow-button-align-center\">\n\t<a href=\"http:\/\/faunadigital.com.mx\/wp-content\/uploads\/2018\/10\/vinilestaticotransparente.jpg\" class=\"ow-icon-placement-left ow-button-hover\" target=\"_blank\" rel=\"noopener noreferrer\" \t\t>\n\t\t<span>\n\t\t\t\n\t\t\tFICHA TECNICA\t\t<\/span>\n\t<\/a>\n<\/div>\n<\/div><\/div><\/div><\/div><\/div><\/div><\/div>","protected":false},"excerpt":{"rendered":"<p>Descripci\u00f3n Film: 0.175+\/- 0.01 mm.120 monom\u00e9rico Transparente, satinada pel\u00edcula de PVC. Adhesivo: acr\u00edlico solvente. Ancho: 1.27 mts. Longitud: 50 mts. Vida \u00fatil: Hasta 1 a\u00f1o a 20 \u00b0 C y una humedad relativa de 50%. Las aplicaciones m\u00e1s comunes \u2022 Rotulaci\u00f3n. \u2022 POP. \u2022 Aplicaci\u00f3n en vidrios. \u2022\u00a0Decoraci\u00f3n de interiores. \u2022\u00a0Gr\u00e1ficos para veh\u00edculos.<\/p>\n","protected":false},"author":1,"featured_media":0,"parent":0,"menu_order":0,"comment_status":"closed","ping_status":"closed","template":"page-templates\/page_front-page.php","meta":[],"_links":{"self":[{"href":"http:\/\/faunadigital.com.mx\/index.php?rest_route=\/wp\/v2\/pages\/1784"}],"collection":[{"href":"http:\/\/faunadigital.com.mx\/index.php?rest_route=\/wp\/v2\/pages"}],"about":[{"href":"http:\/\/faunadigital.com.mx\/index.php?rest_route=\/wp\/v2\/types\/page"}],"author":[{"embeddable":true,"href":"http:\/\/faunadigital.com.mx\/index.php?rest_route=\/wp\/v2\/users\/1"}],"replies":[{"embeddable":true,"href":"http:\/\/faunadigital.com.mx\/index.php?rest_route=%2Fwp%2Fv2%2Fcomments&post=1784"}],"version-history":[{"count":24,"href":"http:\/\/faunadigital.com.mx\/index.php?rest_route=\/wp\/v2\/pages\/1784\/revisions"}],"predecessor-version":[{"id":2178,"href":"http:\/\/faunadigital.com.mx\/index.php?rest_route=\/wp\/v2\/pages\/1784\/revisions\/2178"}],"wp:attachment":[{"href":"http:\/\/faunadigital.com.mx\/index.php?rest_route=%2Fwp%2Fv2%2Fmedia&parent=1784"}],"curies":[{"name":"wp","href":"https:\/\/api.w.org\/{rel}","templated":true}]}}