{"id":1789,"date":"2018-10-23T15:11:39","date_gmt":"2018-10-23T15:11:39","guid":{"rendered":"http:\/\/faunadigital.com.mx\/?page_id=1789"},"modified":"2018-10-23T15:31:14","modified_gmt":"2018-10-23T15:31:14","slug":"vinil-premium-brillante-2-3","status":"publish","type":"page","link":"http:\/\/faunadigital.com.mx\/?page_id=1789","title":{"rendered":"PELICULA BACKLITE"},"content":{"rendered":"<div id=\"pl-1789\"  class=\"panel-layout\" ><div id=\"pg-1789-0\"  class=\"panel-grid panel-has-style\" ><div style=\"padding: 100px 0; \" data-overlay=\"true\" class=\"panel-row-style panel-row-style-for-1789-0\" ><div id=\"pgc-1789-0-0\"  class=\"panel-grid-cell\" ><div id=\"panel-1789-0-0-0\" class=\"so-panel widget widget_sow-editor panel-first-child panel-last-child\" data-index=\"0\" ><div style=\"text-align: left;\" data-title-color=\"#443f3f\" data-headings-color=\"#443f3f\" class=\"panel-widget-style panel-widget-style-for-1789-0-0-0\" ><div class=\"so-widget-sow-editor so-widget-sow-editor-base\">\n<div class=\"siteorigin-widget-tinymce textwidget\">\n\t<h3><span style=\"color: #99cc00;\">Descripci\u00f3n:<\/span><\/h3>\n<p>Pel\u00edcula base poli\u00e9ster 150 micron de espesor, material retroiluminado, un lado recubierto como\u00a0recept\u00e1culo para tintas solventes qu\u00edmicas.<br \/>\nPel\u00edcula de poli\u00e9ster es excelente por su resistencia al calor y estabilidad.<\/p>\n<h3><span style=\"color: #99cc00;\">Aplicaciones:<\/span><\/h3>\n<p>Nosotros abastecemos en medidas m\u00e1ximas de 2220mm de ancho, gr\u00e1ficos\u00a0retroiluminados para interiores y exteriores.<br \/>\nMedios retroiluminados para cajas de luz sin laminado.<br \/>\nGr\u00e1ficos y se\u00f1alamientos para interiores y exteriores.<\/p>\n<h3><span style=\"color: #99cc00;\">Impresoras:<\/span><\/h3>\n<p>Solvente, ecosolvente, UV, de inyecci\u00f3n de tinta l\u00e1tex.<\/p>\n<\/div>\n<\/div><\/div><\/div><\/div><\/div><\/div><div id=\"pg-1789-1\"  class=\"panel-grid panel-has-style\" ><div style=\"padding: 100px 0; \" data-overlay=\"true\" data-overlay-color=\"#000000\" class=\"panel-row-style panel-row-style-for-1789-1\" ><div id=\"pgc-1789-1-0\"  class=\"panel-grid-cell\" ><div id=\"panel-1789-1-0-0\" class=\"so-panel widget widget_sow-button panel-first-child panel-last-child\" data-index=\"1\" ><div style=\"text-align: left;\" data-title-color=\"#443f3f\" data-headings-color=\"#443f3f\" class=\"panel-widget-style panel-widget-style-for-1789-1-0-0\" ><div class=\"so-widget-sow-button so-widget-sow-button-atom-ca86ee54deb6-1789\"><div class=\"ow-button-base ow-button-align-center\">\n\t<a href=\"http:\/\/faunadigital.com.mx\/wp-content\/uploads\/2018\/10\/peliculabacklit.jpg\" class=\"ow-icon-placement-left ow-button-hover\" \t\t>\n\t\t<span>\n\t\t\t\n\t\t\tFICHA TECNICA\t\t<\/span>\n\t<\/a>\n<\/div>\n<\/div><\/div><\/div><\/div><\/div><\/div><\/div>","protected":false},"excerpt":{"rendered":"<p>Descripci\u00f3n: Pel\u00edcula base poli\u00e9ster 150 micron de espesor, material retroiluminado, un lado recubierto como\u00a0recept\u00e1culo para tintas solventes qu\u00edmicas. Pel\u00edcula de poli\u00e9ster es excelente por su resistencia al calor y estabilidad. Aplicaciones: Nosotros abastecemos en medidas m\u00e1ximas de 2220mm de ancho, gr\u00e1ficos\u00a0retroiluminados para interiores y exteriores. Medios retroiluminados para cajas de luz sin laminado. Gr\u00e1ficos y [&hellip;]<\/p>\n","protected":false},"author":1,"featured_media":0,"parent":0,"menu_order":0,"comment_status":"closed","ping_status":"closed","template":"page-templates\/page_front-page.php","meta":[],"_links":{"self":[{"href":"http:\/\/faunadigital.com.mx\/index.php?rest_route=\/wp\/v2\/pages\/1789"}],"collection":[{"href":"http:\/\/faunadigital.com.mx\/index.php?rest_route=\/wp\/v2\/pages"}],"about":[{"href":"http:\/\/faunadigital.com.mx\/index.php?rest_route=\/wp\/v2\/types\/page"}],"author":[{"embeddable":true,"href":"http:\/\/faunadigital.com.mx\/index.php?rest_route=\/wp\/v2\/users\/1"}],"replies":[{"embeddable":true,"href":"http:\/\/faunadigital.com.mx\/index.php?rest_route=%2Fwp%2Fv2%2Fcomments&post=1789"}],"version-history":[{"count":6,"href":"http:\/\/faunadigital.com.mx\/index.php?rest_route=\/wp\/v2\/pages\/1789\/revisions"}],"predecessor-version":[{"id":1796,"href":"http:\/\/faunadigital.com.mx\/index.php?rest_route=\/wp\/v2\/pages\/1789\/revisions\/1796"}],"wp:attachment":[{"href":"http:\/\/faunadigital.com.mx\/index.php?rest_route=%2Fwp%2Fv2%2Fmedia&parent=1789"}],"curies":[{"name":"wp","href":"https:\/\/api.w.org\/{rel}","templated":true}]}}