{"id":1826,"date":"2018-10-23T19:26:34","date_gmt":"2018-10-23T19:26:34","guid":{"rendered":"http:\/\/faunadigital.com.mx\/?page_id=1826"},"modified":"2018-10-24T15:21:44","modified_gmt":"2018-10-24T15:21:44","slug":"vinil-premium-brillante-2-3-2-2","status":"publish","type":"page","link":"http:\/\/faunadigital.com.mx\/?page_id=1826","title":{"rendered":"PELICULA BOARD BLANCO"},"content":{"rendered":"<div id=\"pl-1826\"  class=\"panel-layout\" ><div id=\"pg-1826-0\"  class=\"panel-grid panel-has-style\" ><div style=\"padding: 100px 0; \" data-overlay=\"true\" class=\"panel-row-style panel-row-style-for-1826-0\" ><div id=\"pgc-1826-0-0\"  class=\"panel-grid-cell\" ><div id=\"panel-1826-0-0-0\" class=\"so-panel widget widget_sow-editor panel-first-child panel-last-child\" data-index=\"0\" ><div style=\"text-align: left;\" data-title-color=\"#443f3f\" data-headings-color=\"#443f3f\" class=\"panel-widget-style panel-widget-style-for-1826-0-0-0\" ><div class=\"so-widget-sow-editor so-widget-sow-editor-base\">\n<div class=\"siteorigin-widget-tinymce textwidget\">\n\t<h3><span style=\"color: #99cc00;\">Descripci\u00f3n:<\/span><\/h3>\n<p>Pel\u00edcula PET blanca recubierta.<br \/>\nGrosor de 0.05\u00b10.002mm.<br \/>\nPeso de\u00a070g\/m2<br \/>\nAdhesivo transparente base solvente sensible a la presi\u00f3n.<br \/>\nLiner de pel\u00edcula pl\u00e1stica<\/p>\n<h3><span style=\"color: #99cc00;\">Aplicaciones:<\/span><\/h3>\n<p>Sobrelaminaci\u00f3n de materiales.<br \/>\nPizarra blanca borrable.<br \/>\nEscolares, oficinas, salas de juntas, etc.<\/p>\n<\/div>\n<\/div><\/div><\/div><\/div><\/div><\/div><div id=\"pg-1826-1\"  class=\"panel-grid panel-has-style\" ><div style=\"padding: 100px 0; \" data-overlay=\"true\" data-overlay-color=\"#000000\" class=\"panel-row-style panel-row-style-for-1826-1\" ><div id=\"pgc-1826-1-0\"  class=\"panel-grid-cell\" ><div id=\"panel-1826-1-0-0\" class=\"so-panel widget widget_sow-button panel-first-child panel-last-child\" data-index=\"1\" ><div style=\"text-align: left;\" data-title-color=\"#443f3f\" data-headings-color=\"#443f3f\" class=\"panel-widget-style panel-widget-style-for-1826-1-0-0\" ><div class=\"so-widget-sow-button so-widget-sow-button-atom-ca86ee54deb6-1826\"><div class=\"ow-button-base ow-button-align-center\">\n\t<a href=\"http:\/\/faunadigital.com.mx\/wp-content\/uploads\/2018\/10\/peliculaboardfilmblanca.jpg\" class=\"ow-icon-placement-left ow-button-hover\" target=\"_blank\" rel=\"noopener noreferrer\" \t\t>\n\t\t<span>\n\t\t\t\n\t\t\tFICHA TECNICA\t\t<\/span>\n\t<\/a>\n<\/div>\n<\/div><\/div><\/div><\/div><\/div><\/div><\/div>","protected":false},"excerpt":{"rendered":"<p>Descripci\u00f3n: Pel\u00edcula PET blanca recubierta. Grosor de 0.05\u00b10.002mm. Peso de\u00a070g\/m2 Adhesivo transparente base solvente sensible a la presi\u00f3n. Liner de pel\u00edcula pl\u00e1stica Aplicaciones: Sobrelaminaci\u00f3n de materiales. Pizarra blanca borrable. Escolares, oficinas, salas de juntas, etc.<\/p>\n","protected":false},"author":1,"featured_media":0,"parent":0,"menu_order":0,"comment_status":"closed","ping_status":"closed","template":"page-templates\/page_front-page.php","meta":[],"_links":{"self":[{"href":"http:\/\/faunadigital.com.mx\/index.php?rest_route=\/wp\/v2\/pages\/1826"}],"collection":[{"href":"http:\/\/faunadigital.com.mx\/index.php?rest_route=\/wp\/v2\/pages"}],"about":[{"href":"http:\/\/faunadigital.com.mx\/index.php?rest_route=\/wp\/v2\/types\/page"}],"author":[{"embeddable":true,"href":"http:\/\/faunadigital.com.mx\/index.php?rest_route=\/wp\/v2\/users\/1"}],"replies":[{"embeddable":true,"href":"http:\/\/faunadigital.com.mx\/index.php?rest_route=%2Fwp%2Fv2%2Fcomments&post=1826"}],"version-history":[{"count":16,"href":"http:\/\/faunadigital.com.mx\/index.php?rest_route=\/wp\/v2\/pages\/1826\/revisions"}],"predecessor-version":[{"id":1895,"href":"http:\/\/faunadigital.com.mx\/index.php?rest_route=\/wp\/v2\/pages\/1826\/revisions\/1895"}],"wp:attachment":[{"href":"http:\/\/faunadigital.com.mx\/index.php?rest_route=%2Fwp%2Fv2%2Fmedia&parent=1826"}],"curies":[{"name":"wp","href":"https:\/\/api.w.org\/{rel}","templated":true}]}}