{"id":1854,"date":"2018-10-24T14:58:10","date_gmt":"2018-10-24T14:58:10","guid":{"rendered":"http:\/\/faunadigital.com.mx\/?page_id=1854"},"modified":"2018-10-24T15:20:45","modified_gmt":"2018-10-24T15:20:45","slug":"vinil-premium-brillante-2-3-3","status":"publish","type":"page","link":"http:\/\/faunadigital.com.mx\/?page_id=1854","title":{"rendered":"PAPEL CITYLIGHT"},"content":{"rendered":"<div id=\"pl-1854\"  class=\"panel-layout\" ><div id=\"pg-1854-0\"  class=\"panel-grid panel-has-style\" ><div style=\"padding: 100px 0; \" data-overlay=\"true\" class=\"panel-row-style panel-row-style-for-1854-0\" ><div id=\"pgc-1854-0-0\"  class=\"panel-grid-cell\" ><div id=\"panel-1854-0-0-0\" class=\"so-panel widget widget_sow-editor panel-first-child panel-last-child\" data-index=\"0\" ><div style=\"text-align: left;\" data-title-color=\"#443f3f\" data-headings-color=\"#443f3f\" class=\"panel-widget-style panel-widget-style-for-1854-0-0-0\" ><div class=\"so-widget-sow-editor so-widget-sow-editor-base\">\n<div class=\"siteorigin-widget-tinymce textwidget\">\n\t<h3><span style=\"color: #99cc00;\">Descripci\u00f3n:<\/span><\/h3>\n<p>El Papel Citylight imprimible en base solvente, UV y l\u00e1tex, es un material blanco traslucido de la m\u00e1s alta calidad, econ\u00f3mico, vers\u00e1til, ligero, permite gran saturaci\u00f3n de tinta, dise\u00f1ado para utilizarse sobre superficies planas sobre todo en cajas de luz y cuenta con la gran ventaja de poder ser impreso en cualquiera de las dos caras.<\/p>\n<ul>\n<li>Espesor: 7.09 mil<\/li>\n<li>Acabado: mate<\/li>\n<li>Peso: 150 gr\/m2<\/li>\n<li>Ancho: 150 y 185 mts.<\/li>\n<li>Largo: 150 y 300 mts.<\/li>\n<li>Durabilidad: 1 a\u00f1o<\/li>\n<\/ul>\n<h3><span style=\"color: #99cc00;\">Aplicaciones:<\/span><\/h3>\n<p>Puede ser utilizado en una gran variedad de aplicaciones, tales como:<\/p>\n<ul>\n<li>Cajas de luz<\/li>\n<li>Carteleras interiores y exteriores<\/li>\n<li>Campa\u00f1as publicitarias<\/li>\n<li>Impresiones de tipo promocional de corto tiempo, etc.<\/li>\n<\/ul>\n<h3><span style=\"color: #99cc00;\">Almacenado:<\/span><\/h3>\n<p>Se recomienda almacenar de manera horizontal, pero cuando se colocan de manera vertical solo hay que asegurar que el material es colocado dentro de una caja junto con las bases para evitar que el vinil se marque y maltrate, as\u00ed como, en un lugar donde no sea posible que se caiga.<\/p>\n<\/div>\n<\/div><\/div><\/div><\/div><\/div><\/div><div id=\"pg-1854-1\"  class=\"panel-grid panel-has-style\" ><div style=\"padding: 100px 0; \" data-overlay=\"true\" data-overlay-color=\"#000000\" class=\"panel-row-style panel-row-style-for-1854-1\" ><div id=\"pgc-1854-1-0\"  class=\"panel-grid-cell\" ><div id=\"panel-1854-1-0-0\" class=\"so-panel widget widget_sow-button panel-first-child panel-last-child\" data-index=\"1\" ><div style=\"text-align: left;\" data-title-color=\"#443f3f\" data-headings-color=\"#443f3f\" class=\"panel-widget-style panel-widget-style-for-1854-1-0-0\" ><div class=\"so-widget-sow-button so-widget-sow-button-atom-ca86ee54deb6-1854\"><div class=\"ow-button-base ow-button-align-center\">\n\t<a href=\"http:\/\/faunadigital.com.mx\/wp-content\/uploads\/2018\/10\/papelcity.jpg\" class=\"ow-icon-placement-left ow-button-hover\" target=\"_blank\" rel=\"noopener noreferrer\" \t\t>\n\t\t<span>\n\t\t\t\n\t\t\tFICHA TECNICA\t\t<\/span>\n\t<\/a>\n<\/div>\n<\/div><\/div><\/div><\/div><\/div><\/div><\/div>","protected":false},"excerpt":{"rendered":"<p>Descripci\u00f3n: El Papel Citylight imprimible en base solvente, UV y l\u00e1tex, es un material blanco traslucido de la m\u00e1s alta calidad, econ\u00f3mico, vers\u00e1til, ligero, permite gran saturaci\u00f3n de tinta, dise\u00f1ado para utilizarse sobre superficies planas sobre todo en cajas de luz y cuenta con la gran ventaja de poder ser impreso en cualquiera de las [&hellip;]<\/p>\n","protected":false},"author":1,"featured_media":0,"parent":0,"menu_order":0,"comment_status":"closed","ping_status":"closed","template":"page-templates\/page_front-page.php","meta":[],"_links":{"self":[{"href":"http:\/\/faunadigital.com.mx\/index.php?rest_route=\/wp\/v2\/pages\/1854"}],"collection":[{"href":"http:\/\/faunadigital.com.mx\/index.php?rest_route=\/wp\/v2\/pages"}],"about":[{"href":"http:\/\/faunadigital.com.mx\/index.php?rest_route=\/wp\/v2\/types\/page"}],"author":[{"embeddable":true,"href":"http:\/\/faunadigital.com.mx\/index.php?rest_route=\/wp\/v2\/users\/1"}],"replies":[{"embeddable":true,"href":"http:\/\/faunadigital.com.mx\/index.php?rest_route=%2Fwp%2Fv2%2Fcomments&post=1854"}],"version-history":[{"count":14,"href":"http:\/\/faunadigital.com.mx\/index.php?rest_route=\/wp\/v2\/pages\/1854\/revisions"}],"predecessor-version":[{"id":1893,"href":"http:\/\/faunadigital.com.mx\/index.php?rest_route=\/wp\/v2\/pages\/1854\/revisions\/1893"}],"wp:attachment":[{"href":"http:\/\/faunadigital.com.mx\/index.php?rest_route=%2Fwp%2Fv2%2Fmedia&parent=1854"}],"curies":[{"name":"wp","href":"https:\/\/api.w.org\/{rel}","templated":true}]}}