{"id":1950,"date":"2018-10-24T18:11:44","date_gmt":"2018-10-24T18:11:44","guid":{"rendered":"http:\/\/faunadigital.com.mx\/?page_id=1950"},"modified":"2018-10-24T18:23:00","modified_gmt":"2018-10-24T18:23:00","slug":"vinil-premium-brillante-2-3-3-4","status":"publish","type":"page","link":"http:\/\/faunadigital.com.mx\/?page_id=1950","title":{"rendered":"PAPEL SUBLIMACI\u00d3N 55"},"content":{"rendered":"<div id=\"pl-1950\"  class=\"panel-layout\" ><div id=\"pg-1950-0\"  class=\"panel-grid panel-has-style\" ><div style=\"padding: 100px 0; \" data-overlay=\"true\" class=\"panel-row-style panel-row-style-for-1950-0\" ><div id=\"pgc-1950-0-0\"  class=\"panel-grid-cell\" ><div id=\"panel-1950-0-0-0\" class=\"so-panel widget widget_sow-editor panel-first-child panel-last-child\" data-index=\"0\" ><div style=\"text-align: left;\" data-title-color=\"#443f3f\" data-headings-color=\"#443f3f\" class=\"panel-widget-style panel-widget-style-for-1950-0-0-0\" ><div class=\"so-widget-sow-editor so-widget-sow-editor-base\">\n<div class=\"siteorigin-widget-tinymce textwidget\">\n\t<h3><span style=\"color: #99cc00;\">Caracter\u00edsticas:<\/span><\/h3>\n<ul>\n<li>Papel Sublimaci\u00f3n de 55 gramos cubierto de resina para tintas base agua.<\/li>\n<li>Alta velocidad de transferencia.<\/li>\n<li>F\u00e1cil de manejar.<\/li>\n<li>Excelente estabilidad y rendimiento.<\/li>\n<li>R\u00e1pido secado para impresi\u00f3n industrial.<\/li>\n<li>Excelente reproducci\u00f3n de color en tejidos de poliester.<\/li>\n<\/ul>\n<p>&nbsp;<\/p>\n<h3><span style=\"color: #99cc00;\">Aplicaciones:<\/span><\/h3>\n<p>Transferencia en todos los posibles materiales de poliester y en sustratos recubiertos de pol\u00edmeros y poliester.<\/p>\n<ul>\n<li>Textil<\/li>\n<li>Banner<\/li>\n<li>Banderas<\/li>\n<li>Tazas<\/li>\n<li>Mouse Pads<\/li>\n<li>Prendas de vestir<\/li>\n<li>Jersey deportivos<\/li>\n<li>Interiores personalizados, etc.<\/li>\n<\/ul>\n<\/div>\n<\/div><\/div><\/div><\/div><\/div><\/div><div id=\"pg-1950-1\"  class=\"panel-grid panel-has-style\" ><div style=\"padding: 100px 0; \" data-overlay=\"true\" data-overlay-color=\"#000000\" class=\"panel-row-style panel-row-style-for-1950-1\" ><div id=\"pgc-1950-1-0\"  class=\"panel-grid-cell\" ><div id=\"panel-1950-1-0-0\" class=\"so-panel widget widget_sow-button panel-first-child panel-last-child\" data-index=\"1\" ><div style=\"text-align: left;\" data-title-color=\"#443f3f\" data-headings-color=\"#443f3f\" class=\"panel-widget-style panel-widget-style-for-1950-1-0-0\" ><div class=\"so-widget-sow-button so-widget-sow-button-atom-ca86ee54deb6-1950\"><div class=\"ow-button-base ow-button-align-center\">\n\t<a href=\"http:\/\/faunadigital.com.mx\/wp-content\/uploads\/2018\/10\/papelsubli55.jpg\" class=\"ow-icon-placement-left ow-button-hover\" target=\"_blank\" rel=\"noopener noreferrer\" \t\t>\n\t\t<span>\n\t\t\t\n\t\t\tFICHA TECNICA\t\t<\/span>\n\t<\/a>\n<\/div>\n<\/div><\/div><\/div><\/div><\/div><\/div><\/div>","protected":false},"excerpt":{"rendered":"<p>Caracter\u00edsticas: Papel Sublimaci\u00f3n de 55 gramos cubierto de resina para tintas base agua. Alta velocidad de transferencia. F\u00e1cil de manejar. Excelente estabilidad y rendimiento. R\u00e1pido secado para impresi\u00f3n industrial. Excelente reproducci\u00f3n de color en tejidos de poliester. &nbsp; Aplicaciones: Transferencia en todos los posibles materiales de poliester y en sustratos recubiertos de pol\u00edmeros y poliester. [&hellip;]<\/p>\n","protected":false},"author":1,"featured_media":0,"parent":0,"menu_order":0,"comment_status":"closed","ping_status":"closed","template":"page-templates\/page_front-page.php","meta":[],"_links":{"self":[{"href":"http:\/\/faunadigital.com.mx\/index.php?rest_route=\/wp\/v2\/pages\/1950"}],"collection":[{"href":"http:\/\/faunadigital.com.mx\/index.php?rest_route=\/wp\/v2\/pages"}],"about":[{"href":"http:\/\/faunadigital.com.mx\/index.php?rest_route=\/wp\/v2\/types\/page"}],"author":[{"embeddable":true,"href":"http:\/\/faunadigital.com.mx\/index.php?rest_route=\/wp\/v2\/users\/1"}],"replies":[{"embeddable":true,"href":"http:\/\/faunadigital.com.mx\/index.php?rest_route=%2Fwp%2Fv2%2Fcomments&post=1950"}],"version-history":[{"count":6,"href":"http:\/\/faunadigital.com.mx\/index.php?rest_route=\/wp\/v2\/pages\/1950\/revisions"}],"predecessor-version":[{"id":1961,"href":"http:\/\/faunadigital.com.mx\/index.php?rest_route=\/wp\/v2\/pages\/1950\/revisions\/1961"}],"wp:attachment":[{"href":"http:\/\/faunadigital.com.mx\/index.php?rest_route=%2Fwp%2Fv2%2Fmedia&parent=1950"}],"curies":[{"name":"wp","href":"https:\/\/api.w.org\/{rel}","templated":true}]}}