{"id":2009,"date":"2018-10-26T15:50:29","date_gmt":"2018-10-26T15:50:29","guid":{"rendered":"http:\/\/faunadigital.com.mx\/?page_id=2009"},"modified":"2018-10-26T21:30:58","modified_gmt":"2018-10-26T21:30:58","slug":"vinil-premium-brillante-2-2-2-2","status":"publish","type":"page","link":"http:\/\/faunadigital.com.mx\/?page_id=2009","title":{"rendered":"RIGIDO COROPLAST"},"content":{"rendered":"<div id=\"pl-2009\"  class=\"panel-layout\" ><div id=\"pg-2009-0\"  class=\"panel-grid panel-has-style\" ><div style=\"padding: 100px 0; \" data-overlay=\"true\" class=\"panel-row-style panel-row-style-for-2009-0\" ><div id=\"pgc-2009-0-0\"  class=\"panel-grid-cell\" ><div id=\"panel-2009-0-0-0\" class=\"so-panel widget widget_sow-editor panel-first-child panel-last-child\" data-index=\"0\" ><div style=\"text-align: left;\" data-title-color=\"#443f3f\" data-headings-color=\"#443f3f\" class=\"panel-widget-style panel-widget-style-for-2009-0-0-0\" ><div class=\"so-widget-sow-editor so-widget-sow-editor-base\">\n<div class=\"siteorigin-widget-tinymce textwidget\">\n\t<p>El Corrugado Pl\u00e1stico es una hoja hueca (alveolar), formada por 2 capas planas y paralelas unidas por nervaduras a todo lo largo; fabricado mediante el proceso de extrusi\u00f3n. La resina base de este producto de Polipropileno, lo que hace del Corrugado Pl\u00e1stico un producto resistente, ligero y f\u00e1cil de procesar.<\/p>\n<h3><span style=\"color: #99cc00;\">Caracteristicas<\/span><\/h3>\n<p>\u2022\u00a0Ligero, reusable, reciclable, reutilizable e impermeable.<br \/>\n\u2022 Producto vers\u00e1til, funcional y resistente.<br \/>\n\u2022 F\u00e1cil de imprimir, troquelar, ensamblar y unir.<br \/>\n\u2022 Propiedades como por ejemplo: antiest\u00e1tico, conductivo, retardante a la flama, etc.<br \/>\n\u2022 Se puede fabricar desde 2 hasta 10 mm en cualquier color.<\/p>\n<h3><span style=\"color: #99cc00;\">Usos y aplicaciones<\/span><\/h3>\n<p>\u2022 Empaque retornable para las siguientes industrias: Automotriz, Farmac\u00e9utica, Agr\u00edcola, Alimenticia, etc.<\/p>\n<\/div>\n<\/div><\/div><\/div><\/div><\/div><\/div><div id=\"pg-2009-1\"  class=\"panel-grid panel-has-style\" ><div style=\"padding: 100px 0; \" data-overlay=\"true\" data-overlay-color=\"#000000\" class=\"panel-row-style panel-row-style-for-2009-1\" ><div id=\"pgc-2009-1-0\"  class=\"panel-grid-cell\" ><div id=\"panel-2009-1-0-0\" class=\"so-panel widget widget_sow-button panel-first-child panel-last-child\" data-index=\"1\" ><div style=\"text-align: left;\" data-title-color=\"#443f3f\" data-headings-color=\"#443f3f\" class=\"panel-widget-style panel-widget-style-for-2009-1-0-0\" ><div class=\"so-widget-sow-button so-widget-sow-button-atom-ca86ee54deb6-2009\"><div class=\"ow-button-base ow-button-align-center\">\n\t<a href=\"http:\/\/faunadigital.com.mx\/wp-content\/uploads\/2018\/10\/rigidocoroplast.jpg\" class=\"ow-icon-placement-left ow-button-hover\" target=\"_blank\" rel=\"noopener noreferrer\" \t\t>\n\t\t<span>\n\t\t\t\n\t\t\tFICHA TECNICA\t\t<\/span>\n\t<\/a>\n<\/div>\n<\/div><\/div><\/div><\/div><\/div><\/div><\/div>","protected":false},"excerpt":{"rendered":"<p>El Corrugado Pl\u00e1stico es una hoja hueca (alveolar), formada por 2 capas planas y paralelas unidas por nervaduras a todo lo largo; fabricado mediante el proceso de extrusi\u00f3n. La resina base de este producto de Polipropileno, lo que hace del Corrugado Pl\u00e1stico un producto resistente, ligero y f\u00e1cil de procesar. Caracteristicas \u2022\u00a0Ligero, reusable, reciclable, reutilizable [&hellip;]<\/p>\n","protected":false},"author":1,"featured_media":0,"parent":0,"menu_order":0,"comment_status":"closed","ping_status":"closed","template":"page-templates\/page_front-page.php","meta":[],"_links":{"self":[{"href":"http:\/\/faunadigital.com.mx\/index.php?rest_route=\/wp\/v2\/pages\/2009"}],"collection":[{"href":"http:\/\/faunadigital.com.mx\/index.php?rest_route=\/wp\/v2\/pages"}],"about":[{"href":"http:\/\/faunadigital.com.mx\/index.php?rest_route=\/wp\/v2\/types\/page"}],"author":[{"embeddable":true,"href":"http:\/\/faunadigital.com.mx\/index.php?rest_route=\/wp\/v2\/users\/1"}],"replies":[{"embeddable":true,"href":"http:\/\/faunadigital.com.mx\/index.php?rest_route=%2Fwp%2Fv2%2Fcomments&post=2009"}],"version-history":[{"count":10,"href":"http:\/\/faunadigital.com.mx\/index.php?rest_route=\/wp\/v2\/pages\/2009\/revisions"}],"predecessor-version":[{"id":2020,"href":"http:\/\/faunadigital.com.mx\/index.php?rest_route=\/wp\/v2\/pages\/2009\/revisions\/2020"}],"wp:attachment":[{"href":"http:\/\/faunadigital.com.mx\/index.php?rest_route=%2Fwp%2Fv2%2Fmedia&parent=2009"}],"curies":[{"name":"wp","href":"https:\/\/api.w.org\/{rel}","templated":true}]}}