{"id":2023,"date":"2018-10-29T16:53:36","date_gmt":"2018-10-29T16:53:36","guid":{"rendered":"http:\/\/faunadigital.com.mx\/?page_id=2023"},"modified":"2018-10-29T20:37:05","modified_gmt":"2018-10-29T20:37:05","slug":"vinil-premium-brillante-2-2-2-2-2","status":"publish","type":"page","link":"http:\/\/faunadigital.com.mx\/?page_id=2023","title":{"rendered":"RIGIDO FOAM BOARD"},"content":{"rendered":"<div id=\"pl-2023\"  class=\"panel-layout\" ><div id=\"pg-2023-0\"  class=\"panel-grid panel-has-style\" ><div style=\"padding: 100px 0; \" data-overlay=\"true\" class=\"panel-row-style panel-row-style-for-2023-0\" ><div id=\"pgc-2023-0-0\"  class=\"panel-grid-cell\" ><div id=\"panel-2023-0-0-0\" class=\"so-panel widget widget_sow-editor panel-first-child panel-last-child\" data-index=\"0\" ><div style=\"text-align: left;\" data-title-color=\"#443f3f\" data-headings-color=\"#443f3f\" class=\"panel-widget-style panel-widget-style-for-2023-0-0-0\" ><div class=\"so-widget-sow-editor so-widget-sow-editor-base\">\n<div class=\"siteorigin-widget-tinymce textwidget\">\n\t<p>Nombre del producto: Hoja de espuma de PVC blanco<\/p>\n<h3><span style=\"color: #99cc00;\">Caracteristicas<\/span><\/h3>\n<p>Descripci\u00f3n del producto: Espuma de PVC hojas son ideales para el uso en la publicidad, la construcci\u00f3n y la industria. Hojas de espuma de PVC son ligeras, duraderas y vers\u00e1tiles, estas superficies que pueden ser pintadas, impresas, laminadas, repujadas, grabadas o blanqueadas, de acuerdo a las especificaciones del cliente. Las hojas de Espuma de PVC est\u00e1n disponibles en los siguientes colores: blanco, gris, rojo, azul.<\/p>\n<p>Grosor de 3, 5, 6 y 10 mm<\/p>\n<h3><span style=\"color: #99cc00;\">Datos t\u00e9cnicos<\/span><\/h3>\n<ul>\n<li>Su composici\u00f3n: Resina PVC (82% - 90%)<\/li>\n<li>Estabilizador: (1% - 3%)<\/li>\n<li>Aceite de Soya Epoxidado: (1% - 3%)<\/li>\n<li>Dentro - fuera de deslizadores: (1.5% - 4%)<\/li>\n<li>Agentes procesadores: (4% - 9%)<\/li>\n<li>Pigmento: (1%)<\/li>\n<\/ul>\n<\/div>\n<\/div><\/div><\/div><\/div><\/div><\/div><div id=\"pg-2023-1\"  class=\"panel-grid panel-has-style\" ><div style=\"padding: 100px 0; \" data-overlay=\"true\" data-overlay-color=\"#000000\" class=\"panel-row-style panel-row-style-for-2023-1\" ><div id=\"pgc-2023-1-0\"  class=\"panel-grid-cell\" ><div id=\"panel-2023-1-0-0\" class=\"so-panel widget widget_sow-button panel-first-child panel-last-child\" data-index=\"1\" ><div style=\"text-align: left;\" data-title-color=\"#443f3f\" data-headings-color=\"#443f3f\" class=\"panel-widget-style panel-widget-style-for-2023-1-0-0\" ><div class=\"so-widget-sow-button so-widget-sow-button-atom-ca86ee54deb6-2023\"><div class=\"ow-button-base ow-button-align-center\">\n\t<a href=\"http:\/\/faunadigital.com.mx\/wp-content\/uploads\/2018\/10\/rigidofoamboard.jpg\" class=\"ow-icon-placement-left ow-button-hover\" target=\"_blank\" rel=\"noopener noreferrer\" \t\t>\n\t\t<span>\n\t\t\t\n\t\t\tFICHA TECNICA\t\t<\/span>\n\t<\/a>\n<\/div>\n<\/div><\/div><\/div><\/div><\/div><\/div><\/div>","protected":false},"excerpt":{"rendered":"<p>Nombre del producto: Hoja de espuma de PVC blanco Caracteristicas Descripci\u00f3n del producto: Espuma de PVC hojas son ideales para el uso en la publicidad, la construcci\u00f3n y la industria. Hojas de espuma de PVC son ligeras, duraderas y vers\u00e1tiles, estas superficies que pueden ser pintadas, impresas, laminadas, repujadas, grabadas o blanqueadas, de acuerdo a [&hellip;]<\/p>\n","protected":false},"author":1,"featured_media":0,"parent":0,"menu_order":0,"comment_status":"closed","ping_status":"closed","template":"page-templates\/page_front-page.php","meta":[],"_links":{"self":[{"href":"http:\/\/faunadigital.com.mx\/index.php?rest_route=\/wp\/v2\/pages\/2023"}],"collection":[{"href":"http:\/\/faunadigital.com.mx\/index.php?rest_route=\/wp\/v2\/pages"}],"about":[{"href":"http:\/\/faunadigital.com.mx\/index.php?rest_route=\/wp\/v2\/types\/page"}],"author":[{"embeddable":true,"href":"http:\/\/faunadigital.com.mx\/index.php?rest_route=\/wp\/v2\/users\/1"}],"replies":[{"embeddable":true,"href":"http:\/\/faunadigital.com.mx\/index.php?rest_route=%2Fwp%2Fv2%2Fcomments&post=2023"}],"version-history":[{"count":14,"href":"http:\/\/faunadigital.com.mx\/index.php?rest_route=\/wp\/v2\/pages\/2023\/revisions"}],"predecessor-version":[{"id":2053,"href":"http:\/\/faunadigital.com.mx\/index.php?rest_route=\/wp\/v2\/pages\/2023\/revisions\/2053"}],"wp:attachment":[{"href":"http:\/\/faunadigital.com.mx\/index.php?rest_route=%2Fwp%2Fv2%2Fmedia&parent=2023"}],"curies":[{"name":"wp","href":"https:\/\/api.w.org\/{rel}","templated":true}]}}