{"id":2145,"date":"2018-10-30T20:53:08","date_gmt":"2018-10-30T20:53:08","guid":{"rendered":"http:\/\/faunadigital.com.mx\/?page_id=2145"},"modified":"2019-01-14T17:42:10","modified_gmt":"2019-01-14T17:42:10","slug":"gzm-plus-2-2","status":"publish","type":"page","link":"http:\/\/faunadigital.com.mx\/?page_id=2145","title":{"rendered":"CALANDRA HT3342B2T"},"content":{"rendered":"<div id=\"pl-2145\"  class=\"panel-layout\" ><div id=\"pg-2145-0\"  class=\"panel-grid panel-has-style\" ><div style=\"padding: 100px 0; \" data-overlay=\"true\" data-overlay-color=\"#000000\" class=\"panel-row-style panel-row-style-for-2145-0\" ><div id=\"pgc-2145-0-0\"  class=\"panel-grid-cell\" ><div id=\"panel-2145-0-0-0\" class=\"so-panel widget widget_media_image panel-first-child panel-last-child\" data-index=\"0\" ><div style=\"text-align: left;\" data-title-color=\"#443f3f\" data-headings-color=\"#443f3f\" class=\"panel-widget-style panel-widget-style-for-2145-0-0-0\" ><img width=\"756\" height=\"354\" src=\"http:\/\/faunadigital.com.mx\/wp-content\/uploads\/2018\/10\/calandraHT3342B2T.png\" class=\"image wp-image-2151  attachment-full size-full\" alt=\"\" loading=\"lazy\" style=\"max-width: 100%; height: auto;\" srcset=\"http:\/\/faunadigital.com.mx\/wp-content\/uploads\/2018\/10\/calandraHT3342B2T.png 756w, http:\/\/faunadigital.com.mx\/wp-content\/uploads\/2018\/10\/calandraHT3342B2T-300x140.png 300w, http:\/\/faunadigital.com.mx\/wp-content\/uploads\/2018\/10\/calandraHT3342B2T-230x108.png 230w, http:\/\/faunadigital.com.mx\/wp-content\/uploads\/2018\/10\/calandraHT3342B2T-350x164.png 350w, http:\/\/faunadigital.com.mx\/wp-content\/uploads\/2018\/10\/calandraHT3342B2T-480x225.png 480w\" sizes=\"(max-width: 756px) 100vw, 756px\" \/><\/div><\/div><\/div><\/div><\/div><div id=\"pg-2145-1\"  class=\"panel-grid panel-has-style\" ><div style=\"padding: 100px 0; \" data-overlay=\"true\" data-overlay-color=\"#000000\" class=\"panel-row-style panel-row-style-for-2145-1\" ><div id=\"pgc-2145-1-0\"  class=\"panel-grid-cell\" ><div id=\"panel-2145-1-0-0\" class=\"so-panel widget widget_sow-editor panel-first-child panel-last-child\" data-index=\"1\" ><div style=\"text-align: left;\" data-title-color=\"#443f3f\" data-headings-color=\"#443f3f\" class=\"panel-widget-style panel-widget-style-for-2145-1-0-0\" ><div class=\"so-widget-sow-editor so-widget-sow-editor-base\">\n<div class=\"siteorigin-widget-tinymce textwidget\">\n\t<p>La Calandra HT - 3342 - T2B est\u00e1 dise\u00f1ada para uso de transferencia de sublimaci\u00f3n y calor de rollo a rollo o de pieza a pieza. Aplicaci\u00f3n principal para textiles, mobiliario, ropa de playa, cortinas, mouse pads, alfombrillas de autom\u00f3vil , etc.<\/p>\n<h3><span style=\"color: #99cc00;\">Caracter\u00edsticas<\/span><\/h3>\n<ul>\n<li>Anchura de trabajo m\u00e1xima 3200 mm<\/li>\n<li>Velocidad de hasta 3.5 metros por minuto<\/li>\n<li>Tambor de aceite de 420 mm<\/li>\n<li>Apagado y liberaci\u00f3n de plantilla autom\u00e1tico<\/li>\n<li>Modo autom\u00e1tico para entrada y salida de fieltro<\/li>\n<li>Dise\u00f1o de volante para liberaci\u00f3n de fieltro en caso de desconexi\u00f3n<\/li>\n<li>Tensi\u00f3n ajustable para asegurar un acabado suave<\/li>\n<li>Sensor infrarrojo para control de desfase de mantilla<\/li>\n<li>Encendido y apagado v\u00eda Wi-Fi<\/li>\n<\/ul>\n<p>&nbsp;<\/p>\n<h3><span style=\"color: #99cc00;\">Descripci\u00f3n<\/span><\/h3>\n<p>Tipo de calentamiento\u00a0 \u00a0 \u00a0 \u00a0 \u00a0 \u00a0 \u00a0 \u00a0 \u00a0 Aceite<\/p>\n<p>D\u00edametro del tambor\u00a0 \u00a0 \u00a0 \u00a0 \u00a0 \u00a0 \u00a0 \u00a0 \u00a0 \u00a0 420 mm<\/p>\n<p>Velocidad variable\u00a0 \u00a0 \u00a0 \u00a0 \u00a0 \u00a0 \u00a0 \u00a0 \u00a0 \u00a0 \u00a0 \u00a0 \u00a00 - 4.2 m\/min<\/p>\n<p>Temperatura recomendada\u00a0 \u00a0 \u00a0 \u00a0 \u00a0190 - 230\u00b0C<\/p>\n<p>Temperatura de alarma\u00a0 \u00a0 \u00a0 \u00a0 \u00a0 \u00a0 \u00a0 \u00a0 250\u00b0C<\/p>\n<p>Manejo de motor\u00a0 \u00a0 \u00a0 \u00a0 \u00a0 \u00a0 \u00a0 \u00a0 \u00a0 \u00a0 \u00a0 \u00a0 \u00a0 \u00a02.2w<\/p>\n<p>Consumo de energ\u00eda\u00a0 \u00a0 \u00a0 \u00a0 \u00a0 \u00a0 \u00a0 \u00a0 \u00a0 \u00a0 \u00a038.5Kw<\/p>\n<p>Requerimiento de energ\u00eda\u00a0 \u00a0 \u00a0 \u00a0 \u00a0 \u00a0 380v, 50\/60 hz 3 fases<\/p>\n<p>Tama\u00f1o de la m\u00e1quina\u00a0 \u00a0 \u00a0 \u00a0 \u00a0 \u00a0 \u00a0 \u00a0 \u00a04420*1700*1545 mm<\/p>\n<\/div>\n<\/div><\/div><\/div><\/div><\/div><\/div><div id=\"pg-2145-2\"  class=\"panel-grid panel-has-style\" ><div style=\"padding: 100px 0; \" data-overlay=\"true\" data-overlay-color=\"#000000\" class=\"panel-row-style panel-row-style-for-2145-2\" ><div id=\"pgc-2145-2-0\"  class=\"panel-grid-cell\" ><div id=\"panel-2145-2-0-0\" class=\"so-panel widget widget_sow-button panel-first-child panel-last-child\" data-index=\"2\" ><div style=\"text-align: center;\" data-title-color=\"#443f3f\" data-headings-color=\"#443f3f\" class=\"panel-widget-style panel-widget-style-for-2145-2-0-0\" ><div class=\"so-widget-sow-button so-widget-sow-button-atom-ca86ee54deb6-2145\"><div class=\"ow-button-base ow-button-align-center\">\n\t<a href=\"http:\/\/faunadigital.com.mx\/wp-content\/uploads\/2018\/11\/flyercalandra3342.png\" class=\"ow-icon-placement-left ow-button-hover\" target=\"_blank\" rel=\"noopener noreferrer\" \t\t>\n\t\t<span>\n\t\t\t\n\t\t\tFICHA T\u00c9CNICA\t\t<\/span>\n\t<\/a>\n<\/div>\n<\/div><\/div><\/div><\/div><\/div><\/div><\/div>","protected":false},"excerpt":{"rendered":"<p>La Calandra HT &#8211; 3342 &#8211; T2B est\u00e1 dise\u00f1ada para uso de transferencia de sublimaci\u00f3n y calor de rollo a rollo o de pieza a pieza. Aplicaci\u00f3n principal para textiles, mobiliario, ropa de playa, cortinas, mouse pads, alfombrillas de autom\u00f3vil , etc. Caracter\u00edsticas Anchura de trabajo m\u00e1xima 3200 mm Velocidad de hasta 3.5 metros por [&hellip;]<\/p>\n","protected":false},"author":1,"featured_media":0,"parent":0,"menu_order":0,"comment_status":"closed","ping_status":"closed","template":"page-templates\/page_front-page.php","meta":[],"_links":{"self":[{"href":"http:\/\/faunadigital.com.mx\/index.php?rest_route=\/wp\/v2\/pages\/2145"}],"collection":[{"href":"http:\/\/faunadigital.com.mx\/index.php?rest_route=\/wp\/v2\/pages"}],"about":[{"href":"http:\/\/faunadigital.com.mx\/index.php?rest_route=\/wp\/v2\/types\/page"}],"author":[{"embeddable":true,"href":"http:\/\/faunadigital.com.mx\/index.php?rest_route=\/wp\/v2\/users\/1"}],"replies":[{"embeddable":true,"href":"http:\/\/faunadigital.com.mx\/index.php?rest_route=%2Fwp%2Fv2%2Fcomments&post=2145"}],"version-history":[{"count":18,"href":"http:\/\/faunadigital.com.mx\/index.php?rest_route=\/wp\/v2\/pages\/2145\/revisions"}],"predecessor-version":[{"id":2519,"href":"http:\/\/faunadigital.com.mx\/index.php?rest_route=\/wp\/v2\/pages\/2145\/revisions\/2519"}],"wp:attachment":[{"href":"http:\/\/faunadigital.com.mx\/index.php?rest_route=%2Fwp%2Fv2%2Fmedia&parent=2145"}],"curies":[{"name":"wp","href":"https:\/\/api.w.org\/{rel}","templated":true}]}}