{"id":2446,"date":"2019-01-12T00:14:24","date_gmt":"2019-01-12T00:14:24","guid":{"rendered":"http:\/\/faunadigital.com.mx\/?page_id=2446"},"modified":"2019-05-07T19:03:39","modified_gmt":"2019-05-07T19:03:39","slug":"gzh3206sg-2","status":"publish","type":"page","link":"http:\/\/faunadigital.com.mx\/?page_id=2446","title":{"rendered":"GZC3202SG"},"content":{"rendered":"<div id=\"pl-2446\"  class=\"panel-layout\" ><div id=\"pg-2446-0\"  class=\"panel-grid panel-has-style\" ><div style=\"padding: 100px 0; \" data-overlay=\"true\" data-overlay-color=\"#000000\" class=\"panel-row-style panel-row-style-for-2446-0\" ><div id=\"pgc-2446-0-0\"  class=\"panel-grid-cell\" ><div id=\"panel-2446-0-0-0\" class=\"so-panel widget widget_media_image panel-first-child panel-last-child\" data-index=\"0\" ><div style=\"text-align: center;\" data-title-color=\"#443f3f\" data-headings-color=\"#443f3f\" class=\"panel-widget-style panel-widget-style-for-2446-0-0-0\" ><img width=\"756\" height=\"354\" src=\"http:\/\/faunadigital.com.mx\/wp-content\/uploads\/2019\/01\/gzc3202sg.png\" class=\"image wp-image-2443  attachment-full size-full\" alt=\"\" loading=\"lazy\" style=\"max-width: 100%; height: auto;\" srcset=\"http:\/\/faunadigital.com.mx\/wp-content\/uploads\/2019\/01\/gzc3202sg.png 756w, http:\/\/faunadigital.com.mx\/wp-content\/uploads\/2019\/01\/gzc3202sg-300x140.png 300w, http:\/\/faunadigital.com.mx\/wp-content\/uploads\/2019\/01\/gzc3202sg-230x108.png 230w, http:\/\/faunadigital.com.mx\/wp-content\/uploads\/2019\/01\/gzc3202sg-350x164.png 350w, http:\/\/faunadigital.com.mx\/wp-content\/uploads\/2019\/01\/gzc3202sg-480x225.png 480w\" sizes=\"(max-width: 756px) 100vw, 756px\" \/><\/div><\/div><\/div><\/div><\/div><div id=\"pg-2446-1\"  class=\"panel-grid panel-has-style\" ><div style=\"padding: 100px 0; \" data-overlay=\"true\" data-overlay-color=\"#000000\" class=\"panel-row-style panel-row-style-for-2446-1\" ><div id=\"pgc-2446-1-0\"  class=\"panel-grid-cell panel-grid-cell-mobile-last\" ><div id=\"panel-2446-1-0-0\" class=\"so-panel widget widget_sow-editor panel-first-child panel-last-child\" data-index=\"1\" ><div style=\"text-align: left;\" data-title-color=\"#443f3f\" data-headings-color=\"#443f3f\" class=\"panel-widget-style panel-widget-style-for-2446-1-0-0\" ><div class=\"so-widget-sow-editor so-widget-sow-editor-base\">\n<div class=\"siteorigin-widget-tinymce textwidget\">\n\t<h3><span style=\"color: #99cc00;\">Impresora de Alta Velocidad<\/span><\/h3>\n<p>\u20222 cabezales STARFIRE, hasta 129m\u00b2 \/hr.<br \/>\n\u2022Cuerpo robusto, m\u00e1s precisa y duradera.<br \/>\n\u2022Revolucionario cabezal de impresi\u00f3n de tecnolog\u00eda RediJet<br \/>\n\u2022Sistema de recirculaci\u00f3n de presi\u00f3n negativa <strong>On Tek<\/strong><br \/>\n\u2022Sistema de alimentaci\u00f3n de materiales m\u00e1s amigable.<br \/>\n\u2022Eje neum\u00e1tico de reembobinado.<br \/>\n\u2022Sistema de secado t\u00e9rmico con ahorro de energ\u00eda.<\/p>\n<h3><span style=\"color: #99cc00;\">Modelo<\/span><\/h3>\n<p>GZC3202SG<\/p>\n<h3><span style=\"color: #99cc00;\">Cabezales<\/span><\/h3>\n<p>2 cabezales STARFIRE 1024 (10pl)<\/p>\n<h3><span style=\"color: #99cc00;\">Tinta<\/span><\/h3>\n<p>C, M, Y, K, Solvente \/ Ecosolvente<\/p>\n<h3><span style=\"color: #99cc00;\">Sistema de suministro de tinta<\/span><\/h3>\n<p>Sistema de recirculaci\u00f3n de presi\u00f3n negativa <strong>On Tek<\/strong><\/p>\n<h3><span style=\"color: #99cc00;\">Ancho de impresi\u00f3n<\/span><\/h3>\n<p>Max. 3.20 metros<\/p>\n<h3><span style=\"color: #99cc00;\">Media<\/span><\/h3>\n<p>Banner, Frontlit, Backlit, Vinil, Film, etc.<\/p>\n<h3><span style=\"color: #99cc00;\">Sistema de entrega<\/span><\/h3>\n<p>Alimentaci\u00f3n autom\u00e1tica del material y teniendo un sistema con eje neum\u00e1tico<\/p>\n<h3><span style=\"color: #99cc00;\">Velocidad de impresi\u00f3n<\/span><\/h3>\n<p>\u2022300 x 400 dpi 129m\u00b2 \/hr<\/p>\n<p>\u2022600 x 400 dpi 115m\u00b2 \/hr<\/p>\n<p>\u2022300 x 600 dpi 86m\u00b2 \/hr<\/p>\n<p>\u2022600 x 600 dpi 76m\u00b2 \/hr<\/p>\n<p>\u2022300 x 800 dpi 67m\u00b2 \/hr<\/p>\n<p>\u2022600 x 800 dpi 59m\u00b2 \/hr<\/p>\n<h3><span style=\"color: #99cc00;\">Interfaz de datos<\/span><\/h3>\n<p>Externo: USB2.0; Interno: SCSI Alta velocidad<\/p>\n<h3><span style=\"color: #99cc00;\">Entorno de trabajo<\/span><\/h3>\n<p>Temperatura 23 C - 29 C, Humerdad 50% - 80%<\/p>\n<h3><span style=\"color: #99cc00;\">Software<\/span><\/h3>\n<p>PhotoPRINT \/ Maintop......+GZ control console<\/p>\n<h3><span style=\"color: #99cc00;\">Power<\/span><\/h3>\n<p>50Hz\/AC, 220V\u00b110% 13A Impresora +16.73A Sistema de secado QT<\/p>\n<h3><span style=\"color: #99cc00;\">Equipo instalado\/Empaque<\/span><\/h3>\n<p>LxWxH (mm) 4790X1230X1460 \/ 4930X1150X1740<\/p>\n<h3><span style=\"color: #99cc00;\">G.W.\/N.W.<\/span><\/h3>\n<p>1190Kg \/ 890 Kg<\/p>\n<\/div>\n<\/div><\/div><\/div><\/div><div id=\"pgc-2446-1-1\"  class=\"panel-grid-cell panel-grid-cell-empty\" ><\/div><\/div><\/div><div id=\"pg-2446-2\"  class=\"panel-grid panel-has-style\" ><div style=\"padding: 100px 0; \" data-overlay=\"true\" data-overlay-color=\"#000000\" class=\"panel-row-style panel-row-style-for-2446-2\" ><div id=\"pgc-2446-2-0\"  class=\"panel-grid-cell panel-grid-cell-mobile-last\" ><div id=\"panel-2446-2-0-0\" class=\"so-panel widget widget_sow-button panel-first-child panel-last-child\" data-index=\"2\" ><div style=\"text-align: center;\" data-title-color=\"#443f3f\" data-headings-color=\"#443f3f\" class=\"panel-widget-style panel-widget-style-for-2446-2-0-0\" ><div class=\"so-widget-sow-button so-widget-sow-button-atom-ca86ee54deb6-2446\"><div class=\"ow-button-base ow-button-align-center\">\n\t<a href=\"http:\/\/faunadigital.com.mx\/wp-content\/uploads\/2019\/01\/flyergzc3202sg.jpg\" class=\"ow-icon-placement-left ow-button-hover\" target=\"_blank\" rel=\"noopener noreferrer\" \t\t>\n\t\t<span>\n\t\t\t\n\t\t\tFICHA T\u00c9CNICA\t\t<\/span>\n\t<\/a>\n<\/div>\n<\/div><\/div><\/div><\/div><div id=\"pgc-2446-2-1\"  class=\"panel-grid-cell panel-grid-cell-empty\" ><\/div><\/div><\/div><\/div>","protected":false},"excerpt":{"rendered":"<p>Impresora de Alta Velocidad \u20222 cabezales STARFIRE, hasta 129m\u00b2 \/hr. \u2022Cuerpo robusto, m\u00e1s precisa y duradera. \u2022Revolucionario cabezal de impresi\u00f3n de tecnolog\u00eda RediJet \u2022Sistema de recirculaci\u00f3n de presi\u00f3n negativa On Tek \u2022Sistema de alimentaci\u00f3n de materiales m\u00e1s amigable. \u2022Eje neum\u00e1tico de reembobinado. \u2022Sistema de secado t\u00e9rmico con ahorro de energ\u00eda. Modelo GZC3202SG Cabezales 2 cabezales [&hellip;]<\/p>\n","protected":false},"author":1,"featured_media":0,"parent":0,"menu_order":0,"comment_status":"closed","ping_status":"closed","template":"page-templates\/page_front-page.php","meta":[],"_links":{"self":[{"href":"http:\/\/faunadigital.com.mx\/index.php?rest_route=\/wp\/v2\/pages\/2446"}],"collection":[{"href":"http:\/\/faunadigital.com.mx\/index.php?rest_route=\/wp\/v2\/pages"}],"about":[{"href":"http:\/\/faunadigital.com.mx\/index.php?rest_route=\/wp\/v2\/types\/page"}],"author":[{"embeddable":true,"href":"http:\/\/faunadigital.com.mx\/index.php?rest_route=\/wp\/v2\/users\/1"}],"replies":[{"embeddable":true,"href":"http:\/\/faunadigital.com.mx\/index.php?rest_route=%2Fwp%2Fv2%2Fcomments&post=2446"}],"version-history":[{"count":25,"href":"http:\/\/faunadigital.com.mx\/index.php?rest_route=\/wp\/v2\/pages\/2446\/revisions"}],"predecessor-version":[{"id":2643,"href":"http:\/\/faunadigital.com.mx\/index.php?rest_route=\/wp\/v2\/pages\/2446\/revisions\/2643"}],"wp:attachment":[{"href":"http:\/\/faunadigital.com.mx\/index.php?rest_route=%2Fwp%2Fv2%2Fmedia&parent=2446"}],"curies":[{"name":"wp","href":"https:\/\/api.w.org\/{rel}","templated":true}]}}