{"id":2612,"date":"2019-05-07T17:48:10","date_gmt":"2019-05-07T17:48:10","guid":{"rendered":"http:\/\/faunadigital.com.mx\/?page_id=2612"},"modified":"2021-06-11T00:43:51","modified_gmt":"2021-06-11T00:43:51","slug":"gzh3206sg-2-3","status":"publish","type":"page","link":"http:\/\/faunadigital.com.mx\/?page_id=2612","title":{"rendered":"GZM3200KM"},"content":{"rendered":"<div id=\"pl-2612\"  class=\"panel-layout\" ><div id=\"pg-2612-0\"  class=\"panel-grid panel-has-style\" ><div style=\"padding: 100px 0; \" data-overlay=\"true\" data-overlay-color=\"#000000\" class=\"panel-row-style panel-row-style-for-2612-0\" ><div id=\"pgc-2612-0-0\"  class=\"panel-grid-cell\" ><div id=\"panel-2612-0-0-0\" class=\"so-panel widget widget_media_image panel-first-child panel-last-child\" data-index=\"0\" ><div style=\"text-align: center;\" data-title-color=\"#443f3f\" data-headings-color=\"#443f3f\" class=\"panel-widget-style panel-widget-style-for-2612-0-0-0\" ><img width=\"415\" height=\"269\" src=\"http:\/\/faunadigital.com.mx\/wp-content\/uploads\/2018\/08\/maquinas.png\" class=\"image wp-image-1500  attachment-full size-full\" alt=\"\" loading=\"lazy\" style=\"max-width: 100%; height: auto;\" srcset=\"http:\/\/faunadigital.com.mx\/wp-content\/uploads\/2018\/08\/maquinas.png 415w, http:\/\/faunadigital.com.mx\/wp-content\/uploads\/2018\/08\/maquinas-300x194.png 300w, http:\/\/faunadigital.com.mx\/wp-content\/uploads\/2018\/08\/maquinas-230x149.png 230w, http:\/\/faunadigital.com.mx\/wp-content\/uploads\/2018\/08\/maquinas-350x227.png 350w\" sizes=\"(max-width: 415px) 100vw, 415px\" \/><\/div><\/div><\/div><\/div><\/div><div id=\"pg-2612-1\"  class=\"panel-grid panel-has-style\" ><div style=\"padding: 100px 0; \" data-overlay=\"true\" data-overlay-color=\"#000000\" class=\"panel-row-style panel-row-style-for-2612-1\" ><div id=\"pgc-2612-1-0\"  class=\"panel-grid-cell\" ><div id=\"panel-2612-1-0-0\" class=\"so-panel widget widget_sow-editor panel-first-child panel-last-child\" data-index=\"1\" ><div style=\"text-align: left;\" data-title-color=\"#443f3f\" data-headings-color=\"#443f3f\" class=\"panel-widget-style panel-widget-style-for-2612-1-0-0\" ><div class=\"so-widget-sow-editor so-widget-sow-editor-base\">\n<div class=\"siteorigin-widget-tinymce textwidget\">\n\t<h3><span style=\"color: #99cc00;\">Impresora UV LED de Gran Formato Roll to Roll<\/span><\/h3>\n<ul>\n<li>Hasta 8 cabezales de impresi\u00f3n Konica 1024i \/ 1024a de alta velocidad.<\/li>\n<li>L\u00e1mparas UV LED enfriadas por agua son efectivas y ahorran energ\u00eda.<\/li>\n<li>El sistema de presi\u00f3n negativa asegura un suministro estable de tinta.<\/li>\n<li>La tinta blanca opcional permite imprimir en m\u00e1s tipos de materiales, como soportes transparentes y soportes de color.<\/li>\n<li>El sistema de agitaci\u00f3n de tinta blanca evita la obstrucci\u00f3n del cabezal de impresi\u00f3n y permite una impresi\u00f3n estable.<\/li>\n<li>Dobles ejes con aire y dobles barras oscilantes garantizan una entrega de material estable y precisa, especialmente materiales muy suaves.<\/li>\n<li>El sistema servo PanasonicA6 de 400 W asegura un movimiento del carro suave, estable y preciso.<\/li>\n<li>Gran panel de luz de fondo para comprobar f\u00e1cilmente la calidad de la salida inmediatamente despu\u00e9s de la impresi\u00f3n, aumentando la productividad.<\/li>\n<\/ul>\n<h3><span style=\"color: #99cc00;\">Modelo<\/span><\/h3>\n<p>GZM3200KM<\/p>\n<h3><span style=\"color: #99cc00;\">Cabezales<\/span><\/h3>\n<p>4~8 Konica 1024i \/ Konica 1024a<\/p>\n<h3><span style=\"color: #99cc00;\">Configuraci\u00f3n de color<\/span><\/h3>\n<p>1XCMYK<\/p>\n<p>2XCMYK<\/p>\n<p>1XCMYK+W<\/p>\n<h3><span style=\"color: #99cc00;\">Sistema de curado<\/span><\/h3>\n<p>L\u00e1mparas UV LED con sistema de refrigeraci\u00f3n por agua<\/p>\n<h3><span style=\"color: #99cc00;\">Tinta<\/span><\/h3>\n<p>UV curable<\/p>\n<h3><span style=\"color: #99cc00;\">Colores<\/span><\/h3>\n<p>Standar CMYK, Opcional W<\/p>\n<h3><span style=\"color: #99cc00;\">Sistema de suministro de tinta<\/span><\/h3>\n<p>Sistema de presi\u00f3n negativa + agitaci\u00f3n de la l\u00ednea de tinta blanca<\/p>\n<h3><span style=\"color: #99cc00;\">Sistema de limpieza<\/span><\/h3>\n<p>Sistema de purga Positiva<\/p>\n<h3><span style=\"color: #99cc00;\">Sistema para materiales<\/span><\/h3>\n<p>2 ejes con aire + 2 barras oscilantes + rodillos de arrastre<\/p>\n<h3><span style=\"color: #99cc00;\">Tipo de materiales<\/span><\/h3>\n<p>Backlit, Banner, Canvas, PVC, Pel\u00edcula Reflejante, Sticker, Lona, Textile Retroiluminado, Vinil, Revestimientos de paredes., etc.<\/p>\n<h3><span style=\"color: #99cc00;\">Ancho de material<\/span><\/h3>\n<p>Max. 3200mm<\/p>\n<h3><span style=\"color: #99cc00;\">Ancho de material<\/span><\/h3>\n<p>Max. 3200mm<\/p>\n<h3><span style=\"color: #99cc00;\">Velocidad de impresi\u00f3n<\/span><\/h3>\n<p class=\"p1\">Konica 1024a\u00a0 \u00a0 \u00a0 \u00a0 Resoluci\u00f3n\u00a0 \u00a0 \u00a0 \u00a0 \u00a0 \u00a0 1 grupo de cabezales\u00a0 \u00a0 \u00a0 \u00a02 grupo de cabezales<\/p>\n<p>Draft\u00a0 \u00a0 \u00a0 \u00a0 \u00a0 \u00a0 \u00a0 \u00a0 \u00a0 \u00a0 \u00a0 \u00a0 480X1080 dpi\u00a0 \u00a0 \u00a0 \u00a0 \u00a0 39m\u00b2\/h\u00a0 \u00a0 \u00a0 \u00a0 \u00a0 \u00a0 \u00a0 \u00a0 \u00a0 \u00a0 \u00a0 \u00a0 72m\u00b2\/h<\/p>\n<p>Producci\u00f3n\u00a0 \u00a0 \u00a0 \u00a0 \u00a0 \u00a0 \u00a0480X1440 dpi\u00a0 \u00a0 \u00a0 \u00a0 \u00a0 31m\u00b2\/h\u00a0 \u00a0 \u00a0 \u00a0 \u00a0 \u00a0 \u00a0 \u00a0 \u00a0 \u00a0 \u00a0 \u00a0 58m\u00b2\/h<\/p>\n<p>Quality\u00a0 \u00a0 \u00a0 \u00a0 \u00a0 \u00a0 \u00a0 \u00a0 \u00a0 \u00a0 \u00a0480X1080 dpi\u00a0 \u00a0 \u00a0 \u00a0 \u00a021m\u00b2\/h\u00a0 \u00a0 \u00a0 \u00a0 \u00a0 \u00a0 \u00a0 \u00a0 \u00a0 \u00a0 \u00a0 \u00a0 40m\u00b2\/h<\/p>\n<p>High Precision\u00a0 \u00a0 \u00a0 \u00a0 480X1440 dpi\u00a0 \u00a0 \u00a0 15.2m\u00b2\/h\u00a0 \u00a0 \u00a0 \u00a0 \u00a0 \u00a0 \u00a0 \u00a0 \u00a0 \u00a0 \u00a0 \u00a0 30m\u00b2\/h<\/p>\n<hr \/>\n<p>Konica 1024i\u00a0 \u00a0 \u00a0 \u00a0 \u00a0Resoluci\u00f3n\u00a0 \u00a0 \u00a0 \u00a0 \u00a0 \u00a0 1 grupo de cabezales\u00a0 \u00a0 \u00a0 \u00a02 grupo de cabezales<\/p>\n<p>Draft\u00a0 \u00a0 \u00a0 \u00a0 \u00a0 \u00a0 \u00a0 \u00a0 \u00a0 \u00a0 \u00a0 \u00a0 480X1080 dpi\u00a0 \u00a0 \u00a0 \u00a0 \u00a0 36.5m\u00b2\/h\u00a0 \u00a0 \u00a0 \u00a0 \u00a0 \u00a0 \u00a0 \u00a0 \u00a0 \u00a0 \u00a0 \u00a0 67.5m\u00b2\/h<\/p>\n<p>Producci\u00f3n\u00a0 \u00a0 \u00a0 \u00a0 \u00a0 \u00a0 \u00a0480X1440 dpi\u00a0 \u00a0 \u00a0 \u00a0 \u00a0 28.6m\u00b2\/h\u00a0 \u00a0 \u00a0 \u00a0 \u00a0 \u00a0 \u00a0 \u00a0 \u00a0 \u00a0 \u00a0 \u00a0 53.5m\u00b2\/h<\/p>\n<p>Quality\u00a0 \u00a0 \u00a0 \u00a0 \u00a0 \u00a0 \u00a0 \u00a0 \u00a0 \u00a0 \u00a0480X1080 dpi\u00a0 \u00a0 \u00a0 \u00a0 \u00a019.4m\u00b2\/h\u00a0 \u00a0 \u00a0 \u00a0 \u00a0 \u00a0 \u00a0 \u00a0 \u00a0 \u00a0 \u00a0 \u00a0 \u00a0 \u00a0 37m\u00b2\/h<\/p>\n<p>High Precision \u00a0 \u00a0 \u00a0 \u00a0480X1440 dpi\u00a0 \u00a0 \u00a0 \u00a0 14.4m\u00b2\/h\u00a0 \u00a0 \u00a0 \u00a0 \u00a0 \u00a0 \u00a0 \u00a0 \u00a0 \u00a0 \u00a0 \u00a0 \u00a028.5m\u00b2\/h<\/p>\n<h3><span style=\"color: #99cc00;\">Interfaz de datos<\/span><\/h3>\n<p>Externo: USB2.0; Interno: Cable SCSI<\/p>\n<h3><span style=\"color: #99cc00;\">Entorno de trabajo<\/span><\/h3>\n<p>Temperatura 20\u00b0 a 28\u00b0 C Humerdad 40% - 70%<\/p>\n<h3><span style=\"color: #99cc00;\">Software<\/span><\/h3>\n<p>PhotoPRINT UV Edition (Optional Onyx)+GZ Printer Manager\/ FlexiPrint Fauna ultimate<\/p>\n<h3><span style=\"color: #99cc00;\">Power<\/span><\/h3>\n<p>Monof\u00e1sico 50\/60Hz, AC220V\u00b110% 10A, Regulator: 10kVA<\/p>\n<h3><span style=\"color: #99cc00;\">Dimensiones<\/span><\/h3>\n<p>4790x1193x1520 mm (instalada)\/ 5930x1150x1740 mm (empacada)<\/p>\n<h3><span style=\"color: #99cc00;\">Peso N.N. \/ G.W.<\/span><\/h3>\n<p>1035 kgs \/ 1335 kgs<\/p>\n<\/div>\n<\/div><\/div><\/div><\/div><\/div><\/div><div id=\"pg-2612-2\"  class=\"panel-grid panel-has-style\" ><div style=\"padding: 100px 0; \" data-overlay=\"true\" data-overlay-color=\"#000000\" class=\"panel-row-style panel-row-style-for-2612-2\" ><div id=\"pgc-2612-2-0\"  class=\"panel-grid-cell panel-grid-cell-mobile-last\" ><div id=\"panel-2612-2-0-0\" class=\"so-panel widget widget_sow-button panel-first-child panel-last-child\" data-index=\"2\" ><div style=\"text-align: center;\" data-title-color=\"#443f3f\" data-headings-color=\"#443f3f\" class=\"panel-widget-style panel-widget-style-for-2612-2-0-0\" ><div class=\"so-widget-sow-button so-widget-sow-button-atom-ca86ee54deb6-2612\"><div class=\"ow-button-base ow-button-align-center\">\n\t<a href=\"http:\/\/faunadigital.com.mx\/wp-content\/uploads\/2021\/06\/flyergzm3200km.jpg\" class=\"ow-icon-placement-left ow-button-hover\" target=\"_blank\" rel=\"noopener noreferrer\" \t\t>\n\t\t<span>\n\t\t\t\n\t\t\tFICHA T\u00c9CNICA\t\t<\/span>\n\t<\/a>\n<\/div>\n<\/div><\/div><\/div><\/div><div id=\"pgc-2612-2-1\"  class=\"panel-grid-cell panel-grid-cell-empty\" ><\/div><\/div><\/div><\/div>","protected":false},"excerpt":{"rendered":"<p>Impresora UV LED de Gran Formato Roll to Roll Hasta 8 cabezales de impresi\u00f3n Konica 1024i \/ 1024a de alta velocidad. L\u00e1mparas UV LED enfriadas por agua son efectivas y ahorran energ\u00eda. El sistema de presi\u00f3n negativa asegura un suministro estable de tinta. La tinta blanca opcional permite imprimir en m\u00e1s tipos de materiales, como [&hellip;]<\/p>\n","protected":false},"author":1,"featured_media":0,"parent":0,"menu_order":0,"comment_status":"closed","ping_status":"closed","template":"page-templates\/page_front-page.php","meta":[],"_links":{"self":[{"href":"http:\/\/faunadigital.com.mx\/index.php?rest_route=\/wp\/v2\/pages\/2612"}],"collection":[{"href":"http:\/\/faunadigital.com.mx\/index.php?rest_route=\/wp\/v2\/pages"}],"about":[{"href":"http:\/\/faunadigital.com.mx\/index.php?rest_route=\/wp\/v2\/types\/page"}],"author":[{"embeddable":true,"href":"http:\/\/faunadigital.com.mx\/index.php?rest_route=\/wp\/v2\/users\/1"}],"replies":[{"embeddable":true,"href":"http:\/\/faunadigital.com.mx\/index.php?rest_route=%2Fwp%2Fv2%2Fcomments&post=2612"}],"version-history":[{"count":34,"href":"http:\/\/faunadigital.com.mx\/index.php?rest_route=\/wp\/v2\/pages\/2612\/revisions"}],"predecessor-version":[{"id":4160,"href":"http:\/\/faunadigital.com.mx\/index.php?rest_route=\/wp\/v2\/pages\/2612\/revisions\/4160"}],"wp:attachment":[{"href":"http:\/\/faunadigital.com.mx\/index.php?rest_route=%2Fwp%2Fv2%2Fmedia&parent=2612"}],"curies":[{"name":"wp","href":"https:\/\/api.w.org\/{rel}","templated":true}]}}