{"id":2761,"date":"2019-07-01T23:13:32","date_gmt":"2019-07-01T23:13:32","guid":{"rendered":"http:\/\/faunadigital.com.mx\/?page_id=2761"},"modified":"2020-05-13T01:02:13","modified_gmt":"2020-05-13T01:02:13","slug":"conquer-sd-1l-2","status":"publish","type":"page","link":"http:\/\/faunadigital.com.mx\/?page_id=2761","title":{"rendered":"UVICA 1L"},"content":{"rendered":"<div id=\"pl-2761\"  class=\"panel-layout\" ><div id=\"pg-2761-0\"  class=\"panel-grid panel-has-style\" ><div style=\"padding: 100px 0; \" data-overlay=\"true\" class=\"panel-row-style panel-row-style-for-2761-0\" ><div id=\"pgc-2761-0-0\"  class=\"panel-grid-cell\" ><div id=\"panel-2761-0-0-0\" class=\"so-panel widget widget_sow-editor panel-first-child panel-last-child\" data-index=\"0\" ><div style=\"text-align: left;\" data-title-color=\"#443f3f\" data-headings-color=\"#443f3f\" class=\"panel-widget-style panel-widget-style-for-2761-0-0-0\" ><div class=\"so-widget-sow-editor so-widget-sow-editor-base\">\n<div class=\"siteorigin-widget-tinymce textwidget\">\n\t<p>Las tintas de la serie UVICA poseen una excelente adhesi\u00f3n sobre una amplia gama de sustratos r\u00edgidos, tales como PC r\u00edgido, PVC espumado, Acr\u00edlicos, cart\u00f3n ondulado o de nido de abeja y metales. Para su uso sobre vidrio y algunos sustratos de tipo estir\u00e9nico KAO CHIMIGRAF recomienda el uso de promotores de adherencia. Las tintas de la serie UVICA poseen una buena resistencia seg\u00fan los ensayos de cross-hatch realizados as\u00ed como una gran resistencia a la agresi\u00f3n qu\u00edmica una vez que la tinta est\u00e1 completamente curada.<\/p>\n<p>Las tintas de la serie UVICA son aptas para la impresi\u00f3n sobre sustratos flexibles de tipo vin\u00edlico y algunos pl\u00e1sticos flexibles para aplicaciones que no requieran de una flexibilidad extrema. Todos los pigmentos utilizados en las tintas de la serie UVICA est\u00e1n clasificados en el 7 y el 8 de la Blue Wool Scale. Todas las pruebas se han realizado seg\u00fan la norma ASTM D-2565-99. Las tintas de la serie UVICA son adecuadas para aplicaciones tanto en interior como en exterior.<\/p>\n<p><span style=\"color: #99cc00;\"><strong>Compatibilidad con la m\u00e1quina:<\/strong> \u00a0<\/span>OC\u00c9 de la serie Arizona, FUJI de la serie Acuity, compatibles con las tintas OEM que utilizan estas m\u00e1quinas.<\/p>\n<p><strong><span style=\"color: #99cc00;\">Aplicaciones:<\/span><\/strong>\u00a0 Interiores y exteriores.<\/p>\n<p><strong><span style=\"color: #99cc00;\">Durabilidad al exterior:<\/span><\/strong>\u00a0 24 meses.<\/p>\n<p><strong><span style=\"color: #99cc00;\">Tiempo de almacenamiento:\u00a0\u00a0<\/span><\/strong>12 meses.<\/p>\n<p><span style=\"color: #99cc00;\"><strong>Temperatura de funcionamiento:\u00a0\u00a0<\/strong><\/span>18\u00b0 - 27\u00b0 C.<\/p>\n<p><strong><span style=\"color: #99cc00;\">Humedad relativa en funcionamiento:\u00a0\u00a0<\/span><\/strong>30 - 80%.<\/p>\n<p><strong><span style=\"color: #99cc00;\">Temperatura de transporte:<\/span><\/strong> 10\u00b0 a 40\u00b0 C.<\/p>\n<p><strong><span style=\"color: #99cc00;\">Temperatura de almacenamiento:\u00a0<\/span><\/strong> 5\u00b0 - 35\u00b0 C.<\/p>\n<p><strong><span style=\"color: #99cc00;\">Producto peligroso:<\/span><\/strong>\u00a0 NO.<\/p>\n<p><strong><span style=\"color: #99cc00;\">MSDS:<\/span><\/strong>\u00a0 Harmful Xn R20\/21.<\/p>\n<p><strong><span style=\"color: #99cc00;\">Disponibilidad:<\/span><\/strong>\u00a0 C, M, Y, K, W<\/p>\n<p><strong><span style=\"color: #99cc00;\">Envase:<\/span><\/strong>\u00a0 1L (16 botellas por caja)<\/p>\n<p><strong><span style=\"color: #99cc00;\">Limpiador compatible:<\/span><\/strong>\u00a0 Solvente.<\/p>\n<\/div>\n<\/div><\/div><\/div><\/div><\/div><\/div><div id=\"pg-2761-1\"  class=\"panel-grid panel-has-style\" ><div style=\"padding: 100px 0; \" data-overlay=\"true\" data-overlay-color=\"#000000\" class=\"panel-row-style panel-row-style-for-2761-1\" ><div id=\"pgc-2761-1-0\"  class=\"panel-grid-cell\" ><div id=\"panel-2761-1-0-0\" class=\"so-panel widget widget_sow-button panel-first-child panel-last-child\" data-index=\"1\" ><div style=\"text-align: left;\" data-title-color=\"#443f3f\" data-headings-color=\"#443f3f\" class=\"panel-widget-style panel-widget-style-for-2761-1-0-0\" ><div class=\"so-widget-sow-button so-widget-sow-button-atom-8ebf26ec57a3-2761\"><div class=\"ow-button-base ow-button-align-center\">\n\t<a href=\"http:\/\/faunadigital.com.mx\/wp-content\/uploads\/2019\/07\/fichauvica290419.jpg\" class=\"ow-icon-placement-left ow-button-hover\" target=\"_blank\" rel=\"noopener noreferrer\" \t\t>\n\t\t<span>\n\t\t\t\n\t\t\tFICHA T\u00c9CNICA UVICA\t\t<\/span>\n\t<\/a>\n<\/div>\n<\/div><\/div><\/div><\/div><div id=\"pgc-2761-1-1\"  class=\"panel-grid-cell\" ><div id=\"panel-2761-1-1-0\" class=\"so-panel widget widget_sow-button panel-first-child panel-last-child\" data-index=\"2\" ><div style=\"text-align: left;\" data-title-color=\"#443f3f\" data-headings-color=\"#443f3f\" class=\"panel-widget-style panel-widget-style-for-2761-1-1-0\" ><div class=\"so-widget-sow-button so-widget-sow-button-atom-43d56241904d-2761\"><div class=\"ow-button-base ow-button-align-center\">\n\t<a href=\"http:\/\/faunadigital.com.mx\/wp-content\/uploads\/2020\/01\/conquerol.zip\" class=\"ow-icon-placement-left ow-button-hover\" target=\"_blank\" rel=\"noopener noreferrer\" \t\t>\n\t\t<span>\n\t\t\t\n\t\t\tMSDS CONQUER HC\t\t<\/span>\n\t<\/a>\n<\/div>\n<\/div><\/div><\/div><\/div><div id=\"pgc-2761-1-2\"  class=\"panel-grid-cell\" ><div id=\"panel-2761-1-2-0\" class=\"so-panel widget widget_sow-button panel-first-child panel-last-child\" data-index=\"3\" ><div style=\"text-align: center;\" data-title-color=\"#443f3f\" data-headings-color=\"#443f3f\" class=\"panel-widget-style panel-widget-style-for-2761-1-2-0\" ><div class=\"so-widget-sow-button so-widget-sow-button-atom-63e5eb34bd62-2761\"><div class=\"ow-button-base ow-button-align-center\">\n\t<a href=\"http:\/\/faunadigital.com.mx\/wp-content\/uploads\/2018\/07\/CUESTIONARIO-CAMBIO-DE-TINTAS.pdf\" class=\"ow-icon-placement-left ow-button-hover\" target=\"_blank\" rel=\"noopener noreferrer\" \t\t>\n\t\t<span>\n\t\t\t\n\t\t\tCUESTIONARIO CAMBIO DE TINTA\t\t<\/span>\n\t<\/a>\n<\/div>\n<\/div><\/div><\/div><\/div><\/div><\/div><div id=\"pg-2761-2\"  class=\"panel-grid panel-has-style\" ><div style=\"padding: 100px 0; \" data-overlay=\"true\" data-overlay-color=\"#000000\" class=\"panel-row-style panel-row-style-for-2761-2\" ><div id=\"pgc-2761-2-0\"  class=\"panel-grid-cell\" ><div id=\"panel-2761-2-0-0\" class=\"so-panel widget widget_sow-button panel-first-child panel-last-child\" data-index=\"4\" ><div style=\"text-align: left;\" data-title-color=\"#443f3f\" data-headings-color=\"#443f3f\" class=\"panel-widget-style panel-widget-style-for-2761-2-0-0\" ><div class=\"so-widget-sow-button so-widget-sow-button-atom-8ebf26ec57a3-2761\"><div class=\"ow-button-base ow-button-align-center\">\n\t<a href=\"http:\/\/faunadigital.com.mx\/wp-content\/uploads\/2020\/05\/Garanti\u0301a-tintas-Fauna-Insumos-Digitales-002.pdf\" class=\"ow-icon-placement-left ow-button-hover\" target=\"_blank\" rel=\"noopener noreferrer\" \t\t>\n\t\t<span>\n\t\t\t\n\t\t\tGARANT\u00cdA\t\t<\/span>\n\t<\/a>\n<\/div>\n<\/div><\/div><\/div><\/div><div id=\"pgc-2761-2-1\"  class=\"panel-grid-cell\" ><div id=\"panel-2761-2-1-0\" class=\"so-panel widget widget_sow-button panel-first-child panel-last-child\" data-index=\"5\" ><div style=\"text-align: left;\" data-title-color=\"#443f3f\" data-headings-color=\"#443f3f\" class=\"panel-widget-style panel-widget-style-for-2761-2-1-0\" ><div class=\"so-widget-sow-button so-widget-sow-button-atom-8ebf26ec57a3-2761\"><div class=\"ow-button-base ow-button-align-center\">\n\t<a href=\"http:\/\/faunadigital.com.mx\/wp-content\/uploads\/2020\/05\/guia-de-mantenimiento-fauna.pdf\" class=\"ow-icon-placement-left ow-button-hover\" target=\"_blank\" rel=\"noopener noreferrer\" \t\t>\n\t\t<span>\n\t\t\t\n\t\t\tMANTENIMIENTO PREVENTIVO\t\t<\/span>\n\t<\/a>\n<\/div>\n<\/div><\/div><\/div><\/div><\/div><\/div><\/div>","protected":false},"excerpt":{"rendered":"<p>Las tintas de la serie UVICA poseen una excelente adhesi\u00f3n sobre una amplia gama de sustratos r\u00edgidos, tales como PC r\u00edgido, PVC espumado, Acr\u00edlicos, cart\u00f3n ondulado o de nido de abeja y metales. Para su uso sobre vidrio y algunos sustratos de tipo estir\u00e9nico KAO CHIMIGRAF recomienda el uso de promotores de adherencia. Las tintas [&hellip;]<\/p>\n","protected":false},"author":1,"featured_media":0,"parent":0,"menu_order":0,"comment_status":"closed","ping_status":"closed","template":"page-templates\/page_front-page.php","meta":[],"_links":{"self":[{"href":"http:\/\/faunadigital.com.mx\/index.php?rest_route=\/wp\/v2\/pages\/2761"}],"collection":[{"href":"http:\/\/faunadigital.com.mx\/index.php?rest_route=\/wp\/v2\/pages"}],"about":[{"href":"http:\/\/faunadigital.com.mx\/index.php?rest_route=\/wp\/v2\/types\/page"}],"author":[{"embeddable":true,"href":"http:\/\/faunadigital.com.mx\/index.php?rest_route=\/wp\/v2\/users\/1"}],"replies":[{"embeddable":true,"href":"http:\/\/faunadigital.com.mx\/index.php?rest_route=%2Fwp%2Fv2%2Fcomments&post=2761"}],"version-history":[{"count":19,"href":"http:\/\/faunadigital.com.mx\/index.php?rest_route=\/wp\/v2\/pages\/2761\/revisions"}],"predecessor-version":[{"id":3530,"href":"http:\/\/faunadigital.com.mx\/index.php?rest_route=\/wp\/v2\/pages\/2761\/revisions\/3530"}],"wp:attachment":[{"href":"http:\/\/faunadigital.com.mx\/index.php?rest_route=%2Fwp%2Fv2%2Fmedia&parent=2761"}],"curies":[{"name":"wp","href":"https:\/\/api.w.org\/{rel}","templated":true}]}}