{"id":2804,"date":"2019-07-03T23:50:53","date_gmt":"2019-07-03T23:50:53","guid":{"rendered":"http:\/\/faunadigital.com.mx\/?page_id=2804"},"modified":"2022-02-08T20:58:41","modified_gmt":"2022-02-08T20:58:41","slug":"ecopure-1l-2","status":"publish","type":"page","link":"http:\/\/faunadigital.com.mx\/?page_id=2804","title":{"rendered":"CYCLONE 1L"},"content":{"rendered":"<div id=\"pl-2804\"  class=\"panel-layout\" ><div id=\"pg-2804-0\"  class=\"panel-grid panel-has-style\" ><div style=\"padding: 100px 0; \" data-overlay=\"true\" class=\"panel-row-style panel-row-style-for-2804-0\" ><div id=\"pgc-2804-0-0\"  class=\"panel-grid-cell\" ><div id=\"panel-2804-0-0-0\" class=\"so-panel widget widget_sow-editor panel-first-child panel-last-child\" data-index=\"0\" ><div style=\"text-align: left;\" data-title-color=\"#443f3f\" data-headings-color=\"#443f3f\" class=\"panel-widget-style panel-widget-style-for-2804-0-0-0\" ><div class=\"so-widget-sow-editor so-widget-sow-editor-base\">\n<div class=\"siteorigin-widget-tinymce textwidget\">\n\t<p>Las tintas CYCLONE son tintas de curado LED de car\u00e1cter flexible. Poseen un excelente comportamiento sobre sustratos flexibles de tipo vin\u00edlico y pl\u00e1sticos flexibles. Todos los pigmentos utilizados en estas tintas est\u00e1n clasificados en el 7 y el 8 de la Blue Wool Scale, y las pruebas se han realizado seg\u00fan la norma ASTM D-2565-99. Las tintas de la serie CYCLONE son compatibles con una amplia variedad de cabezales de impresi\u00f3n piezoel\u00e9ctricos incluidos los de fabricantes como Konica Minolta, Seiko, Fujifilm Dimatix, Ricoh, Toshiba-TEC y XAAR, cubriendo un abanico desde los 6 a los 80 picolitros. La temperatura de inyecci\u00f3n \u00f3ptima depender\u00e1 de la configuraci\u00f3n de cada m\u00e1quina, encontrada habitualmente entre 35 y 45\u00ba C.<\/p>\n<p><strong><span style=\"color: #99cc00;\">Compatibilidad de cabezales:<\/span>\u00a0<\/strong> Konica Minolta, Seiko, Fujifilm Dimatix, Ricoh, Toshiba-TEC y XAAR, de 6 a 80 picolitros.<\/p>\n<p><span style=\"color: #99cc00;\"><strong>Aplicaciones:<\/strong><\/span>\u00a0 Interiores y exteriores.<\/p>\n<p><span style=\"color: #99cc00;\"><strong>Durabilidad al exterior:<\/strong>\u00a0<\/span> 24 meses.<\/p>\n<p><span style=\"color: #99cc00;\"><strong>Tiempo de almacenamiento:<\/strong><\/span>\u00a0 12 meses.<\/p>\n<p><span style=\"color: #99cc00;\"><strong>Temperatura de funcionamiento:<\/strong><\/span>\u00a0 35\u00b0 - 45\u00b0 C.<\/p>\n<p><span style=\"color: #99cc00;\"><strong>Disponibilidad:<\/strong><\/span>\u00a0 C, M, Y, K, LC, LM, LY, LB.<\/p>\n<p><span style=\"color: #99cc00;\"><strong>Envase:<\/strong><\/span>\u00a0 1L (16 botellas por caja).<\/p>\n<p><span style=\"color: #99cc00;\"><strong>Limpiador compatible:<\/strong><\/span>\u00a0 Solvente UV.<\/p>\n<\/div>\n<\/div><\/div><\/div><\/div><\/div><\/div><div id=\"pg-2804-1\"  class=\"panel-grid panel-has-style\" ><div style=\"padding: 100px 0; \" data-overlay=\"true\" data-overlay-color=\"#000000\" class=\"panel-row-style panel-row-style-for-2804-1\" ><div id=\"pgc-2804-1-0\"  class=\"panel-grid-cell\" ><div id=\"panel-2804-1-0-0\" class=\"so-panel widget widget_sow-button panel-first-child panel-last-child\" data-index=\"1\" ><div style=\"text-align: left;\" data-title-color=\"#443f3f\" data-headings-color=\"#443f3f\" class=\"panel-widget-style panel-widget-style-for-2804-1-0-0\" ><div class=\"so-widget-sow-button so-widget-sow-button-atom-8ebf26ec57a3-2804\"><div class=\"ow-button-base ow-button-align-center\">\n\t<a href=\"http:\/\/faunadigital.com.mx.previewc75.carrierzone.com\/wp-content\/uploads\/2019\/07\/fichacyclone290419-1.jpg\" class=\"ow-icon-placement-left ow-button-hover\" target=\"_blank\" rel=\"noopener noreferrer\" \t\t>\n\t\t<span>\n\t\t\t\n\t\t\tFICHA T\u00c9CNICA CYCLONE\t\t<\/span>\n\t<\/a>\n<\/div>\n<\/div><\/div><\/div><\/div><div id=\"pgc-2804-1-1\"  class=\"panel-grid-cell\" ><div id=\"panel-2804-1-1-0\" class=\"so-panel widget widget_sow-button panel-first-child panel-last-child\" data-index=\"2\" ><div style=\"text-align: left;\" data-title-color=\"#443f3f\" data-headings-color=\"#443f3f\" class=\"panel-widget-style panel-widget-style-for-2804-1-1-0\" ><div class=\"so-widget-sow-button so-widget-sow-button-atom-2fc8e6d50262-2804\"><div class=\"ow-button-base ow-button-align-center\">\n\t<a href=\"http:\/\/faunadigital.com.mx.previewc75.carrierzone.com\/wp-content\/uploads\/2019\/07\/CYCLONE.zip\" class=\"ow-icon-placement-left ow-button-hover\" target=\"_blank\" rel=\"noopener noreferrer\" \t\t>\n\t\t<span>\n\t\t\t\n\t\t\tMSDS CYCLONE\t\t<\/span>\n\t<\/a>\n<\/div>\n<\/div><\/div><\/div><\/div><\/div><\/div><div id=\"pg-2804-2\"  class=\"panel-grid panel-has-style\" ><div style=\"padding: 100px 0; \" data-overlay=\"true\" data-overlay-color=\"#000000\" class=\"panel-row-style panel-row-style-for-2804-2\" ><div id=\"pgc-2804-2-0\"  class=\"panel-grid-cell\" ><div id=\"panel-2804-2-0-0\" class=\"so-panel widget widget_sow-button panel-first-child panel-last-child\" data-index=\"3\" ><div style=\"text-align: left;\" data-title-color=\"#443f3f\" data-headings-color=\"#443f3f\" class=\"panel-widget-style panel-widget-style-for-2804-2-0-0\" ><div class=\"so-widget-sow-button so-widget-sow-button-atom-8ebf26ec57a3-2804\"><div class=\"ow-button-base ow-button-align-center\">\n\t<a href=\"http:\/\/faunadigital.com.mx.previewc75.carrierzone.com\/wp-content\/uploads\/2020\/05\/Garanti\u0301a-tintas-Fauna-Insumos-Digitales-002.pdf\" class=\"ow-icon-placement-left ow-button-hover\" target=\"_blank\" rel=\"noopener noreferrer\" \t\t>\n\t\t<span>\n\t\t\t\n\t\t\tGARANT\u00cdA DE TINTAS\t\t<\/span>\n\t<\/a>\n<\/div>\n<\/div><\/div><\/div><\/div><div id=\"pgc-2804-2-1\"  class=\"panel-grid-cell\" ><div id=\"panel-2804-2-1-0\" class=\"so-panel widget widget_sow-button panel-first-child panel-last-child\" data-index=\"4\" ><div style=\"text-align: left;\" data-title-color=\"#443f3f\" data-headings-color=\"#443f3f\" class=\"panel-widget-style panel-widget-style-for-2804-2-1-0\" ><div class=\"so-widget-sow-button so-widget-sow-button-atom-8ebf26ec57a3-2804\"><div class=\"ow-button-base ow-button-align-center\">\n\t<a href=\"http:\/\/faunadigital.com.mx.previewc75.carrierzone.com\/wp-content\/uploads\/2022\/02\/GUIA-CAMBIO-DE-TINTAS.pdf\" class=\"ow-icon-placement-left ow-button-hover\" target=\"_blank\" rel=\"noopener noreferrer\" \t\t>\n\t\t<span>\n\t\t\t\n\t\t\tGU\u00cdA CAMBIO DE TINTAS\t\t<\/span>\n\t<\/a>\n<\/div>\n<\/div><\/div><\/div><\/div><div id=\"pgc-2804-2-2\"  class=\"panel-grid-cell\" ><div id=\"panel-2804-2-2-0\" class=\"so-panel widget widget_sow-button panel-first-child panel-last-child\" data-index=\"5\" ><div style=\"text-align: center;\" data-title-color=\"#443f3f\" data-headings-color=\"#443f3f\" class=\"panel-widget-style panel-widget-style-for-2804-2-2-0\" ><div class=\"so-widget-sow-button so-widget-sow-button-atom-ca86ee54deb6-2804\"><div class=\"ow-button-base ow-button-align-center\">\n\t<a href=\"http:\/\/faunadigital.com.mx.previewc75.carrierzone.com\/wp-content\/uploads\/2018\/07\/CUESTIONARIO-CAMBIO-DE-TINTAS.pdf\" class=\"ow-icon-placement-left ow-button-hover\" target=\"_blank\" rel=\"noopener noreferrer\" \t\t>\n\t\t<span>\n\t\t\t\n\t\t\tFORMATO CAMBIO DE TINTA\t\t<\/span>\n\t<\/a>\n<\/div>\n<\/div><\/div><\/div><\/div><\/div><\/div><\/div>","protected":false},"excerpt":{"rendered":"<p>Las tintas CYCLONE son tintas de curado LED de car\u00e1cter flexible. Poseen un excelente comportamiento sobre sustratos flexibles de tipo vin\u00edlico y pl\u00e1sticos flexibles. Todos los pigmentos utilizados en estas tintas est\u00e1n clasificados en el 7 y el 8 de la Blue Wool Scale, y las pruebas se han realizado seg\u00fan la norma ASTM D-2565-99. [&hellip;]<\/p>\n","protected":false},"author":1,"featured_media":0,"parent":0,"menu_order":0,"comment_status":"closed","ping_status":"closed","template":"page-templates\/page_front-page.php","meta":[],"_links":{"self":[{"href":"http:\/\/faunadigital.com.mx\/index.php?rest_route=\/wp\/v2\/pages\/2804"}],"collection":[{"href":"http:\/\/faunadigital.com.mx\/index.php?rest_route=\/wp\/v2\/pages"}],"about":[{"href":"http:\/\/faunadigital.com.mx\/index.php?rest_route=\/wp\/v2\/types\/page"}],"author":[{"embeddable":true,"href":"http:\/\/faunadigital.com.mx\/index.php?rest_route=\/wp\/v2\/users\/1"}],"replies":[{"embeddable":true,"href":"http:\/\/faunadigital.com.mx\/index.php?rest_route=%2Fwp%2Fv2%2Fcomments&post=2804"}],"version-history":[{"count":19,"href":"http:\/\/faunadigital.com.mx\/index.php?rest_route=\/wp\/v2\/pages\/2804\/revisions"}],"predecessor-version":[{"id":4739,"href":"http:\/\/faunadigital.com.mx\/index.php?rest_route=\/wp\/v2\/pages\/2804\/revisions\/4739"}],"wp:attachment":[{"href":"http:\/\/faunadigital.com.mx\/index.php?rest_route=%2Fwp%2Fv2%2Fmedia&parent=2804"}],"curies":[{"name":"wp","href":"https:\/\/api.w.org\/{rel}","templated":true}]}}