{"id":3388,"date":"2020-03-25T20:18:18","date_gmt":"2020-03-25T20:18:18","guid":{"rendered":"http:\/\/faunadigital.com.mx\/?page_id=3388"},"modified":"2020-03-25T20:24:33","modified_gmt":"2020-03-25T20:24:33","slug":"vinil-mate-adhesivo-gris","status":"publish","type":"page","link":"http:\/\/faunadigital.com.mx\/?page_id=3388","title":{"rendered":"VINIL MATE ADHESIVO GRIS"},"content":{"rendered":"<div id=\"pl-3388\"  class=\"panel-layout\" ><div id=\"pg-3388-0\"  class=\"panel-grid panel-has-style\" ><div style=\"padding: 100px 0; \" data-overlay=\"true\" data-overlay-color=\"#000000\" class=\"panel-row-style panel-row-style-for-3388-0\" ><div id=\"pgc-3388-0-0\"  class=\"panel-grid-cell\" ><div id=\"panel-3388-0-0-0\" class=\"so-panel widget widget_text panel-first-child panel-last-child\" data-index=\"0\" ><div style=\"text-align: left;\" data-title-color=\"#443f3f\" data-headings-color=\"#443f3f\" class=\"panel-widget-style panel-widget-style-for-3388-0-0-0\" >\t\t\t<div class=\"textwidget\"><h3><span style=\"color: #99cc00;\">Caracter\u00edsticas<\/span><\/h3>\n<p>\u2022 Suave superficie, especialmente para impresoras solventes, ecosolventes, UV y Latex.<br \/>\n\u2022 Excelente capacidad de impresi\u00f3n, conversi\u00f3n y caracter\u00edsticas de aplicaci\u00f3n<br \/>\n\u2022 Acabado mate<br \/>\n\u2022 Excelente adhesi\u00f3n a una amplia variedad de sustratos<\/p>\n<h3><span style=\"color: #99cc00;\">Descripci\u00f3n<\/span><\/h3>\n<p>Film: 100 micrones monom\u00e9rico blanco mate, suave y satinada pel\u00edcula de PVC<br \/>\nAdhesivo: acr\u00edlico solvente base girs<br \/>\nPapel: Un lado del PE y de silicio recubierto de papel de pulpa de madera, 140gsm<br \/>\nAncho: 1.06 &#8211; 1.52 mts<br \/>\nLongitud: 100 \/ 50 mts<br \/>\nVida \u00fatil: Hasta 1 a\u00f1o a 20 \u00b0 C y una humedad relativa de 50%<br \/>\nDurabilidad al exterior: hasta 2 a\u00f1os<\/p>\n<h3><span style=\"color: #99cc00;\">Aplicaciones:<\/span><\/h3>\n<p>Solvente, ecosolvente, UV, de inyecci\u00f3n de tinta l\u00e1tex<\/p>\n<h3><span style=\"color: #99cc00;\">Las aplicaciones m\u00e1s comunes<\/span><\/h3>\n<p>\u2022 Rotulaci\u00f3n<br \/>\n\u2022 POP<br \/>\n\u2022 Aplicaci\u00f3n en muros, vidrios, etc.<\/p>\n<\/div>\n\t\t<\/div><\/div><\/div><\/div><\/div><div id=\"pg-3388-1\"  class=\"panel-grid panel-has-style\" ><div style=\"padding: 100px 0; \" data-overlay=\"true\" data-overlay-color=\"#000000\" class=\"panel-row-style panel-row-style-for-3388-1\" ><div id=\"pgc-3388-1-0\"  class=\"panel-grid-cell\" ><div id=\"panel-3388-1-0-0\" class=\"so-panel widget widget_sow-button panel-first-child panel-last-child\" data-index=\"1\" ><div style=\"text-align: left;\" data-title-color=\"#443f3f\" data-headings-color=\"#443f3f\" class=\"panel-widget-style panel-widget-style-for-3388-1-0-0\" ><div class=\"so-widget-sow-button so-widget-sow-button-atom-ca86ee54deb6-3388\"><div class=\"ow-button-base ow-button-align-center\">\n\t<a href=\"http:\/\/faunadigital.com.mx\/wp-content\/uploads\/2020\/03\/vinilmatebasegris.png\" class=\"ow-icon-placement-left ow-button-hover\" target=\"_blank\" rel=\"noopener noreferrer\" \t\t>\n\t\t<span>\n\t\t\t\n\t\t\tFICHA T\u00c9CNICA\t\t<\/span>\n\t<\/a>\n<\/div>\n<\/div><\/div><\/div><\/div><\/div><\/div><\/div>","protected":false},"excerpt":{"rendered":"<p>Caracter\u00edsticas \u2022 Suave superficie, especialmente para impresoras solventes, ecosolventes, UV y Latex. \u2022 Excelente capacidad de impresi\u00f3n, conversi\u00f3n y caracter\u00edsticas de aplicaci\u00f3n \u2022 Acabado mate \u2022 Excelente adhesi\u00f3n a una amplia variedad de sustratos Descripci\u00f3n Film: 100 micrones monom\u00e9rico blanco mate, suave y satinada pel\u00edcula de PVC Adhesivo: acr\u00edlico solvente base girs Papel: Un lado [&hellip;]<\/p>\n","protected":false},"author":1,"featured_media":0,"parent":0,"menu_order":0,"comment_status":"closed","ping_status":"closed","template":"page-templates\/page_front-page.php","meta":[],"_links":{"self":[{"href":"http:\/\/faunadigital.com.mx\/index.php?rest_route=\/wp\/v2\/pages\/3388"}],"collection":[{"href":"http:\/\/faunadigital.com.mx\/index.php?rest_route=\/wp\/v2\/pages"}],"about":[{"href":"http:\/\/faunadigital.com.mx\/index.php?rest_route=\/wp\/v2\/types\/page"}],"author":[{"embeddable":true,"href":"http:\/\/faunadigital.com.mx\/index.php?rest_route=\/wp\/v2\/users\/1"}],"replies":[{"embeddable":true,"href":"http:\/\/faunadigital.com.mx\/index.php?rest_route=%2Fwp%2Fv2%2Fcomments&post=3388"}],"version-history":[{"count":6,"href":"http:\/\/faunadigital.com.mx\/index.php?rest_route=\/wp\/v2\/pages\/3388\/revisions"}],"predecessor-version":[{"id":3395,"href":"http:\/\/faunadigital.com.mx\/index.php?rest_route=\/wp\/v2\/pages\/3388\/revisions\/3395"}],"wp:attachment":[{"href":"http:\/\/faunadigital.com.mx\/index.php?rest_route=%2Fwp%2Fv2%2Fmedia&parent=3388"}],"curies":[{"name":"wp","href":"https:\/\/api.w.org\/{rel}","templated":true}]}}