{"id":3398,"date":"2020-03-26T21:23:40","date_gmt":"2020-03-26T21:23:40","guid":{"rendered":"http:\/\/faunadigital.com.mx\/?page_id=3398"},"modified":"2021-06-11T02:09:01","modified_gmt":"2021-06-11T02:09:01","slug":"gzt2513gn","status":"publish","type":"page","link":"http:\/\/faunadigital.com.mx\/?page_id=3398","title":{"rendered":"GZT2513GN"},"content":{"rendered":"<div id=\"pl-3398\"  class=\"panel-layout\" ><div id=\"pg-3398-0\"  class=\"panel-grid panel-has-style\" ><div style=\"padding: 100px 0; \" data-overlay=\"true\" data-overlay-color=\"#000000\" class=\"panel-row-style panel-row-style-for-3398-0\" ><div id=\"pgc-3398-0-0\"  class=\"panel-grid-cell\" ><div id=\"panel-3398-0-0-0\" class=\"so-panel widget widget_media_image panel-first-child panel-last-child\" data-index=\"0\" ><div style=\"text-align: center;\" data-title-color=\"#443f3f\" data-headings-color=\"#443f3f\" class=\"panel-widget-style panel-widget-style-for-3398-0-0-0\" ><img width=\"1024\" height=\"656\" src=\"http:\/\/faunadigital.com.mx\/wp-content\/uploads\/2020\/03\/gzt2513gn-1024x656.png\" class=\"image wp-image-3399  attachment-large size-large\" alt=\"\" loading=\"lazy\" style=\"max-width: 100%; height: auto;\" srcset=\"http:\/\/faunadigital.com.mx\/wp-content\/uploads\/2020\/03\/gzt2513gn-1024x656.png 1024w, http:\/\/faunadigital.com.mx\/wp-content\/uploads\/2020\/03\/gzt2513gn-300x192.png 300w, http:\/\/faunadigital.com.mx\/wp-content\/uploads\/2020\/03\/gzt2513gn-768x492.png 768w, http:\/\/faunadigital.com.mx\/wp-content\/uploads\/2020\/03\/gzt2513gn-830x532.png 830w, http:\/\/faunadigital.com.mx\/wp-content\/uploads\/2020\/03\/gzt2513gn-230x147.png 230w, http:\/\/faunadigital.com.mx\/wp-content\/uploads\/2020\/03\/gzt2513gn-350x224.png 350w, http:\/\/faunadigital.com.mx\/wp-content\/uploads\/2020\/03\/gzt2513gn-480x308.png 480w, http:\/\/faunadigital.com.mx\/wp-content\/uploads\/2020\/03\/gzt2513gn.png 1389w\" sizes=\"(max-width: 1024px) 100vw, 1024px\" \/><\/div><\/div><\/div><\/div><\/div><div id=\"pg-3398-1\"  class=\"panel-grid panel-has-style\" ><div style=\"padding: 100px 0; \" data-overlay=\"true\" data-overlay-color=\"#000000\" class=\"panel-row-style panel-row-style-for-3398-1\" ><div id=\"pgc-3398-1-0\"  class=\"panel-grid-cell\" ><div id=\"panel-3398-1-0-0\" class=\"so-panel widget widget_sow-editor panel-first-child panel-last-child\" data-index=\"1\" ><div style=\"text-align: left;\" data-title-color=\"#443f3f\" data-headings-color=\"#443f3f\" class=\"panel-widget-style panel-widget-style-for-3398-1-0-0\" ><div class=\"so-widget-sow-editor so-widget-sow-editor-base\">\n<div class=\"siteorigin-widget-tinymce textwidget\">\n\t<h3><span style=\"color: #99cc00;\">Impresora cama plana UV de Gran Formato<\/span><\/h3>\n<h3><span style=\"color: #99cc00;\">Modelo<\/span><\/h3>\n<p>GZT2513GN<\/p>\n<h3><span style=\"color: #99cc00;\">Cabezales<\/span><\/h3>\n<p>3-5 Ricoh Gen5<\/p>\n<h3><span style=\"color: #99cc00;\">Resoluci\u00f3n<\/span><\/h3>\n<p>720x900 - 720x2400 dpi<\/p>\n<h3><span style=\"color: #99cc00;\">Sistema de curado<\/span><\/h3>\n<p>L\u00e1mparas de curado LED con sistema de refrigeraci\u00f3n por agua<\/p>\n<h3><span style=\"color: #99cc00;\">Tinta<\/span><\/h3>\n<p>UV<\/p>\n<h3><span style=\"color: #99cc00;\">Colores<\/span><\/h3>\n<p>1xCMYK + 1XWW<\/p>\n<p>1xCMYK + 1XWW + 1xVV<\/p>\n<p>1xCMYK + 2XWW + 2xVV<\/p>\n<p>2xCMYK + 1XWW<\/p>\n<p>2xCMYK + 2XWW<\/p>\n<p>3xCMYK + 2XWW<\/p>\n<h3><span style=\"color: #99cc00;\">Sistema de suministro de tinta<\/span><\/h3>\n<p>Sistema de presi\u00f3n negativa GNTEK, de circulaci\u00f3n y agitaci\u00f3n de la l\u00ednea de tinta blanca<\/p>\n<h3><span style=\"color: #99cc00;\">Tanques de tinta<\/span><\/h3>\n<p>2500 ml<\/p>\n<h3><span style=\"color: #99cc00;\">Grosor de material<\/span><\/h3>\n<p>Max. 100ml<\/p>\n<h3><span style=\"color: #99cc00;\">Tipo de materiales<\/span><\/h3>\n<p>Acr\u00edlico, Alum\u00ednio, Foam Board, PVC, Piel, Vidrio, Madera, Cer\u00e1mica, etc.<\/p>\n<h3><span style=\"color: #99cc00;\">Tama\u00f1o de mesa<\/span><\/h3>\n<p>2650x1325mm<\/p>\n<h3><span style=\"color: #99cc00;\">Tama\u00f1o de impresi\u00f3n<\/span><\/h3>\n<p>2500x1325mm<\/p>\n<h3><span style=\"color: #99cc00;\">Velocidad de impresi\u00f3n<\/span><\/h3>\n<p>1xCMYK\u00a0 \u00a0 \u00a0 \u00a0 \u00a0 \u00a0 \u00a0 \u00a0 \u00a0 2xCMYK<\/p>\n<p>Draft 720x900 dpi\u00a0 \u00a0 \u00a0 \u00a0 \u00a0 \u00a0 \u00a0 \u00a0 \u00a0 \u00a0 \u00a0 \u00a0 14m\u00b2\/h\u00a0 \u00a0 \u00a0 \u00a0 \u00a0 \u00a0 \u00a0 \u00a0 \u00a0 \u00a0 28m\u00b2\/h<\/p>\n<p>Producci\u00f3n 720x900 dpi\u00a0 \u00a0 \u00a0 \u00a0 \u00a0 \u00a0 \u00a010m\u00b2\/h\u00a0 \u00a0 \u00a0 \u00a0 \u00a0 \u00a0 \u00a0 \u00a0 \u00a0 \u00a0 20m\u00b2\/h<\/p>\n<p>Alta resoluci\u00f3n 720x1800 dpi\u00a0 \u00a0 8.5m\u00b2\/h\u00a0 \u00a0 \u00a0 \u00a0 \u00a0 \u00a0 \u00a0 \u00a0 \u00a0 \u00a017m\u00b2\/h<\/p>\n<p>Foto 720x2400 dpi\u00a0 \u00a0 \u00a0 \u00a0 \u00a0 \u00a0 \u00a0 \u00a0 \u00a0 \u00a0 \u00a0 \u00a06.5m\u00b2\/h\u00a0 \u00a0 \u00a0 \u00a0 \u00a0 \u00a0 \u00a0 \u00a0 \u00a0 \u00a013m\u00b2\/h<\/p>\n<h3><span style=\"color: #99cc00;\">Entorno de trabajo<\/span><\/h3>\n<p>Temperatura 20\u00b0 a 30\u00b0 C Humerdad 35% - 65%<\/p>\n<h3><span style=\"color: #99cc00;\">Software<\/span><\/h3>\n<p>Photoprint + GZ \/ FlexiPrint Fauna Ultimate<\/p>\n<h3><span style=\"color: #99cc00;\">Power<\/span><\/h3>\n<p>Monof\u00e1sico 50\/60Hz, AC220V\u00b110% 13A(Impresora y controladorUV)+14A(Sistema de vacio)<\/p>\n<h3><span style=\"color: #99cc00;\">Equipo instalado\/Empaque<\/span><\/h3>\n<p>LxWxH(mm): 4452x2000x1453 \/ 4500x2140x1550<\/p>\n<h3><span style=\"color: #99cc00;\">N.W.<\/span><\/h3>\n<p>1591 kgs \/ 1185 kgs<\/p>\n<\/div>\n<\/div><\/div><\/div><\/div><div id=\"pgc-3398-1-1\"  class=\"panel-grid-cell\" ><div id=\"panel-3398-1-1-0\" class=\"so-panel widget widget_media_image panel-first-child panel-last-child\" data-index=\"2\" ><div style=\"text-align: center;\" data-title-color=\"#443f3f\" data-headings-color=\"#443f3f\" class=\"panel-widget-style panel-widget-style-for-3398-1-1-0\" ><img width=\"223\" height=\"1024\" src=\"http:\/\/faunadigital.com.mx\/wp-content\/uploads\/2019\/05\/gzf3200uvs01-223x1024.png\" class=\"image wp-image-2633  attachment-large size-large\" alt=\"\" loading=\"lazy\" style=\"max-width: 100%; height: auto;\" srcset=\"http:\/\/faunadigital.com.mx\/wp-content\/uploads\/2019\/05\/gzf3200uvs01-223x1024.png 223w, http:\/\/faunadigital.com.mx\/wp-content\/uploads\/2019\/05\/gzf3200uvs01-230x1056.png 230w, http:\/\/faunadigital.com.mx\/wp-content\/uploads\/2019\/05\/gzf3200uvs01.png 268w\" sizes=\"(max-width: 223px) 100vw, 223px\" \/><\/div><\/div><\/div><\/div><\/div><div id=\"pg-3398-2\"  class=\"panel-grid panel-has-style\" ><div style=\"padding: 100px 0; \" data-overlay=\"true\" data-overlay-color=\"#000000\" class=\"panel-row-style panel-row-style-for-3398-2\" ><div id=\"pgc-3398-2-0\"  class=\"panel-grid-cell panel-grid-cell-mobile-last\" ><div id=\"panel-3398-2-0-0\" class=\"so-panel widget widget_sow-button panel-first-child panel-last-child\" data-index=\"3\" ><div style=\"text-align: center;\" data-title-color=\"#443f3f\" data-headings-color=\"#443f3f\" class=\"panel-widget-style panel-widget-style-for-3398-2-0-0\" ><div class=\"so-widget-sow-button so-widget-sow-button-atom-ca86ee54deb6-3398\"><div class=\"ow-button-base ow-button-align-center\">\n\t<a href=\"http:\/\/faunadigital.com.mx\/wp-content\/uploads\/2021\/06\/flyergzt2513gn.jpg\" class=\"ow-icon-placement-left ow-button-hover\" target=\"_blank\" rel=\"noopener noreferrer\" \t\t>\n\t\t<span>\n\t\t\t\n\t\t\tFICHA T\u00c9CNICA\t\t<\/span>\n\t<\/a>\n<\/div>\n<\/div><\/div><\/div><\/div><div id=\"pgc-3398-2-1\"  class=\"panel-grid-cell panel-grid-cell-empty\" ><\/div><\/div><\/div><\/div>","protected":false},"excerpt":{"rendered":"<p>Impresora cama plana UV de Gran Formato Modelo GZT2513GN Cabezales 3-5 Ricoh Gen5 Resoluci\u00f3n 720&#215;900 &#8211; 720&#215;2400 dpi Sistema de curado L\u00e1mparas de curado LED con sistema de refrigeraci\u00f3n por agua Tinta UV Colores 1xCMYK + 1XWW 1xCMYK + 1XWW + 1xVV 1xCMYK + 2XWW + 2xVV 2xCMYK + 1XWW 2xCMYK + 2XWW 3xCMYK + [&hellip;]<\/p>\n","protected":false},"author":1,"featured_media":0,"parent":0,"menu_order":0,"comment_status":"closed","ping_status":"closed","template":"page-templates\/page_front-page.php","meta":[],"_links":{"self":[{"href":"http:\/\/faunadigital.com.mx\/index.php?rest_route=\/wp\/v2\/pages\/3398"}],"collection":[{"href":"http:\/\/faunadigital.com.mx\/index.php?rest_route=\/wp\/v2\/pages"}],"about":[{"href":"http:\/\/faunadigital.com.mx\/index.php?rest_route=\/wp\/v2\/types\/page"}],"author":[{"embeddable":true,"href":"http:\/\/faunadigital.com.mx\/index.php?rest_route=\/wp\/v2\/users\/1"}],"replies":[{"embeddable":true,"href":"http:\/\/faunadigital.com.mx\/index.php?rest_route=%2Fwp%2Fv2%2Fcomments&post=3398"}],"version-history":[{"count":16,"href":"http:\/\/faunadigital.com.mx\/index.php?rest_route=\/wp\/v2\/pages\/3398\/revisions"}],"predecessor-version":[{"id":4184,"href":"http:\/\/faunadigital.com.mx\/index.php?rest_route=\/wp\/v2\/pages\/3398\/revisions\/4184"}],"wp:attachment":[{"href":"http:\/\/faunadigital.com.mx\/index.php?rest_route=%2Fwp%2Fv2%2Fmedia&parent=3398"}],"curies":[{"name":"wp","href":"https:\/\/api.w.org\/{rel}","templated":true}]}}