{"id":3645,"date":"2020-08-03T22:30:49","date_gmt":"2020-08-03T22:30:49","guid":{"rendered":"http:\/\/faunadigital.com.mx\/?page_id=3645"},"modified":"2020-08-03T23:38:04","modified_gmt":"2020-08-03T23:38:04","slug":"vinil-floor-graphic","status":"publish","type":"page","link":"http:\/\/faunadigital.com.mx\/?page_id=3645","title":{"rendered":"VINIL FLOOR GRAPHIC"},"content":{"rendered":"<div id=\"pl-3645\"  class=\"panel-layout\" ><div id=\"pg-3645-0\"  class=\"panel-grid panel-has-style\" ><div style=\"padding: 100px 0; \" data-overlay=\"true\" class=\"panel-row-style panel-row-style-for-3645-0\" ><div id=\"pgc-3645-0-0\"  class=\"panel-grid-cell\" ><div id=\"panel-3645-0-0-0\" class=\"so-panel widget widget_sow-editor panel-first-child panel-last-child\" data-index=\"0\" ><div style=\"text-align: left;\" data-title-color=\"#443f3f\" data-headings-color=\"#443f3f\" class=\"panel-widget-style panel-widget-style-for-3645-0-0-0\" ><div class=\"so-widget-sow-editor so-widget-sow-editor-base\">\n<div class=\"siteorigin-widget-tinymce textwidget\">\n\t<h3><span style=\"color: #99cc00;\">Caracter\u00edsticas<\/span><\/h3>\n<p>Vinil flexible polipropileno transparente texturizado de 3.75 mil (93.75 micras) dise\u00f1ado para sobre laminar calcoman\u00edas. Este laminado es tambi\u00e9n una alternativa ecol\u00f3gica a las pel\u00edculas de PVC. El sobrelaminado con adhesivo acr\u00edlico permanente sensible a la presi\u00f3n ofrece una claridad y un enlace excepcional para todo tipo de aplicaciones.\u00a0 El adhesivo est\u00e1 aprobado para contacto indirecto con alimentos. El adhesivo esta formulado para adherirse a las tintas de impresi\u00f3n m\u00e1s comunes. Sin embargo, las formulaciones espec\u00edficas deben ser probadas antes de su uso. Algunas tintas pueden contener aditivos de flujo excesivo que podr\u00edan reducir la adhesi\u00f3n de este producto.<\/p>\n<h3><span style=\"color: #99cc00;\">Aplicaciones:<\/span><\/h3>\n<p>Anuncios y calcoman\u00edas en pisos, mesas y mostradores en interiores y por corto plazo.<\/p>\n<p>&nbsp;<\/p>\n<h3><span style=\"color: #99cc00;\">Descripci\u00f3n<\/span><\/h3>\n<p><strong>Resistencia Antiderrapante:<\/strong>\u00a0GF 213 est\u00e1 clasificado bajo Underwriters Laboratories, Inc. como Antiderrapante solamente de acuerdo al UL 410.<\/p>\n<p><strong>Grosor:<\/strong> Pel\u00edcula 3.75 mil (93.75 mic), Adhesivo .8 a 1.1 mil (20 mic a 27.5 mic),\u00a0 Liner 4.0 mil (100 mic) (Variaci\u00f3n del grosor +\/- 10%)<\/p>\n<p><strong>Rangos de Temperatura:<\/strong> Temperatura m\u00ednima de aplicaci\u00f3n +40\u00b0F (4.4\u00b0C) Rango de temperatura de servicio -40\u00b0F a 200\u00b0F (-40 a 93.3\u00b0C).<\/p>\n<p><strong>Exposici\u00f3n Exterior Esperada: <\/strong>Hasta 6 meses bajo condiciones normales.<\/p>\n<p><strong>Durabilidad:<\/strong> Hasta 6 meses bajo condiciones normales.<\/p>\n<p><strong>Resistencia al Agua:<\/strong> Buena<\/p>\n<p><strong>Resistencia a la Humedad:<\/strong> Excelente<\/p>\n<p><strong>Estabilidad de Almacenamiento:<\/strong> 6 meses de vida \u00fatil en el anaquel cuando se almacena a 70\u00b0F (21.1\u00b0C) y 50% de humedad relativa.<\/p>\n<\/div>\n<\/div><\/div><\/div><\/div><\/div><\/div><div id=\"pg-3645-1\"  class=\"panel-grid panel-has-style\" ><div style=\"padding: 100px 0; \" data-overlay=\"true\" data-overlay-color=\"#000000\" class=\"panel-row-style panel-row-style-for-3645-1\" ><div id=\"pgc-3645-1-0\"  class=\"panel-grid-cell\" ><div id=\"panel-3645-1-0-0\" class=\"so-panel widget widget_sow-button panel-first-child panel-last-child\" data-index=\"1\" ><div style=\"text-align: left;\" data-title-color=\"#443f3f\" data-headings-color=\"#443f3f\" class=\"panel-widget-style panel-widget-style-for-3645-1-0-0\" ><div class=\"so-widget-sow-button so-widget-sow-button-atom-ca86ee54deb6-3645\"><div class=\"ow-button-base ow-button-align-center\">\n\t<a href=\"http:\/\/faunadigital.com.mx\/wp-content\/uploads\/2020\/08\/fichalaminado.jpg\" class=\"ow-icon-placement-left ow-button-hover\" target=\"_blank\" rel=\"noopener noreferrer\" \t\t>\n\t\t<span>\n\t\t\t\n\t\t\tFICHA TECNICA\t\t<\/span>\n\t<\/a>\n<\/div>\n<\/div><\/div><\/div><\/div><\/div><\/div><\/div>","protected":false},"excerpt":{"rendered":"<p>Caracter\u00edsticas Vinil flexible polipropileno transparente texturizado de 3.75 mil (93.75 micras) dise\u00f1ado para sobre laminar calcoman\u00edas. Este laminado es tambi\u00e9n una alternativa ecol\u00f3gica a las pel\u00edculas de PVC. El sobrelaminado con adhesivo acr\u00edlico permanente sensible a la presi\u00f3n ofrece una claridad y un enlace excepcional para todo tipo de aplicaciones.\u00a0 El adhesivo est\u00e1 aprobado para [&hellip;]<\/p>\n","protected":false},"author":1,"featured_media":0,"parent":0,"menu_order":0,"comment_status":"closed","ping_status":"closed","template":"page-templates\/page_front-page.php","meta":[],"_links":{"self":[{"href":"http:\/\/faunadigital.com.mx\/index.php?rest_route=\/wp\/v2\/pages\/3645"}],"collection":[{"href":"http:\/\/faunadigital.com.mx\/index.php?rest_route=\/wp\/v2\/pages"}],"about":[{"href":"http:\/\/faunadigital.com.mx\/index.php?rest_route=\/wp\/v2\/types\/page"}],"author":[{"embeddable":true,"href":"http:\/\/faunadigital.com.mx\/index.php?rest_route=\/wp\/v2\/users\/1"}],"replies":[{"embeddable":true,"href":"http:\/\/faunadigital.com.mx\/index.php?rest_route=%2Fwp%2Fv2%2Fcomments&post=3645"}],"version-history":[{"count":8,"href":"http:\/\/faunadigital.com.mx\/index.php?rest_route=\/wp\/v2\/pages\/3645\/revisions"}],"predecessor-version":[{"id":3654,"href":"http:\/\/faunadigital.com.mx\/index.php?rest_route=\/wp\/v2\/pages\/3645\/revisions\/3654"}],"wp:attachment":[{"href":"http:\/\/faunadigital.com.mx\/index.php?rest_route=%2Fwp%2Fv2%2Fmedia&parent=3645"}],"curies":[{"name":"wp","href":"https:\/\/api.w.org\/{rel}","templated":true}]}}