{"id":4028,"date":"2021-04-22T18:50:15","date_gmt":"2021-04-22T18:50:15","guid":{"rendered":"http:\/\/faunadigital.com.mx\/?page_id=4028"},"modified":"2021-12-29T20:01:33","modified_gmt":"2021-12-29T20:01:33","slug":"fd1900","status":"publish","type":"page","link":"http:\/\/faunadigital.com.mx\/?page_id=4028","title":{"rendered":"V5-S1804"},"content":{"rendered":"<div id=\"pl-4028\"  class=\"panel-layout\" ><div id=\"pg-4028-0\"  class=\"panel-grid panel-has-style\" ><div style=\"padding: 100px 0; \" data-overlay=\"true\" data-overlay-color=\"#000000\" class=\"panel-row-style panel-row-style-for-4028-0\" ><div id=\"pgc-4028-0-0\"  class=\"panel-grid-cell\" ><div id=\"panel-4028-0-0-0\" class=\"so-panel widget widget_media_image panel-first-child panel-last-child\" data-index=\"0\" ><div style=\"text-align: center;\" data-title-color=\"#443f3f\" data-headings-color=\"#443f3f\" class=\"panel-widget-style panel-widget-style-for-4028-0-0-0\" ><img width=\"756\" height=\"354\" src=\"http:\/\/faunadigital.com.mx\/wp-content\/uploads\/2021\/06\/V5-S1802.png\" class=\"image wp-image-4206  attachment-full size-full\" alt=\"\" loading=\"lazy\" style=\"max-width: 100%; height: auto;\" srcset=\"http:\/\/faunadigital.com.mx\/wp-content\/uploads\/2021\/06\/V5-S1802.png 756w, http:\/\/faunadigital.com.mx\/wp-content\/uploads\/2021\/06\/V5-S1802-300x140.png 300w, http:\/\/faunadigital.com.mx\/wp-content\/uploads\/2021\/06\/V5-S1802-230x108.png 230w, http:\/\/faunadigital.com.mx\/wp-content\/uploads\/2021\/06\/V5-S1802-350x164.png 350w, http:\/\/faunadigital.com.mx\/wp-content\/uploads\/2021\/06\/V5-S1802-480x225.png 480w\" sizes=\"(max-width: 756px) 100vw, 756px\" \/><\/div><\/div><\/div><\/div><\/div><div id=\"pg-4028-1\"  class=\"panel-grid panel-has-style\" ><div style=\"padding: 100px 0; \" data-overlay=\"true\" data-overlay-color=\"#000000\" class=\"panel-row-style panel-row-style-for-4028-1\" ><div id=\"pgc-4028-1-0\"  class=\"panel-grid-cell panel-grid-cell-mobile-last\" ><div id=\"panel-4028-1-0-0\" class=\"so-panel widget widget_sow-editor panel-first-child panel-last-child\" data-index=\"1\" ><div style=\"text-align: left;\" data-title-color=\"#443f3f\" data-headings-color=\"#443f3f\" class=\"panel-widget-style panel-widget-style-for-4028-1-0-0\" ><div class=\"so-widget-sow-editor so-widget-sow-editor-base\">\n<div class=\"siteorigin-widget-tinymce textwidget\">\n\t<h3><span style=\"color: #99cc00;\">Modelo<\/span><\/h3>\n<p class=\"p1\">V5-S1804<\/p>\n<h3><span style=\"color: #99cc00;\">Tipo de Cabezal<\/span><\/h3>\n<p class=\"p1\">i3200 4pcs<\/p>\n<h3><span style=\"color: #99cc00;\">Velocidades de impresi\u00f3n<\/span><\/h3>\n<p class=\"p1\">4 Pas: 60m2 \/ 6 Pas: 30m2<\/p>\n<h3><span style=\"color: #99cc00;\">Ancho de impresi\u00f3n<\/span><\/h3>\n<p class=\"p1\">1.80 mts<\/p>\n<h3><span style=\"color: #99cc00;\">Materiales<\/span><\/h3>\n<p class=\"p1\">Todo tipo de materiales de decoraci\u00f3n, como: papel fotogr\u00e1fico Canvas, Vinil, PP, etc.<\/p>\n<h3><span style=\"color: #99cc00;\">Rip Software<\/span><\/h3>\n<p class=\"p1\">Photoprint \/ FlexiPrint Fauna Ultimate<\/p>\n<h3><span style=\"color: #99cc00;\">Sistema de Secado<\/span><\/h3>\n<p class=\"p1\">Precalentador \/ Calentador medio + Sistema de secado infrarrojo y ventilador + Calentador trasero (opcional)<\/p>\n<h3><span style=\"color: #99cc00;\">Sistema operaci\u00f3n<\/span><\/h3>\n<p class=\"p1\">WIN 7 y superior, 64 Bits; CPU i5 y superior, tarjeta madre ASUS 3.0 HZ; disco con SSD 150G, disco adjunto 1TB<\/p>\n<h3><span style=\"color: #99cc00;\">Temperatura \/ Humedad<\/span><\/h3>\n<p>20\u00b0C - 30 \u00b0C \/ 50 - 65%<\/p>\n<h3><span style=\"color: #99cc00;\">Consumo de energia<\/span><\/h3>\n<p class=\"p1\">Impresora: 230 W, Secador externo: 1200 W<\/p>\n<h3><span style=\"color: #99cc00;\">Dimensiones de empaque<\/span><\/h3>\n<p class=\"p1\">L 3070 x W 840 x H 760 mm<\/p>\n<h3><span style=\"color: #99cc00;\">Peso neto<\/span><\/h3>\n<p class=\"p1\">226 KG<\/p>\n<h3><span style=\"color: #99cc00;\">Peso bruto<\/span><\/h3>\n<p class=\"p1\">308 KG<\/p>\n<\/div>\n<\/div><\/div><\/div><\/div><div id=\"pgc-4028-1-1\"  class=\"panel-grid-cell panel-grid-cell-empty\" ><\/div><\/div><\/div><div id=\"pg-4028-2\"  class=\"panel-grid panel-has-style\" ><div style=\"padding: 100px 0; \" data-overlay=\"true\" data-overlay-color=\"#000000\" class=\"panel-row-style panel-row-style-for-4028-2\" ><div id=\"pgc-4028-2-0\"  class=\"panel-grid-cell\" ><div id=\"panel-4028-2-0-0\" class=\"so-panel widget widget_sow-button panel-first-child panel-last-child\" data-index=\"2\" ><div style=\"text-align: center;\" data-title-color=\"#443f3f\" data-headings-color=\"#443f3f\" class=\"panel-widget-style panel-widget-style-for-4028-2-0-0\" ><div class=\"so-widget-sow-button so-widget-sow-button-atom-ca86ee54deb6-4028\"><div class=\"ow-button-base ow-button-align-center\">\n\t<a href=\"http:\/\/faunadigital.com.mx\/wp-content\/uploads\/2021\/12\/VS-51804.jpg\" class=\"ow-icon-placement-left ow-button-hover\" target=\"_blank\" rel=\"noopener noreferrer\" \t\t>\n\t\t<span>\n\t\t\t\n\t\t\tFICHA T\u00c9CNICA\t\t<\/span>\n\t<\/a>\n<\/div>\n<\/div><\/div><\/div><\/div><\/div><\/div><\/div>","protected":false},"excerpt":{"rendered":"<p>Modelo V5-S1804 Tipo de Cabezal i3200 4pcs Velocidades de impresi\u00f3n 4 Pas: 60m2 \/ 6 Pas: 30m2 Ancho de impresi\u00f3n 1.80 mts Materiales Todo tipo de materiales de decoraci\u00f3n, como: papel fotogr\u00e1fico Canvas, Vinil, PP, etc. Rip Software Photoprint \/ FlexiPrint Fauna Ultimate Sistema de Secado Precalentador \/ Calentador medio + Sistema de secado infrarrojo [&hellip;]<\/p>\n","protected":false},"author":1,"featured_media":0,"parent":0,"menu_order":0,"comment_status":"closed","ping_status":"closed","template":"page-templates\/page_front-page.php","meta":[],"_links":{"self":[{"href":"http:\/\/faunadigital.com.mx\/index.php?rest_route=\/wp\/v2\/pages\/4028"}],"collection":[{"href":"http:\/\/faunadigital.com.mx\/index.php?rest_route=\/wp\/v2\/pages"}],"about":[{"href":"http:\/\/faunadigital.com.mx\/index.php?rest_route=\/wp\/v2\/types\/page"}],"author":[{"embeddable":true,"href":"http:\/\/faunadigital.com.mx\/index.php?rest_route=\/wp\/v2\/users\/1"}],"replies":[{"embeddable":true,"href":"http:\/\/faunadigital.com.mx\/index.php?rest_route=%2Fwp%2Fv2%2Fcomments&post=4028"}],"version-history":[{"count":15,"href":"http:\/\/faunadigital.com.mx\/index.php?rest_route=\/wp\/v2\/pages\/4028\/revisions"}],"predecessor-version":[{"id":4619,"href":"http:\/\/faunadigital.com.mx\/index.php?rest_route=\/wp\/v2\/pages\/4028\/revisions\/4619"}],"wp:attachment":[{"href":"http:\/\/faunadigital.com.mx\/index.php?rest_route=%2Fwp%2Fv2%2Fmedia&parent=4028"}],"curies":[{"name":"wp","href":"https:\/\/api.w.org\/{rel}","templated":true}]}}