{"id":4165,"date":"2021-06-11T01:12:31","date_gmt":"2021-06-11T01:12:31","guid":{"rendered":"http:\/\/faunadigital.com.mx\/?page_id=4165"},"modified":"2021-06-23T05:34:43","modified_gmt":"2021-06-23T05:34:43","slug":"gzf3208d","status":"publish","type":"page","link":"http:\/\/faunadigital.com.mx\/?page_id=4165","title":{"rendered":"GZF3208D"},"content":{"rendered":"<div id=\"pl-4165\"  class=\"panel-layout\" ><div id=\"pg-4165-0\"  class=\"panel-grid panel-has-style\" ><div style=\"padding: 100px 0; \" data-overlay=\"true\" data-overlay-color=\"#000000\" class=\"panel-row-style panel-row-style-for-4165-0\" ><div id=\"pgc-4165-0-0\"  class=\"panel-grid-cell\" ><div id=\"panel-4165-0-0-0\" class=\"so-panel widget widget_media_image panel-first-child panel-last-child\" data-index=\"0\" ><div style=\"text-align: center;\" data-title-color=\"#443f3f\" data-headings-color=\"#443f3f\" class=\"panel-widget-style panel-widget-style-for-4165-0-0-0\" ><img width=\"756\" height=\"354\" src=\"http:\/\/faunadigital.com.mx\/wp-content\/uploads\/2021\/06\/gzf3208d.png\" class=\"image wp-image-4168  attachment-full size-full\" alt=\"\" loading=\"lazy\" style=\"max-width: 100%; height: auto;\" srcset=\"http:\/\/faunadigital.com.mx\/wp-content\/uploads\/2021\/06\/gzf3208d.png 756w, http:\/\/faunadigital.com.mx\/wp-content\/uploads\/2021\/06\/gzf3208d-300x140.png 300w, http:\/\/faunadigital.com.mx\/wp-content\/uploads\/2021\/06\/gzf3208d-230x108.png 230w, http:\/\/faunadigital.com.mx\/wp-content\/uploads\/2021\/06\/gzf3208d-350x164.png 350w, http:\/\/faunadigital.com.mx\/wp-content\/uploads\/2021\/06\/gzf3208d-480x225.png 480w\" sizes=\"(max-width: 756px) 100vw, 756px\" \/><\/div><\/div><\/div><\/div><\/div><div id=\"pg-4165-1\"  class=\"panel-grid panel-has-style\" ><div style=\"padding: 100px 0; \" data-overlay=\"true\" data-overlay-color=\"#000000\" class=\"panel-row-style panel-row-style-for-4165-1\" ><div id=\"pgc-4165-1-0\"  class=\"panel-grid-cell\" ><div id=\"panel-4165-1-0-0\" class=\"so-panel widget widget_sow-editor panel-first-child panel-last-child\" data-index=\"1\" ><div style=\"text-align: left;\" data-title-color=\"#443f3f\" data-headings-color=\"#443f3f\" class=\"panel-widget-style panel-widget-style-for-4165-1-0-0\" ><div class=\"so-widget-sow-editor so-widget-sow-editor-base\">\n<div class=\"siteorigin-widget-tinymce textwidget\">\n\t<h3><span style=\"color: #99cc00;\">Impresora H\u00edbrida UV <\/span><\/h3>\n<h3><span style=\"color: #99cc00;\">Modelo<\/span><\/h3>\n<p>GZF3208D<\/p>\n<h3><span style=\"color: #99cc00;\">Cabezales<\/span><\/h3>\n<p>3-8 Ricoh Gen5\u00a0 \u00a0I\u00a0 \u00a0 3-8 Ricoh Gen6<\/p>\n<h3><span style=\"color: #99cc00;\">Resoluci\u00f3n<\/span><\/h3>\n<p>600x600 - 600x1800 dpi<\/p>\n<h3><span style=\"color: #99cc00;\">Sistema de curado<\/span><\/h3>\n<p>L\u00e1mparas de curado LED con sistema de refrigeraci\u00f3n por agua<\/p>\n<h3><span style=\"color: #99cc00;\">Tinta<\/span><\/h3>\n<p>UV curable<\/p>\n<h3><span style=\"color: #99cc00;\">Configuraci\u00f3n de color<\/span><\/h3>\n<p>1xKCMY; 1xWW+1xKCMY; 1xWW+1xKCMY+1xVV; 2xWW+1xKCMY+2xVV;<\/p>\n<p>2xKCMY; 2xWW+2xKCMY; 3xKCMY; 2xWW+3xKCMY<\/p>\n<h3><span style=\"color: #99cc00;\">Sistema de suministro de tinta<\/span><\/h3>\n<p>Sistema de presi\u00f3n negativa GNTEK, de circulaci\u00f3n y agitaci\u00f3n de la l\u00ednea de tinta blanca<\/p>\n<h3><span style=\"color: #99cc00;\">Tanques de tinta<\/span><\/h3>\n<p>2500 ml<\/p>\n<h3><span style=\"color: #99cc00;\">Grosor de material<\/span><\/h3>\n<p>Max. 50mm<\/p>\n<h3><span style=\"color: #99cc00;\">Tipo de materiales<\/span><\/h3>\n<p>Flexibles: Pel\u00edcula,Vinil, Lona Frontlit, Backlit, Banner, Papel, Cuero, etc.<\/p>\n<p>R\u00edgidos: PVC, Foam board, Papel Corrugado, Hoja de Aluminio, Madera, Acr\u00edlico, etc.<\/p>\n<h3><span style=\"color: #99cc00;\">Ancho de impresi\u00f3n<\/span><\/h3>\n<p>Max. 3200mm<\/p>\n<h3><span style=\"color: #99cc00;\">Velocidad de impresi\u00f3n<\/span><\/h3>\n<table style=\"border-collapse: collapse; width: 88.7644%; height: 121px;\" border=\"1\">\n<tbody>\n<tr style=\"height: 24px;\">\n<td style=\"width: 13.9379%; height: 24px;\">Modo<\/td>\n<td style=\"width: 12.5%; height: 24px;\">Resoluci\u00f3n<\/td>\n<td style=\"width: 12.6307%; height: 24px;\">1xCMYK<\/td>\n<td style=\"width: 12.1079%; height: 24px;\">2xCMYK<\/td>\n<td style=\"width: 10.7353%; height: 24px;\">3xCMYK<\/td>\n<td style=\"width: 10.8006%; height: 24px;\">1xCMYK<\/td>\n<td style=\"width: 11.3235%; height: 24px;\">2xCMYK<\/td>\n<td style=\"width: 12.4606%; height: 24px;\">3xCMYK<\/td>\n<\/tr>\n<tr style=\"height: 25px;\">\n<td style=\"width: 13.9379%; height: 25px;\">Draft<\/td>\n<td style=\"width: 12.5%; height: 25px;\">600x600<\/td>\n<td style=\"width: 12.6307%; height: 25px;\">36.2m\u00b2\/h<\/td>\n<td style=\"width: 12.1079%; height: 25px;\">64.8m\u00b2\/h<\/td>\n<td style=\"width: 10.7353%; height: 25px;\">87.5m\u00b2\/h<\/td>\n<td style=\"width: 10.8006%; height: 25px;\">38.6m\u00b2\/h<\/td>\n<td style=\"width: 11.3235%; height: 25px;\">69m\u00b2\/h<\/td>\n<td style=\"width: 12.4606%; height: 25px;\">92.8m\u00b2\/h<\/td>\n<\/tr>\n<tr style=\"height: 24px;\">\n<td style=\"width: 13.9379%; height: 24px;\">Producci\u00f3n<\/td>\n<td style=\"width: 12.5%; height: 24px;\">600x900<\/td>\n<td style=\"width: 12.6307%; height: 24px;\">24.8m\u00b2\/h<\/td>\n<td style=\"width: 12.1079%; height: 24px;\">45.8m\u00b2\/h<\/td>\n<td style=\"width: 10.7353%; height: 24px;\">63.5m\u00b2\/h<\/td>\n<td style=\"width: 10.8006%; height: 24px;\">22.6m\u00b2\/h<\/td>\n<td style=\"width: 11.3235%; height: 24px;\">48.9m\u00b2\/h<\/td>\n<td style=\"width: 12.4606%; height: 24px;\">67.6m\u00b2\/h<\/td>\n<\/tr>\n<tr style=\"height: 24px;\">\n<td style=\"width: 13.9379%; height: 24px;\">Alta resoluci\u00f3n<\/td>\n<td style=\"width: 12.5%; height: 24px;\">600x1200<\/td>\n<td style=\"width: 12.6307%; height: 24px;\">11.9m\u00b2\/h<\/td>\n<td style=\"width: 12.1079%; height: 24px;\">22.9m\u00b2\/h<\/td>\n<td style=\"width: 10.7353%; height: 24px;\">32.9m\u00b2\/h<\/td>\n<td style=\"width: 10.8006%; height: 24px;\">12.7m\u00b2\/h<\/td>\n<td style=\"width: 11.3235%; height: 24px;\">24.6m\u00b2\/h<\/td>\n<td style=\"width: 12.4606%; height: 24px;\">35.3m\u00b2\/h<\/td>\n<\/tr>\n<tr style=\"height: 24px;\">\n<td style=\"width: 13.9379%; height: 24px;\">Foto<\/td>\n<td style=\"width: 12.5%; height: 24px;\">600x1800<\/td>\n<td style=\"width: 12.6307%; height: 24px;\">8.2m\u00b2\/h<\/td>\n<td style=\"width: 12.1079%; height: 24px;\">16m\u00b2\/h<\/td>\n<td style=\"width: 10.7353%; height: 24px;\">22.8m\u00b2\/h<\/td>\n<td style=\"width: 10.8006%; height: 24px;\">8.7m\u00b2\/h<\/td>\n<td style=\"width: 11.3235%; height: 24px;\">17.1m\u00b2\/h<\/td>\n<td style=\"width: 12.4606%; height: 24px;\">24.5m\u00b2\/h<\/td>\n<\/tr>\n<\/tbody>\n<\/table>\n<h3><span style=\"color: #99cc00;\">Interfaz de datos<\/span><\/h3>\n<p>Externa : USB3.0; Interna: Fibra \u00f3ptica<\/p>\n<h3><span style=\"color: #99cc00;\">Entorno de trabajo<\/span><\/h3>\n<p>Temperatura: 20~30\u02daC, Humedad: 35%~65%<\/p>\n<h3><span style=\"color: #99cc00;\">Software<\/span><\/h3>\n<p>PhotoPRINT UV 12 + GZ \/ FlexiPrint Fauna ultimate<\/p>\n<h3><span style=\"color: #99cc00;\">Power<\/span><\/h3>\n<p>Monof\u00e1sico 50\/60Hz, AC220V\u00b110% 10A (Impresora +vac\u00edo); 5A (controlador UV)<\/p>\n<h3><span style=\"color: #99cc00;\">Equipo instalado\/Empaque<\/span><\/h3>\n<p>LxWxH(mm): 6340x2000x1659\/6420x2080x1930 (Impresora); 650x340x340\/ 760x450x560 (aspiradora de vac\u00edo); 2682x1200x1093\/2870x900x1785 (Mesa)<\/p>\n<h3><span style=\"color: #99cc00;\">N.W.<\/span><\/h3>\n<p>1935kgs\/2520 kgs (Impresora); 40kgs\/45kg (aspiradora de vac\u00edo); 11 kgs\/27 8kgs (Mesa)<\/p>\n<\/div>\n<\/div><\/div><\/div><\/div><\/div><\/div><div id=\"pg-4165-2\"  class=\"panel-grid panel-has-style\" ><div style=\"padding: 100px 0; \" data-overlay=\"true\" data-overlay-color=\"#000000\" class=\"panel-row-style panel-row-style-for-4165-2\" ><div id=\"pgc-4165-2-0\"  class=\"panel-grid-cell panel-grid-cell-mobile-last\" ><div id=\"panel-4165-2-0-0\" class=\"so-panel widget widget_sow-button panel-first-child panel-last-child\" data-index=\"2\" ><div style=\"text-align: center;\" data-title-color=\"#443f3f\" data-headings-color=\"#443f3f\" class=\"panel-widget-style panel-widget-style-for-4165-2-0-0\" ><div class=\"so-widget-sow-button so-widget-sow-button-atom-ca86ee54deb6-4165\"><div class=\"ow-button-base ow-button-align-center\">\n\t<a href=\"http:\/\/faunadigital.com.mx\/wp-content\/uploads\/2021\/06\/flyergzf3208d.jpg\" class=\"ow-icon-placement-left ow-button-hover\" target=\"_blank\" rel=\"noopener noreferrer\" \t\t>\n\t\t<span>\n\t\t\t\n\t\t\tFICHA T\u00c9CNICA\t\t<\/span>\n\t<\/a>\n<\/div>\n<\/div><\/div><\/div><\/div><div id=\"pgc-4165-2-1\"  class=\"panel-grid-cell panel-grid-cell-empty\" ><\/div><\/div><\/div><\/div>","protected":false},"excerpt":{"rendered":"<p>Impresora H\u00edbrida UV Modelo GZF3208D Cabezales 3-8 Ricoh Gen5\u00a0 \u00a0I\u00a0 \u00a0 3-8 Ricoh Gen6 Resoluci\u00f3n 600&#215;600 &#8211; 600&#215;1800 dpi Sistema de curado L\u00e1mparas de curado LED con sistema de refrigeraci\u00f3n por agua Tinta UV curable Configuraci\u00f3n de color 1xKCMY; 1xWW+1xKCMY; 1xWW+1xKCMY+1xVV; 2xWW+1xKCMY+2xVV; 2xKCMY; 2xWW+2xKCMY; 3xKCMY; 2xWW+3xKCMY Sistema de suministro de tinta Sistema de presi\u00f3n negativa [&hellip;]<\/p>\n","protected":false},"author":1,"featured_media":0,"parent":0,"menu_order":0,"comment_status":"closed","ping_status":"closed","template":"page-templates\/page_front-page.php","meta":[],"_links":{"self":[{"href":"http:\/\/faunadigital.com.mx\/index.php?rest_route=\/wp\/v2\/pages\/4165"}],"collection":[{"href":"http:\/\/faunadigital.com.mx\/index.php?rest_route=\/wp\/v2\/pages"}],"about":[{"href":"http:\/\/faunadigital.com.mx\/index.php?rest_route=\/wp\/v2\/types\/page"}],"author":[{"embeddable":true,"href":"http:\/\/faunadigital.com.mx\/index.php?rest_route=\/wp\/v2\/users\/1"}],"replies":[{"embeddable":true,"href":"http:\/\/faunadigital.com.mx\/index.php?rest_route=%2Fwp%2Fv2%2Fcomments&post=4165"}],"version-history":[{"count":17,"href":"http:\/\/faunadigital.com.mx\/index.php?rest_route=\/wp\/v2\/pages\/4165\/revisions"}],"predecessor-version":[{"id":4273,"href":"http:\/\/faunadigital.com.mx\/index.php?rest_route=\/wp\/v2\/pages\/4165\/revisions\/4273"}],"wp:attachment":[{"href":"http:\/\/faunadigital.com.mx\/index.php?rest_route=%2Fwp%2Fv2%2Fmedia&parent=4165"}],"curies":[{"name":"wp","href":"https:\/\/api.w.org\/{rel}","templated":true}]}}