{"id":4229,"date":"2021-06-22T23:33:20","date_gmt":"2021-06-22T23:33:20","guid":{"rendered":"http:\/\/faunadigital.com.mx\/?page_id=4229"},"modified":"2021-06-23T00:14:53","modified_gmt":"2021-06-23T00:14:53","slug":"or-1808s","status":"publish","type":"page","link":"http:\/\/faunadigital.com.mx\/?page_id=4229","title":{"rendered":"OR-1808S"},"content":{"rendered":"<div id=\"pl-4229\"  class=\"panel-layout\" ><div id=\"pg-4229-0\"  class=\"panel-grid panel-has-style\" ><div style=\"padding: 100px 0; \" data-overlay=\"true\" data-overlay-color=\"#000000\" class=\"panel-row-style panel-row-style-for-4229-0\" ><div id=\"pgc-4229-0-0\"  class=\"panel-grid-cell\" ><div id=\"panel-4229-0-0-0\" class=\"so-panel widget widget_media_image panel-first-child panel-last-child\" data-index=\"0\" ><div style=\"text-align: center;\" data-title-color=\"#443f3f\" data-headings-color=\"#443f3f\" class=\"panel-widget-style panel-widget-style-for-4229-0-0-0\" ><img width=\"756\" height=\"354\" src=\"http:\/\/faunadigital.com.mx\/wp-content\/uploads\/2021\/06\/OR-1808S.png\" class=\"image wp-image-4215  attachment-full size-full\" alt=\"\" loading=\"lazy\" style=\"max-width: 100%; height: auto;\" srcset=\"http:\/\/faunadigital.com.mx\/wp-content\/uploads\/2021\/06\/OR-1808S.png 756w, http:\/\/faunadigital.com.mx\/wp-content\/uploads\/2021\/06\/OR-1808S-300x140.png 300w, http:\/\/faunadigital.com.mx\/wp-content\/uploads\/2021\/06\/OR-1808S-230x108.png 230w, http:\/\/faunadigital.com.mx\/wp-content\/uploads\/2021\/06\/OR-1808S-350x164.png 350w, http:\/\/faunadigital.com.mx\/wp-content\/uploads\/2021\/06\/OR-1808S-480x225.png 480w\" sizes=\"(max-width: 756px) 100vw, 756px\" \/><\/div><\/div><\/div><\/div><\/div><div id=\"pg-4229-1\"  class=\"panel-grid panel-has-style\" ><div style=\"padding: 100px 0; \" data-overlay=\"true\" data-overlay-color=\"#000000\" class=\"panel-row-style panel-row-style-for-4229-1\" ><div id=\"pgc-4229-1-0\"  class=\"panel-grid-cell panel-grid-cell-mobile-last\" ><div id=\"panel-4229-1-0-0\" class=\"so-panel widget widget_sow-editor panel-first-child panel-last-child\" data-index=\"1\" ><div style=\"text-align: left;\" data-title-color=\"#443f3f\" data-headings-color=\"#443f3f\" class=\"panel-widget-style panel-widget-style-for-4229-1-0-0\" ><div class=\"so-widget-sow-editor so-widget-sow-editor-base\">\n<div class=\"siteorigin-widget-tinymce textwidget\">\n\t<h3><span style=\"color: #99cc00;\">Modelo<\/span><\/h3>\n<p class=\"p1\">OR-1808S<\/p>\n<h3><span style=\"color: #99cc00;\">Tipo de Cabezal<\/span><\/h3>\n<p class=\"p1\">8x i3200-E1<\/p>\n<h3><span style=\"color: #99cc00;\">Material de impresi\u00f3n<\/span><\/h3>\n<p class=\"p1\">Ancho: 1830 mm\u00a0 Grosor: Max. 1.5 mm\u00a0 Peso: 100 kg<\/p>\n<h3><span style=\"color: #99cc00;\">Ancho de impresi\u00f3n<\/span><\/h3>\n<p class=\"p1\">1.80 mts<\/p>\n<h3><span style=\"color: #99cc00;\">Cartuchos de tinta<\/span><\/h3>\n<p class=\"p1\">Ecosolvente C, M, Y, K, CISS (cartucho de tinta de 220ml con dep\u00f3sito de tinta de 3L)<\/p>\n<h3><span style=\"color: #99cc00;\">Resoluci\u00f3n de impresi\u00f3n<\/span><\/h3>\n<p class=\"p1\">Max. 3600 dpi<\/p>\n<h3><span style=\"color: #99cc00;\">Velocidad de impresi\u00f3n<\/span><\/h3>\n<p class=\"p1\">1Pas: (360x1200dpi) 300m2\/h<\/p>\n<p class=\"p1\">2Pas: (360x2400dpi) 150m2\/h<\/p>\n<h3><span style=\"color: #99cc00;\">Sistema de secado<\/span><\/h3>\n<p class=\"p1\">Calentador integrado, sistema de ventilador y secador infrarrojo<\/p>\n<h3><span style=\"color: #99cc00;\">Interfaz<\/span><\/h3>\n<p class=\"p1\">USB 3.0<\/p>\n<h3><span style=\"color: #99cc00;\">Requerimientos de energ\u00eda<\/span><\/h3>\n<p class=\"p1\">AC 220V \u00b1 10%, 50\/60 HZ<\/p>\n<h3><span style=\"color: #99cc00;\">Rip Software<\/span><\/h3>\n<p class=\"p1\">Photoprint \/ FlexiPrint Fauna Ultimate<\/p>\n<h3><span style=\"color: #99cc00;\">Dimensiones (con soporte)<\/span><\/h3>\n<p class=\"p1\">3370(W)x1200(D)x2000(H) mm<\/p>\n<h3><span style=\"color: #99cc00;\">Peso (con soporte)<\/span><\/h3>\n<p class=\"p1\">700 kg<\/p>\n<h3><span style=\"color: #99cc00;\">Ambiente<\/span><\/h3>\n<p class=\"p1\">Encendida: Temperatura: 15\u00b0C a 32\u00b0C \/ Humedad: 35 a 80% (sin condensaci\u00f3n)<\/p>\n<p class=\"p1\">Apagada: Temperatura: 5\u00b0C a 40\u00b0C \/ Humedad: 20 a 80% (sin condensaci\u00f3n)<\/p>\n<h3><span style=\"color: #99cc00;\">Accesorios<\/span><\/h3>\n<p class=\"p1\">Cable USB, abrazadera de materiales, manual, botella de drenaje, cartuchos de tinta, software RIP, etc.<\/p>\n<\/div>\n<\/div><\/div><\/div><\/div><div id=\"pgc-4229-1-1\"  class=\"panel-grid-cell panel-grid-cell-empty\" ><\/div><\/div><\/div><div id=\"pg-4229-2\"  class=\"panel-grid panel-has-style\" ><div style=\"padding: 100px 0; \" data-overlay=\"true\" data-overlay-color=\"#000000\" class=\"panel-row-style panel-row-style-for-4229-2\" ><div id=\"pgc-4229-2-0\"  class=\"panel-grid-cell\" ><div id=\"panel-4229-2-0-0\" class=\"so-panel widget widget_sow-button panel-first-child panel-last-child\" data-index=\"2\" ><div style=\"text-align: center;\" data-title-color=\"#443f3f\" data-headings-color=\"#443f3f\" class=\"panel-widget-style panel-widget-style-for-4229-2-0-0\" ><div class=\"so-widget-sow-button so-widget-sow-button-atom-ca86ee54deb6-4229\"><div class=\"ow-button-base ow-button-align-center\">\n\t<a href=\"http:\/\/faunadigital.com.mx\/wp-content\/uploads\/2021\/06\/flyeror1808s.jpg\" class=\"ow-icon-placement-left ow-button-hover\" target=\"_blank\" rel=\"noopener noreferrer\" \t\t>\n\t\t<span>\n\t\t\t\n\t\t\tFICHA T\u00c9CNICA\t\t<\/span>\n\t<\/a>\n<\/div>\n<\/div><\/div><\/div><\/div><\/div><\/div><\/div>","protected":false},"excerpt":{"rendered":"<p>Modelo OR-1808S Tipo de Cabezal 8x i3200-E1 Material de impresi\u00f3n Ancho: 1830 mm\u00a0 Grosor: Max. 1.5 mm\u00a0 Peso: 100 kg Ancho de impresi\u00f3n 1.80 mts Cartuchos de tinta Ecosolvente C, M, Y, K, CISS (cartucho de tinta de 220ml con dep\u00f3sito de tinta de 3L) Resoluci\u00f3n de impresi\u00f3n Max. 3600 dpi Velocidad de impresi\u00f3n 1Pas: [&hellip;]<\/p>\n","protected":false},"author":1,"featured_media":0,"parent":0,"menu_order":0,"comment_status":"closed","ping_status":"closed","template":"page-templates\/page_front-page.php","meta":[],"_links":{"self":[{"href":"http:\/\/faunadigital.com.mx\/index.php?rest_route=\/wp\/v2\/pages\/4229"}],"collection":[{"href":"http:\/\/faunadigital.com.mx\/index.php?rest_route=\/wp\/v2\/pages"}],"about":[{"href":"http:\/\/faunadigital.com.mx\/index.php?rest_route=\/wp\/v2\/types\/page"}],"author":[{"embeddable":true,"href":"http:\/\/faunadigital.com.mx\/index.php?rest_route=\/wp\/v2\/users\/1"}],"replies":[{"embeddable":true,"href":"http:\/\/faunadigital.com.mx\/index.php?rest_route=%2Fwp%2Fv2%2Fcomments&post=4229"}],"version-history":[{"count":8,"href":"http:\/\/faunadigital.com.mx\/index.php?rest_route=\/wp\/v2\/pages\/4229\/revisions"}],"predecessor-version":[{"id":4239,"href":"http:\/\/faunadigital.com.mx\/index.php?rest_route=\/wp\/v2\/pages\/4229\/revisions\/4239"}],"wp:attachment":[{"href":"http:\/\/faunadigital.com.mx\/index.php?rest_route=%2Fwp%2Fv2%2Fmedia&parent=4229"}],"curies":[{"name":"wp","href":"https:\/\/api.w.org\/{rel}","templated":true}]}}