{"id":4252,"date":"2021-06-23T04:38:21","date_gmt":"2021-06-23T04:38:21","guid":{"rendered":"http:\/\/faunadigital.com.mx\/?page_id=4252"},"modified":"2021-06-23T05:19:46","modified_gmt":"2021-06-23T05:19:46","slug":"gzf3208d-2","status":"publish","type":"page","link":"http:\/\/faunadigital.com.mx\/?page_id=4252","title":{"rendered":"GZF1808D"},"content":{"rendered":"<div id=\"pl-4252\"  class=\"panel-layout\" ><div id=\"pg-4252-0\"  class=\"panel-grid panel-has-style\" ><div style=\"padding: 100px 0; \" data-overlay=\"true\" data-overlay-color=\"#000000\" class=\"panel-row-style panel-row-style-for-4252-0\" ><div id=\"pgc-4252-0-0\"  class=\"panel-grid-cell\" ><div id=\"panel-4252-0-0-0\" class=\"so-panel widget widget_media_image panel-first-child panel-last-child\" data-index=\"0\" ><div style=\"text-align: center;\" data-title-color=\"#443f3f\" data-headings-color=\"#443f3f\" class=\"panel-widget-style panel-widget-style-for-4252-0-0-0\" ><img width=\"756\" height=\"354\" src=\"http:\/\/faunadigital.com.mx\/wp-content\/uploads\/2021\/06\/gzf1808d.png\" class=\"image wp-image-4249  attachment-full size-full\" alt=\"\" loading=\"lazy\" style=\"max-width: 100%; height: auto;\" srcset=\"http:\/\/faunadigital.com.mx\/wp-content\/uploads\/2021\/06\/gzf1808d.png 756w, http:\/\/faunadigital.com.mx\/wp-content\/uploads\/2021\/06\/gzf1808d-300x140.png 300w, http:\/\/faunadigital.com.mx\/wp-content\/uploads\/2021\/06\/gzf1808d-230x108.png 230w, http:\/\/faunadigital.com.mx\/wp-content\/uploads\/2021\/06\/gzf1808d-350x164.png 350w, http:\/\/faunadigital.com.mx\/wp-content\/uploads\/2021\/06\/gzf1808d-480x225.png 480w\" sizes=\"(max-width: 756px) 100vw, 756px\" \/><\/div><\/div><\/div><\/div><\/div><div id=\"pg-4252-1\"  class=\"panel-grid panel-has-style\" ><div style=\"padding: 100px 0; \" data-overlay=\"true\" data-overlay-color=\"#000000\" class=\"panel-row-style panel-row-style-for-4252-1\" ><div id=\"pgc-4252-1-0\"  class=\"panel-grid-cell\" ><div id=\"panel-4252-1-0-0\" class=\"so-panel widget widget_sow-editor panel-first-child panel-last-child\" data-index=\"1\" ><div style=\"text-align: left;\" data-title-color=\"#443f3f\" data-headings-color=\"#443f3f\" class=\"panel-widget-style panel-widget-style-for-4252-1-0-0\" ><div class=\"so-widget-sow-editor so-widget-sow-editor-base\">\n<div class=\"siteorigin-widget-tinymce textwidget\">\n\t<h3><span style=\"color: #99cc00;\">Impresora H\u00edbrida UV <\/span><\/h3>\n<h3><span style=\"color: #99cc00;\">Modelo<\/span><\/h3>\n<p class=\"p1\">GZF1808D<\/p>\n<h3><span style=\"color: #99cc00;\">Cabezales<\/span><\/h3>\n<p>3-8 Ricoh Gen5\u00a0 \u00a0I\u00a0 \u00a0 3-8 Ricoh Gen6<\/p>\n<h3><span style=\"color: #99cc00;\">Resoluci\u00f3n<\/span><\/h3>\n<p>600x600 - 600x1800 dpi<\/p>\n<h3><span style=\"color: #99cc00;\">Sistema de curado<\/span><\/h3>\n<p>L\u00e1mparas de curado LED con sistema de refrigeraci\u00f3n por agua<\/p>\n<h3><span style=\"color: #99cc00;\">Tinta<\/span><\/h3>\n<p>UV curable<\/p>\n<h3><span style=\"color: #99cc00;\">Configuraci\u00f3n de color<\/span><\/h3>\n<p>1xKCMY; 1xWW+1xKCMY; 1xWW+1xKCMY+1xVV; 2xWW+1xKCMY+2xVV;<\/p>\n<p>2xKCMY; 2xWW+2xKCMY; 3xKCMY; 2xWW+3xKCMY<\/p>\n<h3><span style=\"color: #99cc00;\">Sistema de suministro de tinta<\/span><\/h3>\n<p>Sistema de presi\u00f3n negativa GNTEK, de circulaci\u00f3n y agitaci\u00f3n de la l\u00ednea de tinta blanca<\/p>\n<h3><span style=\"color: #99cc00;\">Tanques de tinta<\/span><\/h3>\n<p>2500 ml<\/p>\n<h3><span style=\"color: #99cc00;\">Grosor de material<\/span><\/h3>\n<p>Hasta 70mm<\/p>\n<h3><span style=\"color: #99cc00;\">Tipo de materiales<\/span><\/h3>\n<p>Flexibles: Pel\u00edcula,Vinil, Lona Frontlit, Backlit, Banner, Papel, Cuero, etc.<\/p>\n<p>R\u00edgidos: PVC, Foam board, Papel Corrugado, Hoja de Aluminio, Madera, Acr\u00edlico, etc.<\/p>\n<h3><span style=\"color: #99cc00;\">Ancho de impresi\u00f3n<\/span><\/h3>\n<p>Max. 1800mm<\/p>\n<h3><span style=\"color: #99cc00;\">Velocidad de impresi\u00f3n<\/span><\/h3>\n<table style=\"border-collapse: collapse; width: 81.5329%; height: 137px;\" border=\"1\">\n<tbody>\n<tr>\n<td style=\"width: 15.9277%;\">Modo<\/td>\n<td style=\"width: 10.7116%;\">Resoluci\u00f3n<\/td>\n<td style=\"width: 11.9038%;\">1xCMYK<\/td>\n<td style=\"width: 12.4255%;\">2xCMYK<\/td>\n<td style=\"width: 12.7981%;\">3xCMYK<\/td>\n<td style=\"width: 12.5745%;\">1xCMYK<\/td>\n<td style=\"width: 11.1587%;\">2xCMYK<\/td>\n<td style=\"width: 21.0912%;\">3xCMYK<\/td>\n<\/tr>\n<tr>\n<td style=\"width: 15.9277%;\">Draft<\/td>\n<td style=\"width: 10.7116%;\">600x600<\/td>\n<td style=\"width: 11.9038%;\">30.2m\u00b2\/h<\/td>\n<td style=\"width: 12.4255%;\">54m\u00b2\/h<\/td>\n<td style=\"width: 12.7981%;\">72.9m\u00b2\/h<\/td>\n<td style=\"width: 12.5745%;\">32.2m\u00b2\/h<\/td>\n<td style=\"width: 11.1587%;\">57.5m\u00b2\/h<\/td>\n<td style=\"width: 21.0912%;\">77.3m\u00b2\/h<\/td>\n<\/tr>\n<tr>\n<td style=\"width: 15.9277%;\">Producci\u00f3n<\/td>\n<td style=\"width: 10.7116%;\">600x900<\/td>\n<td style=\"width: 11.9038%;\">20.7m\u00b2\/h<\/td>\n<td style=\"width: 12.4255%;\">38.2m\u00b2\/h<\/td>\n<td style=\"width: 12.7981%;\">52.9m\u00b2\/h<\/td>\n<td style=\"width: 12.5745%;\">22.2m\u00b2\/h<\/td>\n<td style=\"width: 11.1587%;\">40.8m\u00b2\/h<\/td>\n<td style=\"width: 21.0912%;\">56.3m\u00b2\/h<\/td>\n<\/tr>\n<tr>\n<td style=\"width: 15.9277%;\">Alta resoluci\u00f3n<\/td>\n<td style=\"width: 10.7116%;\">600x1200<\/td>\n<td style=\"width: 11.9038%;\">9.9m\u00b2\/h<\/td>\n<td style=\"width: 12.4255%;\">19.1m\u00b2\/h<\/td>\n<td style=\"width: 12.7981%;\">27.4m\u00b2\/h<\/td>\n<td style=\"width: 12.5745%;\">10.6m\u00b2\/h<\/td>\n<td style=\"width: 11.1587%;\">20.5m\u00b2\/h<\/td>\n<td style=\"width: 21.0912%;\">29.4m\u00b2\/h<\/td>\n<\/tr>\n<tr>\n<td style=\"width: 15.9277%;\">Foto<\/td>\n<td style=\"width: 10.7116%;\">600x1800<\/td>\n<td style=\"width: 11.9038%;\">6.8m\u00b2\/h<\/td>\n<td style=\"width: 12.4255%;\">13.3m\u00b2\/h<\/td>\n<td style=\"width: 12.7981%;\">19m\u00b2\/h<\/td>\n<td style=\"width: 12.5745%;\">7.3m\u00b2\/h<\/td>\n<td style=\"width: 11.1587%;\">14.2m\u00b2\/h<\/td>\n<td style=\"width: 21.0912%;\">20.4m\u00b2\/h<\/td>\n<\/tr>\n<\/tbody>\n<\/table>\n<h3><span style=\"color: #99cc00;\">Interfaz de datos<\/span><\/h3>\n<p>Externa : USB3.0; Interna: Fibra \u00f3ptica<\/p>\n<h3><span style=\"color: #99cc00;\">Entorno de trabajo<\/span><\/h3>\n<p>Temperatura: 20~30\u02daC, Humedad: 35%~65%<\/p>\n<h3><span style=\"color: #99cc00;\">Software<\/span><\/h3>\n<p>PhotoPRINT UV 12 + GZ \/ FlexiPrint Fauna ultimate<\/p>\n<h3><span style=\"color: #99cc00;\">Power<\/span><\/h3>\n<p>Monof\u00e1sico, 50\/60Hz, AC220V\u00b110%, 14A<\/p>\n<h3><span style=\"color: #99cc00;\">Consumo de energ\u00eda<\/span><\/h3>\n<p class=\"p1\">Impresora + controlador UV: Aprox. 3080W<\/p>\n<h3><span style=\"color: #99cc00;\">Equipo instalado\/Empaque<\/span><\/h3>\n<p class=\"p1\">LxWxH(mm): 4050x1430x1460\/ 4300x1570x1700(Impresora);<\/p>\n<p class=\"p1\">LxWxH(mm): 2040x1200x940\/ 2270x900x1700(Mesa extensi\u00f3n)<\/p>\n<p class=\"p1\">LxWxH(mm): 650x340x340\/ 760x450x560 (aspiradora de vac\u00edo)<\/p>\n<h3><span style=\"color: #99cc00;\">N.W.<\/span><\/h3>\n<p class=\"p1\">1300kgs\/1620kgs (Impresora); 67kgs\/190kgs (Mesa extensi\u00f3n); 40\/45 (aspiradora de vac\u00edo)<\/p>\n<\/div>\n<\/div><\/div><\/div><\/div><\/div><\/div><div id=\"pg-4252-2\"  class=\"panel-grid panel-has-style\" ><div style=\"padding: 100px 0; \" data-overlay=\"true\" data-overlay-color=\"#000000\" class=\"panel-row-style panel-row-style-for-4252-2\" ><div id=\"pgc-4252-2-0\"  class=\"panel-grid-cell panel-grid-cell-mobile-last\" ><div id=\"panel-4252-2-0-0\" class=\"so-panel widget widget_sow-button panel-first-child panel-last-child\" data-index=\"2\" ><div style=\"text-align: center;\" data-title-color=\"#443f3f\" data-headings-color=\"#443f3f\" class=\"panel-widget-style panel-widget-style-for-4252-2-0-0\" ><div class=\"so-widget-sow-button so-widget-sow-button-atom-ca86ee54deb6-4252\"><div class=\"ow-button-base ow-button-align-center\">\n\t<a href=\"http:\/\/faunadigital.com.mx\/wp-content\/uploads\/2021\/06\/flyergzf1808d.jpg\" class=\"ow-icon-placement-left ow-button-hover\" target=\"_blank\" rel=\"noopener noreferrer\" \t\t>\n\t\t<span>\n\t\t\t\n\t\t\tFICHA T\u00c9CNICA\t\t<\/span>\n\t<\/a>\n<\/div>\n<\/div><\/div><\/div><\/div><div id=\"pgc-4252-2-1\"  class=\"panel-grid-cell panel-grid-cell-empty\" ><\/div><\/div><\/div><\/div>","protected":false},"excerpt":{"rendered":"<p>Impresora H\u00edbrida UV Modelo GZF1808D Cabezales 3-8 Ricoh Gen5\u00a0 \u00a0I\u00a0 \u00a0 3-8 Ricoh Gen6 Resoluci\u00f3n 600&#215;600 &#8211; 600&#215;1800 dpi Sistema de curado L\u00e1mparas de curado LED con sistema de refrigeraci\u00f3n por agua Tinta UV curable Configuraci\u00f3n de color 1xKCMY; 1xWW+1xKCMY; 1xWW+1xKCMY+1xVV; 2xWW+1xKCMY+2xVV; 2xKCMY; 2xWW+2xKCMY; 3xKCMY; 2xWW+3xKCMY Sistema de suministro de tinta Sistema de presi\u00f3n negativa [&hellip;]<\/p>\n","protected":false},"author":1,"featured_media":0,"parent":0,"menu_order":0,"comment_status":"closed","ping_status":"closed","template":"page-templates\/page_front-page.php","meta":[],"_links":{"self":[{"href":"http:\/\/faunadigital.com.mx\/index.php?rest_route=\/wp\/v2\/pages\/4252"}],"collection":[{"href":"http:\/\/faunadigital.com.mx\/index.php?rest_route=\/wp\/v2\/pages"}],"about":[{"href":"http:\/\/faunadigital.com.mx\/index.php?rest_route=\/wp\/v2\/types\/page"}],"author":[{"embeddable":true,"href":"http:\/\/faunadigital.com.mx\/index.php?rest_route=\/wp\/v2\/users\/1"}],"replies":[{"embeddable":true,"href":"http:\/\/faunadigital.com.mx\/index.php?rest_route=%2Fwp%2Fv2%2Fcomments&post=4252"}],"version-history":[{"count":11,"href":"http:\/\/faunadigital.com.mx\/index.php?rest_route=\/wp\/v2\/pages\/4252\/revisions"}],"predecessor-version":[{"id":4268,"href":"http:\/\/faunadigital.com.mx\/index.php?rest_route=\/wp\/v2\/pages\/4252\/revisions\/4268"}],"wp:attachment":[{"href":"http:\/\/faunadigital.com.mx\/index.php?rest_route=%2Fwp%2Fv2%2Fmedia&parent=4252"}],"curies":[{"name":"wp","href":"https:\/\/api.w.org\/{rel}","templated":true}]}}