{"id":48,"date":"2018-07-02T13:32:15","date_gmt":"2018-07-02T19:32:15","guid":{"rendered":"http:\/\/localhost:8888\/wordpress-2\/?page_id=48"},"modified":"2021-07-03T03:11:35","modified_gmt":"2021-07-03T03:11:35","slug":"acerca-de","status":"publish","type":"page","link":"http:\/\/faunadigital.com.mx\/?page_id=48","title":{"rendered":"Nuestro Grupo"},"content":{"rendered":"<div id=\"pl-48\"  class=\"panel-layout\" ><div id=\"pg-48-0\"  class=\"panel-grid panel-has-style\" ><div style=\"padding: 100px 0; \" data-overlay=\"true\" data-overlay-color=\"#000000\" class=\"panel-row-style panel-row-style-for-48-0\" ><div id=\"pgc-48-0-0\"  class=\"panel-grid-cell\" ><div id=\"panel-48-0-0-0\" class=\"so-panel widget widget_media_image panel-first-child panel-last-child\" data-index=\"0\" ><div style=\"text-align: left;\" data-title-color=\"#443f3f\" data-headings-color=\"#443f3f\" class=\"panel-widget-style panel-widget-style-for-48-0-0-0\" ><img width=\"1269\" height=\"935\" src=\"http:\/\/faunadigital.com.mx\/wp-content\/uploads\/2021\/07\/mapa-fauna.png\" class=\"image wp-image-4318  attachment-full size-full\" alt=\"\" loading=\"lazy\" style=\"max-width: 100%; height: auto;\" srcset=\"http:\/\/faunadigital.com.mx\/wp-content\/uploads\/2021\/07\/mapa-fauna.png 1269w, http:\/\/faunadigital.com.mx\/wp-content\/uploads\/2021\/07\/mapa-fauna-300x221.png 300w, http:\/\/faunadigital.com.mx\/wp-content\/uploads\/2021\/07\/mapa-fauna-1024x754.png 1024w, http:\/\/faunadigital.com.mx\/wp-content\/uploads\/2021\/07\/mapa-fauna-768x566.png 768w, http:\/\/faunadigital.com.mx\/wp-content\/uploads\/2021\/07\/mapa-fauna-830x612.png 830w, http:\/\/faunadigital.com.mx\/wp-content\/uploads\/2021\/07\/mapa-fauna-230x169.png 230w, http:\/\/faunadigital.com.mx\/wp-content\/uploads\/2021\/07\/mapa-fauna-350x258.png 350w, http:\/\/faunadigital.com.mx\/wp-content\/uploads\/2021\/07\/mapa-fauna-480x354.png 480w\" sizes=\"(max-width: 1269px) 100vw, 1269px\" \/><\/div><\/div><\/div><\/div><\/div><div id=\"pg-48-1\"  class=\"panel-grid panel-has-style\" ><div style=\"padding: 100px 0; \" data-overlay=\"true\" data-overlay-color=\"#000000\" class=\"panel-row-style panel-row-style-for-48-1\" ><div id=\"pgc-48-1-0\"  class=\"panel-grid-cell\" ><div id=\"panel-48-1-0-0\" class=\"so-panel widget widget_text panel-first-child panel-last-child\" data-index=\"1\" ><div style=\"text-align: center;\" data-title-color=\"#443f3f\" data-headings-color=\"#443f3f\" class=\"panel-widget-style panel-widget-style-for-48-1-0-0\" >\t\t\t<div class=\"textwidget\"><p><strong>Fauna<\/strong><\/p>\n<p>Castilla 54, Centro de Azcapotzalco, Azcapotzalco, 02000, CdMx<\/p>\n<p>Oficina: + (55) 1742-2166\/67 ventas@fauna.com www.faunadigital.com<\/p>\n<p>&nbsp;<\/p>\n<\/div>\n\t\t<\/div><\/div><\/div><div id=\"pgc-48-1-1\"  class=\"panel-grid-cell\" ><div id=\"panel-48-1-1-0\" class=\"so-panel widget widget_text panel-first-child panel-last-child\" data-index=\"2\" ><div style=\"text-align: center;\" data-title-color=\"#443f3f\" data-headings-color=\"#443f3f\" class=\"panel-widget-style panel-widget-style-for-48-1-1-0\" >\t\t\t<div class=\"textwidget\"><p><strong>Visualtech<\/strong><\/p>\n<p>Av. V\u00e9lez Sarsfield # 5780, Munro* C.P. 1605, Buenos Aires, Argentina<\/p>\n<p>Tel.: (+5411) 4116 8342 y 43 (+5411) 4116 6778 y 79 ventas@visualtechdigital.com www.visualtechdigital.com<\/p>\n<\/div>\n\t\t<\/div><\/div><\/div><div id=\"pgc-48-1-2\"  class=\"panel-grid-cell\" ><div id=\"panel-48-1-2-0\" class=\"so-panel widget widget_text panel-first-child panel-last-child\" data-index=\"3\" ><div style=\"text-align: center;\" data-title-color=\"#443f3f\" data-headings-color=\"#443f3f\" class=\"panel-widget-style panel-widget-style-for-48-1-2-0\" >\t\t\t<div class=\"textwidget\"><p><strong>Kao Chimigraf<\/strong><\/p>\n<p>Carcass\u00ed, 6-8 P.I. Can Jard\u00ed 08191, Rub\u00ed, Barcelona<\/p>\n<p>Tel. +34 935 862 040 info@kaochimigraf.com www.kaochimigraf.com<\/p>\n<\/div>\n\t\t<\/div><\/div><\/div><div id=\"pgc-48-1-3\"  class=\"panel-grid-cell\" ><div id=\"panel-48-1-3-0\" class=\"so-panel widget widget_text panel-first-child panel-last-child\" data-index=\"4\" ><div style=\"text-align: center;\" data-title-color=\"#443f3f\" data-headings-color=\"#443f3f\" class=\"panel-widget-style panel-widget-style-for-48-1-3-0\" >\t\t\t<div class=\"textwidget\"><p><strong>Kao Global<\/strong><\/p>\n<p>www.kao.com<\/p>\n<\/div>\n\t\t<\/div><\/div><\/div><\/div><\/div><div id=\"pg-48-2\"  class=\"panel-grid panel-has-style\" ><div style=\"padding: 100px 0; \" data-overlay=\"true\" class=\"panel-row-style panel-row-style-for-48-2\" ><div id=\"pgc-48-2-0\"  class=\"panel-grid-cell\" ><div id=\"panel-48-2-0-0\" class=\"so-panel widget widget_sow-editor panel-first-child panel-last-child\" data-index=\"5\" ><div style=\"text-align: left;\" data-title-color=\"#443f3f\" data-headings-color=\"#443f3f\" class=\"panel-widget-style panel-widget-style-for-48-2-0-0\" ><div class=\"so-widget-sow-editor so-widget-sow-editor-base\">\n<div class=\"siteorigin-widget-tinymce textwidget\">\n\t<p style=\"text-align: center;\">FAUNA\u00ae es un grupo de empresas especializadas y dedicadas a la comercializaci\u00f3n de productos para la impresi\u00f3n digital de gran formato. Naci\u00f3 en la CDMX en el a\u00f1o de 2004, gan\u00f3 aceptaci\u00f3n en el mercado como una de la principales comercializadoras a nivel nacional; la aceptaci\u00f3n di\u00f3 oportunidad para ampliar las fronteras; as\u00ed nace en 2007 Visualtech\u00ae con sede en Buenos Aires, Argentina, suministrando materiales de impresi\u00f3n a dicho mercado.<\/p>\n<p style=\"text-align: center;\">En 2013 iniciamos actividades en Estados Unidos a trav\u00e9s de Fauna U.S.A.\u00ae, desde esta unidad de negocio suministramos productos a Latinoam\u00e9rica y el mercado de E.E.U.U.<\/p>\n<p style=\"text-align: center;\">Ee el a\u00f1o 2017 fuimos parte de la fusi\u00f3n de Kao Chimigraf, empresas consideradas l\u00edderes mundiales en\u00a0 la fabricaci\u00f3n de tintas especializadas.<\/p>\n<\/div>\n<\/div><\/div><\/div><\/div><\/div><\/div><div id=\"pg-48-3\"  class=\"panel-grid panel-has-style\" ><div style=\"padding: 100px 0; \" data-overlay=\"true\" data-overlay-color=\"#000000\" class=\"panel-row-style panel-row-style-for-48-3\" ><div id=\"pgc-48-3-0\"  class=\"panel-grid-cell\" ><div id=\"panel-48-3-0-0\" class=\"so-panel widget widget_media_image panel-first-child panel-last-child\" data-index=\"6\" ><div style=\"text-align: left;\" data-title-color=\"#443f3f\" data-headings-color=\"#443f3f\" class=\"panel-widget-style panel-widget-style-for-48-3-0-0\" ><img width=\"1200\" height=\"610\" src=\"http:\/\/faunadigital.com.mx\/wp-content\/uploads\/2019\/07\/mapafaunadistribuidores.png\" class=\"image wp-image-2861  attachment-full size-full\" alt=\"\" loading=\"lazy\" style=\"max-width: 100%; height: auto;\" srcset=\"http:\/\/faunadigital.com.mx\/wp-content\/uploads\/2019\/07\/mapafaunadistribuidores.png 1200w, http:\/\/faunadigital.com.mx\/wp-content\/uploads\/2019\/07\/mapafaunadistribuidores-300x153.png 300w, http:\/\/faunadigital.com.mx\/wp-content\/uploads\/2019\/07\/mapafaunadistribuidores-768x390.png 768w, http:\/\/faunadigital.com.mx\/wp-content\/uploads\/2019\/07\/mapafaunadistribuidores-1024x521.png 1024w, http:\/\/faunadigital.com.mx\/wp-content\/uploads\/2019\/07\/mapafaunadistribuidores-830x422.png 830w, http:\/\/faunadigital.com.mx\/wp-content\/uploads\/2019\/07\/mapafaunadistribuidores-230x117.png 230w, http:\/\/faunadigital.com.mx\/wp-content\/uploads\/2019\/07\/mapafaunadistribuidores-350x178.png 350w, http:\/\/faunadigital.com.mx\/wp-content\/uploads\/2019\/07\/mapafaunadistribuidores-480x244.png 480w\" sizes=\"(max-width: 1200px) 100vw, 1200px\" \/><\/div><\/div><\/div><\/div><\/div><div id=\"pg-48-4\"  class=\"panel-grid panel-has-style\" ><div style=\"padding: 100px 0; \" data-overlay=\"true\" data-overlay-color=\"#000000\" class=\"panel-row-style panel-row-style-for-48-4\" ><div id=\"pgc-48-4-0\"  class=\"panel-grid-cell\" ><div id=\"panel-48-4-0-0\" class=\"so-panel widget widget_text panel-first-child panel-last-child\" data-index=\"7\" ><div style=\"text-align: center;\" data-title-color=\"#443f3f\" data-headings-color=\"#443f3f\" class=\"panel-widget-style panel-widget-style-for-48-4-0-0\" >\t\t\t<div class=\"textwidget\"><p><strong>Max Color Puebla<\/strong><\/p>\n<p>Boulevard 1627, Valsequillo, Universidades, C.P. 72589, Puebla<\/p>\n<p>Tel\u00e9fono: (01 222) 2 43 43 44<\/p>\n<p><a href=\"https:\/\/maxcolor.com.mx\/#\">servicioaclientes@maxcolor.com.mx<\/a><\/p>\n<p>&nbsp;<\/p>\n<\/div>\n\t\t<\/div><\/div><\/div><div id=\"pgc-48-4-1\"  class=\"panel-grid-cell\" ><div id=\"panel-48-4-1-0\" class=\"so-panel widget widget_text panel-first-child\" data-index=\"8\" ><div style=\"text-align: center;\" data-title-color=\"#443f3f\" data-headings-color=\"#443f3f\" class=\"panel-widget-style panel-widget-style-for-48-4-1-0\" >\t\t\t<div class=\"textwidget\"><p><strong>Max Color M\u00e9rida<\/strong><\/p>\n<p>Calle 6 No. 110, Felipe Carrillo Puerto, C.P. 97208, M\u00e9rida, Yucat\u00e1n<\/p>\n<p>Tel\u00e9fono.: (01 999) 9 38 04 48<\/p>\n<p><a href=\"https:\/\/maxcolor.com.mx\/#\">servicioaclientes@maxcolor.com.mx<\/a><\/p>\n<\/div>\n\t\t<\/div><\/div><div id=\"panel-48-4-1-1\" class=\"so-panel widget widget_text panel-last-child\" data-index=\"9\" ><div style=\"text-align: center;\" data-title-color=\"#443f3f\" data-headings-color=\"#443f3f\" class=\"panel-widget-style panel-widget-style-for-48-4-1-1\" >\t\t\t<div class=\"textwidget\"><p><strong>Fauna Pachuca<\/strong><\/p>\n<p>Agua Potable 2, Shop Chac\u00f3n, C.P. 42186, Hidalgo, Mineral de la Reforma, Pachuca de Soto<\/p>\n<p>Tel\u00e9fono: +01 (771) 294 -9107<\/p>\n<p><a href=\"carranclancito@hotmail.com\" target=\"_blank\" rel=\"noopener noreferrer\">carranclancito@hotmail<\/a><a href=\"mailto:sales@metrosignsupplies.com\" target=\"_blank\" rel=\"noopener noreferrer\">.com<\/a><\/p>\n<\/div>\n\t\t<\/div><\/div><\/div><div id=\"pgc-48-4-2\"  class=\"panel-grid-cell\" ><div id=\"panel-48-4-2-0\" class=\"so-panel widget widget_text panel-first-child\" data-index=\"10\" ><div style=\"text-align: center;\" data-title-color=\"#443f3f\" data-headings-color=\"#443f3f\" class=\"panel-widget-style panel-widget-style-for-48-4-2-0\" >\t\t\t<div class=\"textwidget\"><p><strong>Metro Sign Supplies De M\u00e9xico<\/strong><\/p>\n<p>Calle De La Industria 537, Industrial, C.P. 21010, Mexicali, Baja California<\/p>\n<p>Tel: +52 (686)557-2470<\/p>\n<p><a href=\"mailto:sales@metrosignsupplies.com\" target=\"_blank\" rel=\"noopener noreferrer\">sales@metrosignsupplies.com<\/a><\/p>\n<\/div>\n\t\t<\/div><\/div><div id=\"panel-48-4-2-1\" class=\"so-panel widget widget_text panel-last-child\" data-index=\"11\" ><div style=\"text-align: center;\" data-title-color=\"#443f3f\" data-headings-color=\"#443f3f\" class=\"panel-widget-style panel-widget-style-for-48-4-2-1\" >\t\t\t<div class=\"textwidget\"><p><strong>Grupo Seice<\/strong><\/p>\n<p>5 de febrero 460, Algar\u00edn, C.P. \u00a006800 , Ciudad de M\u00e9xico<\/p>\n<p>Tel\u00e9fono: +52 55 4176 6877<\/p>\n<p><a href=\"mailto:contacto@seice.com.mx\">contacto@seice.com.mx<\/a><\/p>\n<\/div>\n\t\t<\/div><\/div><\/div><\/div><\/div><\/div>","protected":false},"excerpt":{"rendered":"<p>Fauna Castilla 54, Centro de Azcapotzalco, Azcapotzalco, 02000, CdMx Oficina: + (55) 1742-2166\/67 ventas@fauna.com www.faunadigital.com &nbsp; Visualtech Av. V\u00e9lez Sarsfield # 5780, Munro* C.P. 1605, Buenos Aires, Argentina Tel.: (+5411) 4116 8342 y 43 (+5411) 4116 6778 y 79 ventas@visualtechdigital.com www.visualtechdigital.com Kao Chimigraf Carcass\u00ed, 6-8 P.I. Can Jard\u00ed 08191, Rub\u00ed, Barcelona Tel. +34 935 862 [&hellip;]<\/p>\n","protected":false},"author":1,"featured_media":0,"parent":0,"menu_order":0,"comment_status":"closed","ping_status":"closed","template":"page-templates\/page_front-page.php","meta":[],"_links":{"self":[{"href":"http:\/\/faunadigital.com.mx\/index.php?rest_route=\/wp\/v2\/pages\/48"}],"collection":[{"href":"http:\/\/faunadigital.com.mx\/index.php?rest_route=\/wp\/v2\/pages"}],"about":[{"href":"http:\/\/faunadigital.com.mx\/index.php?rest_route=\/wp\/v2\/types\/page"}],"author":[{"embeddable":true,"href":"http:\/\/faunadigital.com.mx\/index.php?rest_route=\/wp\/v2\/users\/1"}],"replies":[{"embeddable":true,"href":"http:\/\/faunadigital.com.mx\/index.php?rest_route=%2Fwp%2Fv2%2Fcomments&post=48"}],"version-history":[{"count":170,"href":"http:\/\/faunadigital.com.mx\/index.php?rest_route=\/wp\/v2\/pages\/48\/revisions"}],"predecessor-version":[{"id":4320,"href":"http:\/\/faunadigital.com.mx\/index.php?rest_route=\/wp\/v2\/pages\/48\/revisions\/4320"}],"wp:attachment":[{"href":"http:\/\/faunadigital.com.mx\/index.php?rest_route=%2Fwp%2Fv2%2Fmedia&parent=48"}],"curies":[{"name":"wp","href":"https:\/\/api.w.org\/{rel}","templated":true}]}}