{"id":544,"date":"2018-07-11T16:32:47","date_gmt":"2018-07-11T22:32:47","guid":{"rendered":"http:\/\/localhost:8888\/wordpress-2\/?page_id=544"},"modified":"2022-02-08T20:47:16","modified_gmt":"2022-02-08T20:47:16","slug":"conquer-hc-5l","status":"publish","type":"page","link":"http:\/\/faunadigital.com.mx\/?page_id=544","title":{"rendered":"CONQUER OL 5L"},"content":{"rendered":"<div id=\"pl-544\"  class=\"panel-layout\" ><div id=\"pg-544-0\"  class=\"panel-grid panel-has-style\" ><div style=\"padding: 100px 0; \" data-overlay=\"true\" class=\"panel-row-style panel-row-style-for-544-0\" ><div id=\"pgc-544-0-0\"  class=\"panel-grid-cell\" ><div id=\"panel-544-0-0-0\" class=\"so-panel widget widget_sow-editor panel-first-child panel-last-child\" data-index=\"0\" ><div style=\"text-align: left;\" data-title-color=\"#443f3f\" data-headings-color=\"#443f3f\" class=\"panel-widget-style panel-widget-style-for-544-0-0-0\" ><div class=\"so-widget-sow-editor so-widget-sow-editor-base\">\n<div class=\"siteorigin-widget-tinymce textwidget\">\n\t<p class=\"p2\">Las tintas\u00a0<b>CONQUER OL\u00a0<\/b>son tintas de base solvente formuladas y testeadas para aplicaciones de interior y exterior.\u00a0<span class=\"s2\">Kao Chimigraf\u00a0<\/span>en su compromiso de mejora continua no deja de adquirir experiencia en la optimizaci\u00f3n de f\u00f3rmulas para la mejora de propiedades tales como adhesi\u00f3n, flexibilidad, resistencia y una mayor gama de colores.<\/p>\n<p class=\"p2\">Las tintas de la serie\u00a0<b>CONQUER OL\u00a0<\/b>son tintas de bajo olor adecuadas para imprimir sobre sustratos flexibles comunes del mercado gr\u00e1fico tales como vinilos, lonas o papel. Gamut equilibrado que cubre los requisitos de acabado de la publicidad exterior.<\/p>\n<p class=\"p2\">Los pigmentos utilizados en la formulaci\u00f3n de las tintas\u00a0<b>CONQUER OL\u00a0<\/b>est\u00e1n clasificados con un valor de 7-8 en la escala Blue Wool. Los test se han realizado conforme a la ASTM D-2565-99. Bajo esta metodolog\u00eda, los pigmentos muestran una resistencia a la luz de aproximadamente 24 meses de exposici\u00f3n exterior. Sin embargo, como las condiciones de exposici\u00f3n al aire libre y los niveles de radiaci\u00f3n UV var\u00edan en todo el mundo, y, en algunos pa\u00edses, incluso pueden superar las condiciones del m\u00e9todo de ensayo anterior, por lo tanto, la resistencia a la exposici\u00f3n exterior puede variar, pudiendo alargarse o acortarse dependiendo de las condiciones de exposici\u00f3n del material impreso.<\/p>\n<p><span style=\"color: #99cc00;\"><strong>Compatibilidad de cabezales:<\/strong><\/span> Cabezales Seiko SPT510\/35 o SPT255\/12 y Konica Minolta KM512M, KM512L, KM1024M o KM1024L. Debido a su excelente comportamiento tambi\u00e9n son compatibles con cabezales como el DIMATIX STARFIRE\/25 y otros.<\/p>\n<p><span style=\"color: #99cc00;\"><strong>Aplicaciones:<\/strong><\/span>\u00a0 Interiores y exteriores.<\/p>\n<p><span style=\"color: #99cc00;\"><strong>Durabilidad al exterior:<\/strong><\/span>\u00a0 24 meses.<\/p>\n<p><strong><span style=\"color: #99cc00;\">Tiempo de almacenamiento:<\/span>\u00a0\u00a0<\/strong>24 meses.<\/p>\n<p><strong><span style=\"color: #99cc00;\">Temperatura de funcionamiento:<\/span>\u00a0\u00a0<\/strong>18\u00b0 - 27\u00b0 C.<\/p>\n<p><strong><span style=\"color: #99cc00;\">Humedad relativa en funcionamiento:<\/span>\u00a0\u00a0<\/strong>30 - 80%.<\/p>\n<p><strong><span style=\"color: #99cc00;\">Temperatura de almacenamiento:<\/span>\u00a0<\/strong>\u00a05\u00b0 - 35\u00b0 C.<\/p>\n<p><span style=\"color: #99cc00;\"><strong>Producto peligroso:<\/strong><\/span>\u00a0 NO.<\/p>\n<p><span style=\"color: #99cc00;\"><strong>MSDS:<\/strong><\/span>\u00a0 Harmful Xn R20\/21.<\/p>\n<p><span style=\"color: #99cc00;\"><strong>Disponibilidad:<\/strong><\/span>\u00a0 C, M, Y, K, LC, LM<\/p>\n<p><span style=\"color: #99cc00;\"><strong>Envase:<\/strong><\/span>\u00a0 5L (4 botellas por caja)<\/p>\n<p><span style=\"color: #99cc00;\"><strong>Limpiador compatible:<\/strong><\/span>\u00a0 Solvente.<\/p>\n<\/div>\n<\/div><\/div><\/div><\/div><\/div><\/div><div id=\"pg-544-1\"  class=\"panel-grid panel-has-style\" ><div style=\"padding: 100px 0; \" data-overlay=\"true\" data-overlay-color=\"#000000\" class=\"panel-row-style panel-row-style-for-544-1\" ><div id=\"pgc-544-1-0\"  class=\"panel-grid-cell\" ><div id=\"panel-544-1-0-0\" class=\"so-panel widget widget_sow-button panel-first-child panel-last-child\" data-index=\"1\" ><div style=\"text-align: center;\" data-title-color=\"#443f3f\" data-headings-color=\"#443f3f\" class=\"panel-widget-style panel-widget-style-for-544-1-0-0\" ><div class=\"so-widget-sow-button so-widget-sow-button-atom-8ebf26ec57a3-544\"><div class=\"ow-button-base ow-button-align-center\">\n\t<a href=\"http:\/\/faunadigital.com.mx.previewc75.carrierzone.com\/wp-content\/uploads\/2020\/01\/fichaconquerol060120.png\" class=\"ow-icon-placement-left ow-button-hover\" target=\"_blank\" rel=\"noopener noreferrer\" \t\t>\n\t\t<span>\n\t\t\t\n\t\t\tFICHA T\u00c9CNICA CONQUER OL\t\t<\/span>\n\t<\/a>\n<\/div>\n<\/div><\/div><\/div><\/div><div id=\"pgc-544-1-1\"  class=\"panel-grid-cell\" ><div id=\"panel-544-1-1-0\" class=\"so-panel widget widget_sow-button panel-first-child panel-last-child\" data-index=\"2\" ><div style=\"text-align: center;\" data-title-color=\"#443f3f\" data-headings-color=\"#443f3f\" class=\"panel-widget-style panel-widget-style-for-544-1-1-0\" ><div class=\"so-widget-sow-button so-widget-sow-button-atom-2fc8e6d50262-544\"><div class=\"ow-button-base ow-button-align-center\">\n\t<a href=\"http:\/\/faunadigital.com.mx.previewc75.carrierzone.com\/wp-content\/uploads\/2020\/01\/conquerol.zip\" class=\"ow-icon-placement-left ow-button-hover\" target=\"_blank\" rel=\"noopener noreferrer\" \t\t>\n\t\t<span>\n\t\t\t\n\t\t\tMSDS CONQUER OL\t\t<\/span>\n\t<\/a>\n<\/div>\n<\/div><\/div><\/div><\/div><\/div><\/div><div id=\"pg-544-2\"  class=\"panel-grid panel-has-style\" ><div style=\"padding: 100px 0; \" data-overlay=\"true\" data-overlay-color=\"#000000\" class=\"panel-row-style panel-row-style-for-544-2\" ><div id=\"pgc-544-2-0\"  class=\"panel-grid-cell\" ><div id=\"panel-544-2-0-0\" class=\"so-panel widget widget_sow-button panel-first-child panel-last-child\" data-index=\"3\" ><div style=\"text-align: center;\" data-title-color=\"#443f3f\" data-headings-color=\"#443f3f\" class=\"panel-widget-style panel-widget-style-for-544-2-0-0\" ><div class=\"so-widget-sow-button so-widget-sow-button-atom-8ebf26ec57a3-544\"><div class=\"ow-button-base ow-button-align-center\">\n\t<a href=\"http:\/\/faunadigital.com.mx.previewc75.carrierzone.com\/wp-content\/uploads\/2020\/05\/Garanti\u0301a-tintas-Fauna-Insumos-Digitales-002.pdf\" class=\"ow-icon-placement-left ow-button-hover\" target=\"_blank\" rel=\"noopener noreferrer\" \t\t>\n\t\t<span>\n\t\t\t\n\t\t\tGARANT\u00cdA DE TINTAS\t\t<\/span>\n\t<\/a>\n<\/div>\n<\/div><\/div><\/div><\/div><div id=\"pgc-544-2-1\"  class=\"panel-grid-cell\" ><div id=\"panel-544-2-1-0\" class=\"so-panel widget widget_sow-button panel-first-child panel-last-child\" data-index=\"4\" ><div style=\"text-align: center;\" data-title-color=\"#443f3f\" data-headings-color=\"#443f3f\" class=\"panel-widget-style panel-widget-style-for-544-2-1-0\" ><div class=\"so-widget-sow-button so-widget-sow-button-atom-8ebf26ec57a3-544\"><div class=\"ow-button-base ow-button-align-center\">\n\t<a href=\"http:\/\/faunadigital.com.mx.previewc75.carrierzone.com\/wp-content\/uploads\/2022\/02\/GUIA-CAMBIO-DE-TINTAS.pdf\" class=\"ow-icon-placement-left ow-button-hover\" target=\"_blank\" rel=\"noopener noreferrer\" \t\t>\n\t\t<span>\n\t\t\t\n\t\t\tGU\u00cdA CAMBIO DE TINTAS\t\t<\/span>\n\t<\/a>\n<\/div>\n<\/div><\/div><\/div><\/div><div id=\"pgc-544-2-2\"  class=\"panel-grid-cell\" ><div id=\"panel-544-2-2-0\" class=\"so-panel widget widget_sow-button panel-first-child panel-last-child\" data-index=\"5\" ><div style=\"text-align: center;\" data-title-color=\"#443f3f\" data-headings-color=\"#443f3f\" class=\"panel-widget-style panel-widget-style-for-544-2-2-0\" ><div class=\"so-widget-sow-button so-widget-sow-button-atom-ca86ee54deb6-544\"><div class=\"ow-button-base ow-button-align-center\">\n\t<a href=\"http:\/\/faunadigital.com.mx.previewc75.carrierzone.com\/wp-content\/uploads\/2018\/07\/CUESTIONARIO-CAMBIO-DE-TINTAS.pdf\" class=\"ow-icon-placement-left ow-button-hover\" target=\"_blank\" rel=\"noopener noreferrer\" \t\t>\n\t\t<span>\n\t\t\t\n\t\t\tFORMATO CAMBIO DE TINTA\t\t<\/span>\n\t<\/a>\n<\/div>\n<\/div><\/div><\/div><\/div><\/div><\/div><\/div>","protected":false},"excerpt":{"rendered":"<p>Las tintas\u00a0CONQUER OL\u00a0son tintas de base solvente formuladas y testeadas para aplicaciones de interior y exterior.\u00a0Kao Chimigraf\u00a0en su compromiso de mejora continua no deja de adquirir experiencia en la optimizaci\u00f3n de f\u00f3rmulas para la mejora de propiedades tales como adhesi\u00f3n, flexibilidad, resistencia y una mayor gama de colores. Las tintas de la serie\u00a0CONQUER OL\u00a0son tintas [&hellip;]<\/p>\n","protected":false},"author":1,"featured_media":0,"parent":0,"menu_order":0,"comment_status":"closed","ping_status":"closed","template":"page-templates\/page_front-page.php","meta":[],"_links":{"self":[{"href":"http:\/\/faunadigital.com.mx\/index.php?rest_route=\/wp\/v2\/pages\/544"}],"collection":[{"href":"http:\/\/faunadigital.com.mx\/index.php?rest_route=\/wp\/v2\/pages"}],"about":[{"href":"http:\/\/faunadigital.com.mx\/index.php?rest_route=\/wp\/v2\/types\/page"}],"author":[{"embeddable":true,"href":"http:\/\/faunadigital.com.mx\/index.php?rest_route=\/wp\/v2\/users\/1"}],"replies":[{"embeddable":true,"href":"http:\/\/faunadigital.com.mx\/index.php?rest_route=%2Fwp%2Fv2%2Fcomments&post=544"}],"version-history":[{"count":39,"href":"http:\/\/faunadigital.com.mx\/index.php?rest_route=\/wp\/v2\/pages\/544\/revisions"}],"predecessor-version":[{"id":4735,"href":"http:\/\/faunadigital.com.mx\/index.php?rest_route=\/wp\/v2\/pages\/544\/revisions\/4735"}],"wp:attachment":[{"href":"http:\/\/faunadigital.com.mx\/index.php?rest_route=%2Fwp%2Fv2%2Fmedia&parent=544"}],"curies":[{"name":"wp","href":"https:\/\/api.w.org\/{rel}","templated":true}]}}