{"id":555,"date":"2018-07-11T16:43:35","date_gmt":"2018-07-11T22:43:35","guid":{"rendered":"http:\/\/localhost:8888\/wordpress-2\/?page_id=555"},"modified":"2020-05-08T17:38:25","modified_gmt":"2020-05-08T17:38:25","slug":"nafaw-1l","status":"publish","type":"page","link":"http:\/\/faunadigital.com.mx\/?page_id=555","title":{"rendered":"NA\u00b4FAW OL 1L"},"content":{"rendered":"<div id=\"pl-555\"  class=\"panel-layout\" ><div id=\"pg-555-0\"  class=\"panel-grid panel-has-style\" ><div style=\"padding: 100px 0; \" data-overlay=\"true\" class=\"panel-row-style panel-row-style-for-555-0\" ><div id=\"pgc-555-0-0\"  class=\"panel-grid-cell\" ><div id=\"panel-555-0-0-0\" class=\"so-panel widget widget_sow-editor panel-first-child panel-last-child\" data-index=\"0\" ><div style=\"text-align: left;\" data-title-color=\"#443f3f\" data-headings-color=\"#443f3f\" class=\"panel-widget-style panel-widget-style-for-555-0-0-0\" ><div class=\"so-widget-sow-editor so-widget-sow-editor-base\">\n<div class=\"siteorigin-widget-tinymce textwidget\">\n\t<p>Las tintas NAFAW OL son tintas de base solvente formuladas y testeadas para aplicaciones de interior y exterior.<\/p>\n<p>Los pigmentos utilizados en la formulaci\u00f3n de las tintas NAFAW OL est\u00e1n clasificados con un valor de 6 en la escala Blue Wool. Los test se han realizado conforme a la ASTM D-2565-99. Bajo esta metodolog\u00eda, los pigmentos muestran una resistencia a la luz de unos 6 meses de exposici\u00f3n exterior. Sin embargo, como las condiciones de exposici\u00f3n al aire libre y los niveles de radiaci\u00f3n UV var\u00edan en todo el mundo, y en algunos pa\u00edses, incluso pueden superar las condiciones del m\u00e9todo de ensayo anterior, por lo tanto, la resistencia a la exposici\u00f3n exterior puede variar, pudiendo alargarse o acortarse dependiendo de las condiciones de exposici\u00f3n del material impreso.<\/p>\n<p><span style=\"color: #99cc00;\"><strong>Compatibilidad de cabezales:<\/strong><\/span> Seiko SPT510\/35 o SPT255\/12 y Konica Minolta KM512M KM512L, KM1024M o KM1024L y otros<\/p>\n<p><span style=\"color: #99cc00;\"><strong>Aplicaciones:<\/strong><\/span> Interiores y exteriores.<\/p>\n<p><span style=\"color: #99cc00;\"><strong>Durabilidad al exterior:<\/strong><\/span> 12 meses.<\/p>\n<p><span style=\"color: #99cc00;\"><strong>Tiempo de almacenamiento:<\/strong> <\/span>24 meses.<\/p>\n<p><span style=\"color: #99cc00;\"><strong>Temperatura de funcionamiento:<\/strong><\/span> 18\u00b0 - 27\u00b0 C.<\/p>\n<p><span style=\"color: #99cc00;\"><strong>Humedad relativa en funcionamiento:<\/strong> <\/span>30 - 80%.<\/p>\n<p><span style=\"color: #99cc00;\"><strong>Temperatura de transporte:<\/strong><\/span> 10\u00b0 a 40\u00b0 C.<\/p>\n<p><span style=\"color: #99cc00;\"><strong>Temperatura de almacenamiento:<\/strong><\/span> 5\u00b0 - 35\u00b0 C.<\/p>\n<p><span style=\"color: #99cc00;\"><strong>Producto peligroso:<\/strong><\/span> NO.<\/p>\n<p><span style=\"color: #99cc00;\"><strong>MSDS:<\/strong><\/span> Harmful Xn R20\/21.<\/p>\n<p><span style=\"color: #99cc00;\"><strong>Disponibilidad:<\/strong><\/span> C M Y K.<\/p>\n<p><span style=\"color: #99cc00;\"><strong>Envase:<\/strong><\/span> 1L (16 botellas por caja).<\/p>\n<p><span style=\"color: #99cc00;\"><strong>Limpiador compatible:<\/strong><\/span> Solvente.<\/p>\n<\/div>\n<\/div><\/div><\/div><\/div><\/div><\/div><div id=\"pg-555-1\"  class=\"panel-grid panel-has-style\" ><div style=\"padding: 100px 0; \" data-overlay=\"true\" data-overlay-color=\"#000000\" class=\"panel-row-style panel-row-style-for-555-1\" ><div id=\"pgc-555-1-0\"  class=\"panel-grid-cell\" ><div id=\"panel-555-1-0-0\" class=\"so-panel widget widget_sow-button panel-first-child panel-last-child\" data-index=\"1\" ><div style=\"text-align: center;\" data-title-color=\"#443f3f\" data-headings-color=\"#443f3f\" class=\"panel-widget-style panel-widget-style-for-555-1-0-0\" ><div class=\"so-widget-sow-button so-widget-sow-button-atom-8ebf26ec57a3-555\"><div class=\"ow-button-base ow-button-align-center\">\n\t<a href=\"http:\/\/faunadigital.com.mx\/wp-content\/uploads\/2019\/10\/fichanafawol290419.jpg\" class=\"ow-icon-placement-left ow-button-hover\" target=\"_blank\" rel=\"noopener noreferrer\" \t\t>\n\t\t<span>\n\t\t\t\n\t\t\tFICHA T\u00c9CNICA NA\u00b4FAW OL\t\t<\/span>\n\t<\/a>\n<\/div>\n<\/div><\/div><\/div><\/div><div id=\"pgc-555-1-1\"  class=\"panel-grid-cell\" ><div id=\"panel-555-1-1-0\" class=\"so-panel widget widget_sow-button panel-first-child panel-last-child\" data-index=\"2\" ><div style=\"text-align: center;\" data-title-color=\"#443f3f\" data-headings-color=\"#443f3f\" class=\"panel-widget-style panel-widget-style-for-555-1-1-0\" ><div class=\"so-widget-sow-button so-widget-sow-button-atom-2fc8e6d50262-555\"><div class=\"ow-button-base ow-button-align-center\">\n\t<a href=\"http:\/\/faunadigital.com.mx\/wp-content\/uploads\/2018\/07\/nafaw.zip\" class=\"ow-icon-placement-left ow-button-hover\" \t\t>\n\t\t<span>\n\t\t\t\n\t\t\tMSDS NA\u00b4FAW OL\t\t<\/span>\n\t<\/a>\n<\/div>\n<\/div><\/div><\/div><\/div><div id=\"pgc-555-1-2\"  class=\"panel-grid-cell\" ><div id=\"panel-555-1-2-0\" class=\"so-panel widget widget_sow-button panel-first-child panel-last-child\" data-index=\"3\" ><div style=\"text-align: center;\" data-title-color=\"#443f3f\" data-headings-color=\"#443f3f\" class=\"panel-widget-style panel-widget-style-for-555-1-2-0\" ><div class=\"so-widget-sow-button so-widget-sow-button-atom-63e5eb34bd62-555\"><div class=\"ow-button-base ow-button-align-center\">\n\t<a href=\"http:\/\/faunadigital.com.mx\/wp-content\/uploads\/2018\/07\/CUESTIONARIO-CAMBIO-DE-TINTAS.pdf\" class=\"ow-icon-placement-left ow-button-hover\" \t\t>\n\t\t<span>\n\t\t\t\n\t\t\tCUESTIONARIO CAMBIO DE TINTA\t\t<\/span>\n\t<\/a>\n<\/div>\n<\/div><\/div><\/div><\/div><\/div><\/div><div id=\"pg-555-2\"  class=\"panel-grid panel-has-style\" ><div style=\"padding: 100px 0; \" data-overlay=\"true\" data-overlay-color=\"#000000\" class=\"panel-row-style panel-row-style-for-555-2\" ><div id=\"pgc-555-2-0\"  class=\"panel-grid-cell panel-grid-cell-mobile-last\" ><div id=\"panel-555-2-0-0\" class=\"so-panel widget widget_sow-button panel-first-child panel-last-child\" data-index=\"4\" ><div style=\"text-align: center;\" data-title-color=\"#443f3f\" data-headings-color=\"#443f3f\" class=\"panel-widget-style panel-widget-style-for-555-2-0-0\" ><div class=\"so-widget-sow-button so-widget-sow-button-atom-8ebf26ec57a3-555\"><div class=\"ow-button-base ow-button-align-center\">\n\t<a href=\"http:\/\/faunadigital.com.mx\/wp-content\/uploads\/2020\/05\/Garanti\u0301a-tintas-Fauna-Insumos-Digitales-002.pdf\" class=\"ow-icon-placement-left ow-button-hover\" target=\"_blank\" rel=\"noopener noreferrer\" \t\t>\n\t\t<span>\n\t\t\t\n\t\t\tGARANT\u00cdA\t\t<\/span>\n\t<\/a>\n<\/div>\n<\/div><\/div><\/div><\/div><div id=\"pgc-555-2-1\"  class=\"panel-grid-cell panel-grid-cell-empty\" ><\/div><\/div><\/div><\/div>","protected":false},"excerpt":{"rendered":"<p>Las tintas NAFAW OL son tintas de base solvente formuladas y testeadas para aplicaciones de interior y exterior. Los pigmentos utilizados en la formulaci\u00f3n de las tintas NAFAW OL est\u00e1n clasificados con un valor de 6 en la escala Blue Wool. Los test se han realizado conforme a la ASTM D-2565-99. Bajo esta metodolog\u00eda, los [&hellip;]<\/p>\n","protected":false},"author":1,"featured_media":0,"parent":0,"menu_order":0,"comment_status":"closed","ping_status":"closed","template":"page-templates\/page_front-page.php","meta":[],"_links":{"self":[{"href":"http:\/\/faunadigital.com.mx\/index.php?rest_route=\/wp\/v2\/pages\/555"}],"collection":[{"href":"http:\/\/faunadigital.com.mx\/index.php?rest_route=\/wp\/v2\/pages"}],"about":[{"href":"http:\/\/faunadigital.com.mx\/index.php?rest_route=\/wp\/v2\/types\/page"}],"author":[{"embeddable":true,"href":"http:\/\/faunadigital.com.mx\/index.php?rest_route=\/wp\/v2\/users\/1"}],"replies":[{"embeddable":true,"href":"http:\/\/faunadigital.com.mx\/index.php?rest_route=%2Fwp%2Fv2%2Fcomments&post=555"}],"version-history":[{"count":35,"href":"http:\/\/faunadigital.com.mx\/index.php?rest_route=\/wp\/v2\/pages\/555\/revisions"}],"predecessor-version":[{"id":3471,"href":"http:\/\/faunadigital.com.mx\/index.php?rest_route=\/wp\/v2\/pages\/555\/revisions\/3471"}],"wp:attachment":[{"href":"http:\/\/faunadigital.com.mx\/index.php?rest_route=%2Fwp%2Fv2%2Fmedia&parent=555"}],"curies":[{"name":"wp","href":"https:\/\/api.w.org\/{rel}","templated":true}]}}