{"id":663,"date":"2018-07-12T13:18:29","date_gmt":"2018-07-12T19:18:29","guid":{"rendered":"http:\/\/localhost:8888\/wordpress-2\/?page_id=663"},"modified":"2022-02-08T22:09:07","modified_gmt":"2022-02-08T22:09:07","slug":"sublimacion-1l","status":"publish","type":"page","link":"http:\/\/faunadigital.com.mx\/?page_id=663","title":{"rendered":"SUBLIMACION 1L"},"content":{"rendered":"<div id=\"pl-663\"  class=\"panel-layout\" ><div id=\"pg-663-0\"  class=\"panel-grid panel-has-style\" ><div style=\"padding: 100px 0; \" data-overlay=\"true\" class=\"panel-row-style panel-row-style-for-663-0\" ><div id=\"pgc-663-0-0\"  class=\"panel-grid-cell\" ><div id=\"panel-663-0-0-0\" class=\"so-panel widget widget_sow-editor panel-first-child panel-last-child\" data-index=\"0\" ><div style=\"text-align: left;\" data-title-color=\"#443f3f\" data-headings-color=\"#443f3f\" class=\"panel-widget-style panel-widget-style-for-663-0-0-0\" ><div class=\"so-widget-sow-editor so-widget-sow-editor-base\">\n<div class=\"siteorigin-widget-tinymce textwidget\">\n\t<p>Aplicaciones Textiles<\/p>\n<p>La tinta de Sublimaci\u00f3n de Fauna Kao Chimigraf es el conjunto CMYK de tintas espec\u00edficamente dise\u00f1adas para la impresi\u00f3n de transferencia en cualquier material de poli\u00e9ster. Nuestras tintas de sublimaci\u00f3n son tintas de alta densidad desarrolladas para colores brillantes y negros intensos que utilizan la menor cantidad de tinta para la mayor eficiencia y el menor costo de producci\u00f3n<\/p>\n<p><span style=\"color: #99cc00;\"><strong>Veh\u00edculo:<\/strong><\/span>\u00a0 base agua<\/p>\n<p><span style=\"color: #99cc00;\"><strong>Informaci\u00f3n de env\u00edo:<\/strong>\u00a0<\/span> No peligroso<\/p>\n<p><span style=\"color: #99cc00;\"><strong>Duraci\u00f3n:<\/strong><\/span>\u00a0 12 meses<\/p>\n<p><span style=\"color: #99cc00;\"><strong>Cabezales:<\/strong>\u00a0<\/span> Epson DX4, DX5, DX7, Eps5113 y Eps3200<\/p>\n<p><span style=\"color: #99cc00;\"><strong>Condiciones de transferencia:<\/strong><\/span>\u00a0 200\u00baC durante 30 - 50 segundos.<\/p>\n<p><span style=\"color: #99cc00;\"><strong>Aplicaciones:<\/strong><\/span>\u00a0 Poli\u00e9ster hasta 80%<\/p>\n<p><span style=\"color: #99cc00;\"><strong>Condiciones de almacenamiento:<\/strong><\/span>\u00a0 De 15 - 35\u00b0C, 20 - 80% humedad relativa, sin condensaci\u00f3n.<\/p>\n<p><span style=\"color: #99cc00;\"><strong>Disponibilidad:<\/strong><\/span>\u00a0 C,M,Y,K<\/p>\n<p><strong><span style=\"color: #99cc00;\">Envase:\u00a0<\/span>\u00a0<\/strong>1L ( 4 botellas por caja)<\/p>\n<p><span style=\"color: #99cc00;\"><strong>Limpiador Compatible:<\/strong><\/span>\u00a0 Flush<\/p>\n<\/div>\n<\/div><\/div><\/div><\/div><\/div><\/div><div id=\"pg-663-1\"  class=\"panel-grid panel-has-style\" ><div style=\"padding: 100px 0; \" data-overlay=\"true\" data-overlay-color=\"#000000\" class=\"panel-row-style panel-row-style-for-663-1\" ><div id=\"pgc-663-1-0\"  class=\"panel-grid-cell\" ><div id=\"panel-663-1-0-0\" class=\"so-panel widget widget_sow-button panel-first-child panel-last-child\" data-index=\"1\" ><div style=\"text-align: left;\" data-title-color=\"#443f3f\" data-headings-color=\"#443f3f\" class=\"panel-widget-style panel-widget-style-for-663-1-0-0\" ><div class=\"so-widget-sow-button so-widget-sow-button-atom-8ebf26ec57a3-663\"><div class=\"ow-button-base ow-button-align-center\">\n\t<a href=\"http:\/\/faunadigital.com.mx.previewc75.carrierzone.com\/wp-content\/uploads\/2018\/10\/fichafaunakaosublimacion.jpg\" class=\"ow-icon-placement-left ow-button-hover\" target=\"_blank\" rel=\"noopener noreferrer\" \t\t>\n\t\t<span>\n\t\t\t\n\t\t\tFICHA TECNICA SUBLIMACI\u00d3N\t\t<\/span>\n\t<\/a>\n<\/div>\n<\/div><\/div><\/div><\/div><div id=\"pgc-663-1-1\"  class=\"panel-grid-cell panel-grid-cell-mobile-last\" ><div id=\"panel-663-1-1-0\" class=\"so-panel widget widget_sow-button panel-first-child panel-last-child\" data-index=\"2\" ><div style=\"text-align: left;\" data-title-color=\"#443f3f\" data-headings-color=\"#443f3f\" class=\"panel-widget-style panel-widget-style-for-663-1-1-0\" ><div class=\"so-widget-sow-button so-widget-sow-button-atom-2fc8e6d50262-663\"><div class=\"ow-button-base ow-button-align-center\">\n\t<a href=\"http:\/\/faunadigital.com.mx.previewc75.carrierzone.com\/wp-content\/uploads\/2018\/07\/sublimacion.zip\" class=\"ow-icon-placement-left ow-button-hover\" target=\"_blank\" rel=\"noopener noreferrer\" \t\t>\n\t\t<span>\n\t\t\t\n\t\t\tMSDS SUBLIMACION\t\t<\/span>\n\t<\/a>\n<\/div>\n<\/div><\/div><\/div><\/div><div id=\"pgc-663-1-2\"  class=\"panel-grid-cell panel-grid-cell-empty\" ><\/div><\/div><\/div><div id=\"pg-663-2\"  class=\"panel-grid panel-has-style\" ><div style=\"padding: 100px 0; \" data-overlay=\"true\" data-overlay-color=\"#000000\" class=\"panel-row-style panel-row-style-for-663-2\" ><div id=\"pgc-663-2-0\"  class=\"panel-grid-cell\" ><div id=\"panel-663-2-0-0\" class=\"so-panel widget widget_sow-button panel-first-child panel-last-child\" data-index=\"3\" ><div style=\"text-align: left;\" data-title-color=\"#443f3f\" data-headings-color=\"#443f3f\" class=\"panel-widget-style panel-widget-style-for-663-2-0-0\" ><div class=\"so-widget-sow-button so-widget-sow-button-atom-8ebf26ec57a3-663\"><div class=\"ow-button-base ow-button-align-center\">\n\t<a href=\"http:\/\/faunadigital.com.mx.previewc75.carrierzone.com\/wp-content\/uploads\/2020\/05\/Garanti\u0301a-tintas-Fauna-Insumos-Digitales-002.pdf\" class=\"ow-icon-placement-left ow-button-hover\" target=\"_blank\" rel=\"noopener noreferrer\" \t\t>\n\t\t<span>\n\t\t\t\n\t\t\tGARANT\u00cdA DE TINTAS\t\t<\/span>\n\t<\/a>\n<\/div>\n<\/div><\/div><\/div><\/div><div id=\"pgc-663-2-1\"  class=\"panel-grid-cell\" ><div id=\"panel-663-2-1-0\" class=\"so-panel widget widget_sow-button panel-first-child panel-last-child\" data-index=\"4\" ><div style=\"text-align: left;\" data-title-color=\"#443f3f\" data-headings-color=\"#443f3f\" class=\"panel-widget-style panel-widget-style-for-663-2-1-0\" ><div class=\"so-widget-sow-button so-widget-sow-button-atom-8ebf26ec57a3-663\"><div class=\"ow-button-base ow-button-align-center\">\n\t<a href=\"http:\/\/faunadigital.com.mx\/wp-content\/uploads\/2022\/02\/GUIA-CAMBIO-DE-TINTAS.pdf\" class=\"ow-icon-placement-left ow-button-hover\" target=\"_blank\" rel=\"noopener noreferrer\" \t\t>\n\t\t<span>\n\t\t\t\n\t\t\tGU\u00cdA CAMBIO DE TINTAS\t\t<\/span>\n\t<\/a>\n<\/div>\n<\/div><\/div><\/div><\/div><div id=\"pgc-663-2-2\"  class=\"panel-grid-cell\" ><div id=\"panel-663-2-2-0\" class=\"so-panel widget widget_sow-button panel-first-child panel-last-child\" data-index=\"5\" ><div style=\"text-align: center;\" data-title-color=\"#443f3f\" data-headings-color=\"#443f3f\" class=\"panel-widget-style panel-widget-style-for-663-2-2-0\" ><div class=\"so-widget-sow-button so-widget-sow-button-atom-ca86ee54deb6-663\"><div class=\"ow-button-base ow-button-align-center\">\n\t<a href=\"http:\/\/faunadigital.com.mx.previewc75.carrierzone.com\/wp-content\/uploads\/2018\/07\/CUESTIONARIO-CAMBIO-DE-TINTAS.pdf\" class=\"ow-icon-placement-left ow-button-hover\" target=\"_blank\" rel=\"noopener noreferrer\" \t\t>\n\t\t<span>\n\t\t\t\n\t\t\tFORMATO CAMBIO DE TINTAS\t\t<\/span>\n\t<\/a>\n<\/div>\n<\/div><\/div><\/div><\/div><\/div><\/div><\/div>","protected":false},"excerpt":{"rendered":"<p>Aplicaciones Textiles La tinta de Sublimaci\u00f3n de Fauna Kao Chimigraf es el conjunto CMYK de tintas espec\u00edficamente dise\u00f1adas para la impresi\u00f3n de transferencia en cualquier material de poli\u00e9ster. Nuestras tintas de sublimaci\u00f3n son tintas de alta densidad desarrolladas para colores brillantes y negros intensos que utilizan la menor cantidad de tinta para la mayor eficiencia [&hellip;]<\/p>\n","protected":false},"author":1,"featured_media":0,"parent":0,"menu_order":0,"comment_status":"closed","ping_status":"closed","template":"page-templates\/page_front-page.php","meta":[],"_links":{"self":[{"href":"http:\/\/faunadigital.com.mx\/index.php?rest_route=\/wp\/v2\/pages\/663"}],"collection":[{"href":"http:\/\/faunadigital.com.mx\/index.php?rest_route=\/wp\/v2\/pages"}],"about":[{"href":"http:\/\/faunadigital.com.mx\/index.php?rest_route=\/wp\/v2\/types\/page"}],"author":[{"embeddable":true,"href":"http:\/\/faunadigital.com.mx\/index.php?rest_route=\/wp\/v2\/users\/1"}],"replies":[{"embeddable":true,"href":"http:\/\/faunadigital.com.mx\/index.php?rest_route=%2Fwp%2Fv2%2Fcomments&post=663"}],"version-history":[{"count":31,"href":"http:\/\/faunadigital.com.mx\/index.php?rest_route=\/wp\/v2\/pages\/663\/revisions"}],"predecessor-version":[{"id":4747,"href":"http:\/\/faunadigital.com.mx\/index.php?rest_route=\/wp\/v2\/pages\/663\/revisions\/4747"}],"wp:attachment":[{"href":"http:\/\/faunadigital.com.mx\/index.php?rest_route=%2Fwp%2Fv2%2Fmedia&parent=663"}],"curies":[{"name":"wp","href":"https:\/\/api.w.org\/{rel}","templated":true}]}}