{"id":679,"date":"2018-07-24T17:16:39","date_gmt":"2018-07-24T17:16:39","guid":{"rendered":"http:\/\/faunadigital.com.mx\/?page_id=679"},"modified":"2018-07-26T18:23:36","modified_gmt":"2018-07-26T18:23:36","slug":"aviso-de-privacidad","status":"publish","type":"page","link":"http:\/\/faunadigital.com.mx\/?page_id=679","title":{"rendered":"AVISO DE PRIVACIDAD"},"content":{"rendered":"<p><span style=\"color: #99cc00;\"><a style=\"color: #99cc00;\" href=\"http:\/\/faunadigital.com.mx\/?page_id=679\">FAUNA INSUMOS DIGITALES S.A. DE C.V.<\/a>,<\/span> mejor conocido como FAUNA DIGITAL, con domicilio en calle CASTILLA 54, colonia CENTRO DE AZCAPOTZALCO, ciudad de M\u00c9XICO, municipio o delegaci\u00f3n AZCAPOTZALCO, c.p. 02000, en la entidad de CIUDAD DE M\u00c9XICO, pa\u00eds M\u00c9XICO, y portal de internet www.faunadigital.com, es el responsable del uso y protecci\u00f3n de sus datos personales, y al respecto le informamos lo siguiente:<\/p>\n<h3><span style=\"color: #99cc00;\">\u00bfPara qu\u00e9 fines utilizaremos sus datos personales?<\/span><\/h3>\n<p>Los datos personales que recabamos de usted, los utilizaremos para las siguientes finalidades que son necesarias para el servicio que solicita:<\/p>\n<ul>\n<li>Cr\u00e9ditos comerciales<\/li>\n<li>Relaci\u00f3n laboral<\/li>\n<li>Mercadotecnia o publicitaria<\/li>\n<li>Prospecci\u00f3n comercial<\/li>\n<\/ul>\n<h3><span style=\"color: #99cc00;\">\u00bfQu\u00e9 datos personales utilizaremos para estos fines?<\/span><\/h3>\n<p>Para llevar a cabo las finalidades descritas en el presente aviso de privacidad, utilizaremos los siguientes datos personales:<\/p>\n<ul>\n<li>Nombre<\/li>\n<li>Estado Civil<\/li>\n<li>Registro Federal de Contribuyentes(RFC)<\/li>\n<li>Clave \u00fanica de Registro de Poblaci\u00f3n (CURP)<\/li>\n<li>Lugar de nacimiento<\/li>\n<li>Fecha de nacimiento<\/li>\n<li>Nacionalidad<\/li>\n<li>Domicilio<\/li>\n<li>Tel\u00e9fono particulaR<\/li>\n<li>Tel\u00e9fono celular<\/li>\n<li>Correo electr\u00f3nico<\/li>\n<li>Firma aut\u00f3grafa<\/li>\n<li>Edad<\/li>\n<li>Puesto o cargo que desempe\u00f1a<\/li>\n<li>Domicilio de trabajo<\/li>\n<li>Correo electr\u00f3nico institucional<\/li>\n<li>Tel\u00e9fono institucional<\/li>\n<li>Referencias laborales<\/li>\n<li>Informaci\u00f3n generada durante los procesos de reclutamiento, selecci\u00f3n y contrataci\u00f3n ???? Capacitaci\u00f3n laboral<\/li>\n<li>Trayectoria educativa<\/li>\n<li>T\u00edtulos<\/li>\n<li>C\u00e9dula profesional<\/li>\n<li>Certificados<\/li>\n<li>Reconocimientos<\/li>\n<li>Bienes muebles<\/li>\n<li>Bienes inmuebles<\/li>\n<li>Informaci\u00f3n fiscal<\/li>\n<li>Historial crediticio<\/li>\n<li>Ingresos<\/li>\n<li>Egresos<\/li>\n<li>Cuentas bancarias<\/li>\n<li>N\u00famero de tarjetas de cr\u00e9dito<\/li>\n<li>Seguros<\/li>\n<li>Datos de identificaci\u00f3n<\/li>\n<li>Datos de contacto<\/li>\n<li>Datos laborales<\/li>\n<li>Datos acad\u00e9micos<\/li>\n<li>Datos patrimoniales y\/o financieros<\/li>\n<\/ul>\n<h3><span style=\"color: #99cc00;\">\u00bfCon qui\u00e9n compartimos su informaci\u00f3n personal y para qu\u00e9 fines?<\/span><\/h3>\n<p>Le informamos que sus datos personales son compartidos dentro y fuera del pa\u00eds con las siguientes personas, empresas, organizaciones o autoridades distintas a nosotros, para los siguientes fines:<\/p>\n<h4><span style=\"color: #99cc00;\">Destinatario de los datos personales\u00a0 \u00a0 \u00a0 \u00a0 \u00a0 Finalidad\u00a0 \u00a0 \u00a0 \u00a0 \u00a0 \u00a0<strong>Requiere del consentimiento<\/strong><\/span><\/h4>\n<p>Gestor\u00eda de cobranza\u00a0 \u00a0 \u00a0 \u00a0 \u00a0 Garantizar cr\u00e9ditos comerciales y\/o financiamiento\u00a0 \u00a0 \u00a0 \u00a0 \u00a0 \u00a0 \u00a0 \u00a0S\u00ed<\/p>\n<p>&nbsp;<\/p>\n<p>Con relaci\u00f3n a las transferencias que requieren su consentimiento, ponemos a su disposici\u00f3n el siguiente mecanismo para que, en su caso, nos lo otorgue. Le recordamos que si despu\u00e9s de leer este aviso de privacidad no nos otorga su consentimiento, dichas transferencias no se podr\u00e1n realizar:<\/p>\n<p>www.faunadigital.com\/aviso.html<\/p>\n<h3><span style=\"color: #99cc00;\">\u00bfC\u00f3mo puede acceder, rectificar o cancelar sus datos personales, u oponerse a su uso?<\/span><\/h3>\n<p>Usted tiene derecho a conocer qu\u00e9 datos personales tenemos de usted, para qu\u00e9 los utilizamos y las condiciones del uso que les damos (Acceso). Asimismo, es su derecho solicitar la correcci\u00f3n de su informaci\u00f3n personal en caso de que est\u00e9 desactualizada, sea inexacta o incompleta (Rectificaci\u00f3n); que la eliminemos de nuestros registros o bases de datos cuando considere que la misma no est\u00e1 siendo utilizada adecuadamente (Cancelaci\u00f3n); as\u00ed como oponerse al uso de sus datos personales para fines espec\u00edficos (Oposici\u00f3n). Estos derechos se conocen como derechos ARCO.<\/p>\n<p>Para el ejercicio de cualquiera de los derechos ARCO, usted deber\u00e1 presentar la solicitud respectiva a trav\u00e9s del siguiente medio:<\/p>\n<p>En todo momento usted podra revocar el consentimiento que nos ha otorgado por el siguiente medio serviciosalcliente@faunadigital.com<\/p>\n<p>Para conocer el procedimiento y requisitos para el ejercicio de los derechos ARCO, ponemos a su disposici\u00f3n el siguiente medio:<\/p>\n<p>serviciosalcliente@faunadigital.com y\/o (5255) 1742 2166<\/p>\n<p>Los datos de contacto de la persona o departamento de datos personales, que est\u00e1 a cargo de dar tr\u00e1mite a las solicitudes de derechos ARCO, son los siguientes:<\/p>\n<p>a) Nombre de la persona o departamento de datos personales: Ana Angelica Larrauri<\/p>\n<p>b) Domicilio: calle Castilla 54, colonia Centro de Azcapotzalco, ciudad M\u00e9xico, municipio o delegaci\u00f3n Azcapotzalco,\u00a0c.p. 02000, en la entidad de Ciudad de M\u00e9xico, pa\u00eds M\u00e9xico<\/p>\n<p>c) Correo electr\u00f3nico: serviciosalcliente@faunadigital.com<\/p>\n<p>c) N\u00famero telef\u00f3nico: (5255) 1742 2166<\/p>\n<p>Otro dato de contacto: (5255) 1742 2167<\/p>\n<h3><span style=\"color: #99cc00;\">Usted puede revocar su consentimiento para el uso de sus datos personales<\/span><\/h3>\n<p>Usted puede revocar el consentimiento que, en su caso, nos haya otorgado para el tratamiento de sus datos personales. Sin embargo, es importante que tenga en cuenta que no en todos los casos podremos atender su solicitud o concluir el uso de forma inmediata, ya que es posible que por alguna obligaci\u00f3n legal requiramos seguir tratando sus datos personales. Asimismo, usted deber\u00e1 considerar que para ciertos fines, la revocaci\u00f3n de su consentimiento implicar\u00e1 que no le podamos seguir prestando el servicio que nos solicit\u00f3, o la conclusi\u00f3n de su relaci\u00f3n con nosotros.<\/p>\n<p>Para revocar su consentimiento deber\u00e1 presentar su solicitud a trav\u00e9s del siguiente medio:<\/p>\n<p>serviciosalcliente@faunadigital.com<\/p>\n<p>Para conocer el procedimiento y requisitos para la revocaci\u00f3n del consentimiento, ponemos a su disposici\u00f3n el siguiente medio:<\/p>\n<p>serviciosalcliente@faunadigital.com<\/p>\n<h3><span style=\"color: #99cc00;\">\u00bfC\u00f3mo puede limitar el uso o divulgaci\u00f3n de su informaci\u00f3n personal?<\/span><\/h3>\n<p>Con objeto de que usted pueda limitar el uso y divulgaci\u00f3n de su informaci\u00f3n personal, le ofrecemos los siguientes medios:<\/p>\n<p>De manera adicional, le informamos que contamos con los siguientes listados de exclusi\u00f3n, en los cuales podr\u00e1 registrarse para que sus datos personales no sean tratados para ciertos fines:<\/p>\n<h4><span style=\"color: #99cc00;\">Nombre del listado\u00a0 \u00a0 \u00a0 \u00a0 \u00a0 \u00a0 \u00a0 \u00a0 \u00a0 \u00a0 \u00a0\u00a0Finalidad para las que aplica\u00a0 \u00a0 \u00a0 \u00a0 \u00a0 \u00a0 \u00a0 \u00a0 \u00a0 \u00a0 \u00a0 \u00a0 \u00a0 \u00a0Medio para obtener mayor informaci\u00f3n<\/span><\/h4>\n<p>Listado de exclusi\u00f3n\u00a0 \u00a0 \u00a0 \u00a0 \u00a0 \u00a0 \u00a0 \u00a0 \u00a0 \u00a0 \u00a0 \u00a0 \u00a0 \u00a0Datos personales no sean tratados\u00a0 \u00a0 \u00a0 \u00a0 \u00a0 \u00a0 \u00a0 \u00a0 \u00a0 \u00a0 \u00a0 \u00a0 \u00a0 serviciosalcliente@faunadigital.com<\/p>\n<p>Listado de exclusi\u00f3n\u00a0 \u00a0 \u00a0 \u00a0 \u00a0 \u00a0 \u00a0 \u00a0 \u00a0 \u00a0 \u00a0 \u00a0 \u00a0 Datos personales dejen de ser tratados\u00a0 \u00a0 \u00a0 \u00a0 \u00a0 \u00a0 \u00a0 \u00a0 \u00a0 \u00a0serviciosalcliente@faunadigital.com<\/p>\n<p>&nbsp;<\/p>\n<p>Asimismo, usted se podr\u00e1 inscribir a los siguientes registros, en caso de que no desee obtener publicidad de nuestra parte:<\/p>\n<p>Registro P\u00fablico para Evitar Publicidad, para mayor informaci\u00f3n consulte el portal de internet de la PROFECO Registro P\u00fablico de Usuarios, para mayor informaci\u00f3n consulte el portal de internet de la CONDUSEF<\/p>\n<h3><span style=\"color: #99cc00;\">El uso de tecnolog\u00edas de rastreo en nuestro portal de internet<\/span><\/h3>\n<p>Le informamos que en nuestra p\u00e1gina de internet utilizamos cookies, web beacons u otras tecnolog\u00edas, a trav\u00e9s de las cuales es posible monitorear su comportamiento como usuario de internet, as\u00ed como brindarle un mejor servicio y experiencia al navegar en nuestra p\u00e1gina. Los datos personales que recabamos a trav\u00e9s de estas tecnolog\u00edas, los utilizaremos para los siguientes fines:<\/p>\n<p>Sus datos personales ser\u00e1n utilizados para proveer productos requeridos as\u00ed como actividades afines.<\/p>\n<p>Los datos personales que obtenemos de estas tecnolog\u00edas de rastreo son los siguientes:<\/p>\n<ul>\n<li>Identificadores, nombre de usuario y contrase\u00f1as de una sesi\u00f3n<\/li>\n<li>Regi\u00f3n en la que se encuentra el usuario<\/li>\n<li>Fecha y hora del inicio y final de una sesi\u00f3n de un usuario<\/li>\n<li>Publicidad revisada por un usuario<\/li>\n<\/ul>\n<p>Para conocer la forma en que se pueden deshabilitar estas tecnolog\u00edas, consulte el siguiente medio: Por medio del siguiente correo electr\u00f3nico: serviciosalcliente@faunadigital.com<\/p>\n<h3><span style=\"color: #99cc00;\">\u00bfC\u00f3mo puede conocer los cambios en este aviso de privacidad?<\/span><\/h3>\n<p>El presente aviso de privacidad puede sufrir modificaciones, cambios o actualizaciones derivadas de nuevos requerimientos legales; de nuestras propias necesidades por los productos o servicios que ofrecemos; de nuestras pr\u00e1cticas de privacidad; de cambios en nuestro modelo de negocio, o por otras causas.<\/p>\n<p>Nos comprometemos a mantenerlo informado sobre los cambios que pueda sufrir el presente aviso de privacidad, a trav\u00e9s de: www.faunadigital.com<\/p>\n<p>El procedimiento a trav\u00e9s del cual se llevar\u00e1n a cabo las notificaciones sobre cambios o actualizaciones al presente aviso de privacidad es el siguiente:<\/p>\n<p>Publicaci\u00f3n en el portal de internet.<\/p>\n<p>\u00daltima actualizaci\u00f3n: 30\/06\/2015<\/p>\n","protected":false},"excerpt":{"rendered":"<p>FAUNA INSUMOS DIGITALES S.A. DE C.V., mejor conocido como FAUNA DIGITAL, con domicilio en calle CASTILLA 54, colonia CENTRO DE AZCAPOTZALCO, ciudad de M\u00c9XICO, municipio o delegaci\u00f3n AZCAPOTZALCO, c.p. 02000, en la entidad de CIUDAD DE M\u00c9XICO, pa\u00eds M\u00c9XICO, y portal de internet www.faunadigital.com, es el responsable del uso y protecci\u00f3n de sus datos personales, [&hellip;]<\/p>\n","protected":false},"author":1,"featured_media":0,"parent":0,"menu_order":0,"comment_status":"closed","ping_status":"closed","template":"page-templates\/page_fullwidth.php","meta":[],"_links":{"self":[{"href":"http:\/\/faunadigital.com.mx\/index.php?rest_route=\/wp\/v2\/pages\/679"}],"collection":[{"href":"http:\/\/faunadigital.com.mx\/index.php?rest_route=\/wp\/v2\/pages"}],"about":[{"href":"http:\/\/faunadigital.com.mx\/index.php?rest_route=\/wp\/v2\/types\/page"}],"author":[{"embeddable":true,"href":"http:\/\/faunadigital.com.mx\/index.php?rest_route=\/wp\/v2\/users\/1"}],"replies":[{"embeddable":true,"href":"http:\/\/faunadigital.com.mx\/index.php?rest_route=%2Fwp%2Fv2%2Fcomments&post=679"}],"version-history":[{"count":19,"href":"http:\/\/faunadigital.com.mx\/index.php?rest_route=\/wp\/v2\/pages\/679\/revisions"}],"predecessor-version":[{"id":866,"href":"http:\/\/faunadigital.com.mx\/index.php?rest_route=\/wp\/v2\/pages\/679\/revisions\/866"}],"wp:attachment":[{"href":"http:\/\/faunadigital.com.mx\/index.php?rest_route=%2Fwp%2Fv2%2Fmedia&parent=679"}],"curies":[{"name":"wp","href":"https:\/\/api.w.org\/{rel}","templated":true}]}}