{"id":970,"date":"2018-07-30T14:33:47","date_gmt":"2018-07-30T14:33:47","guid":{"rendered":"http:\/\/faunadigital.com.mx\/?page_id=970"},"modified":"2019-05-07T19:03:16","modified_gmt":"2019-05-07T19:03:16","slug":"v25","status":"publish","type":"page","link":"http:\/\/faunadigital.com.mx\/?page_id=970","title":{"rendered":"FD1900"},"content":{"rendered":"<div id=\"pl-970\"  class=\"panel-layout\" ><div id=\"pg-970-0\"  class=\"panel-grid panel-has-style\" ><div style=\"padding: 100px 0; \" data-overlay=\"true\" data-overlay-color=\"#000000\" class=\"panel-row-style panel-row-style-for-970-0\" ><div id=\"pgc-970-0-0\"  class=\"panel-grid-cell\" ><div id=\"panel-970-0-0-0\" class=\"so-panel widget widget_media_image panel-first-child panel-last-child\" data-index=\"0\" ><div style=\"text-align: center;\" data-title-color=\"#443f3f\" data-headings-color=\"#443f3f\" class=\"panel-widget-style panel-widget-style-for-970-0-0-0\" ><img width=\"756\" height=\"354\" src=\"http:\/\/faunadigital.com.mx\/wp-content\/uploads\/2018\/11\/fd1900.png\" class=\"image wp-image-2253  attachment-full size-full\" alt=\"\" loading=\"lazy\" style=\"max-width: 100%; height: auto;\" srcset=\"http:\/\/faunadigital.com.mx\/wp-content\/uploads\/2018\/11\/fd1900.png 756w, http:\/\/faunadigital.com.mx\/wp-content\/uploads\/2018\/11\/fd1900-300x140.png 300w, http:\/\/faunadigital.com.mx\/wp-content\/uploads\/2018\/11\/fd1900-230x108.png 230w, http:\/\/faunadigital.com.mx\/wp-content\/uploads\/2018\/11\/fd1900-350x164.png 350w, http:\/\/faunadigital.com.mx\/wp-content\/uploads\/2018\/11\/fd1900-480x225.png 480w\" sizes=\"(max-width: 756px) 100vw, 756px\" \/><\/div><\/div><\/div><\/div><\/div><div id=\"pg-970-1\"  class=\"panel-grid panel-has-style\" ><div style=\"padding: 100px 0; \" data-overlay=\"true\" data-overlay-color=\"#000000\" class=\"panel-row-style panel-row-style-for-970-1\" ><div id=\"pgc-970-1-0\"  class=\"panel-grid-cell\" ><div id=\"panel-970-1-0-0\" class=\"so-panel widget widget_sow-editor panel-first-child panel-last-child\" data-index=\"1\" ><div style=\"text-align: left;\" data-title-color=\"#443f3f\" data-headings-color=\"#443f3f\" class=\"panel-widget-style panel-widget-style-for-970-1-0-0\" ><div class=\"so-widget-sow-editor so-widget-sow-editor-base\">\n<div class=\"siteorigin-widget-tinymce textwidget\">\n\t<h2><span style=\"color: #99cc00;\">Hasta 98m\u00b2\/ hr<\/span><\/h2>\n<ul>\n<li>2 cabezales de impresi\u00f3n Epson.<\/li>\n<li>Velocidad en 2 pasadas hasta 98m\u00b2\/ hr<\/li>\n<li>Equipado con sistema de reembobinado con motor importado<\/li>\n<li>Puerto de transmisi\u00f3n de datos que satisface la demanda de archivos grandes en alta resoluci\u00f3n<\/li>\n<li>Piezas de alta calidad estables con el sistema de impresi\u00f3n FEDAR Gu\u00eda THK, Cadena IGUS, Rodamiento NSK, Servomotor Leadshine, etc.<\/li>\n<\/ul>\n<h3><span style=\"color: #99cc00;\">Modelo<\/span><\/h3>\n<p>FD1900<\/p>\n<h3><span style=\"color: #99cc00;\">Tipo de Cabezal<\/span><\/h3>\n<p>EPS3200\u00a0 \u00a0 \u00a0Cantidad: 2\u00a0 \u00a0 \u00a0Resoluci\u00f3n: 3200DPI<\/p>\n<h3><span style=\"color: #99cc00;\">Velocidades de impresi\u00f3n<\/span><\/h3>\n<p>2 pass-98m\u00b2\/h\u00a0 \u00a0 \u00a0 3 pass-64m\u00b2\/h\u00a0 \u00a0 \u00a0 4 pass-50m\u00b2\/h<\/p>\n<h3><span style=\"color: #99cc00;\">Ancho de impresi\u00f3n<\/span><\/h3>\n<p>M\u00e1ximo 1900mm<\/p>\n<h3><span style=\"color: #99cc00;\">Tinta<\/span><\/h3>\n<p>Tinta de pigmento \/ sublimaci\u00f3n\u00a0 Color: CMYK<\/p>\n<h3><span style=\"color: #99cc00;\">Media<\/span><\/h3>\n<p>Papel de transferencia<\/p>\n<h3><span style=\"color: #99cc00;\">Rip Software<\/span><\/h3>\n<p>Photoprint<\/p>\n<h3><span style=\"color: #99cc00;\">Sistema de secado de tinta<\/span><\/h3>\n<p>Pre-calentador, Tabla de impresi\u00f3n con calentador, Post Calentador Secador<\/p>\n<h3><span style=\"color: #99cc00;\">Formato de imagen<\/span><\/h3>\n<p>JPG, TIFF, BMP, PDF<\/p>\n<h3><span style=\"color: #99cc00;\">Sistema operaci\u00f3n<\/span><\/h3>\n<p>Win7 \/ Win8<\/p>\n<h3><span style=\"color: #99cc00;\">Interface<\/span><\/h3>\n<p>Gigabit LAN<\/p>\n<h3><span style=\"color: #99cc00;\">Sistema de Alimentaci\u00f3n<\/span><\/h3>\n<p>Autom\u00e1tico enrollador y desenrollador<\/p>\n<h3><span style=\"color: #99cc00;\">Ambiente de trabajo<\/span><\/h3>\n<p>Temperatura: 15-30 \u2103\u00a0 \u00a0Humedad: 35-65%<\/p>\n<h3><span style=\"color: #99cc00;\">Consumo de energia<\/span><\/h3>\n<p>220V 50\/60Hz 10A<\/p>\n<h3><span style=\"color: #99cc00;\">Tama\u00f1o de la m\u00e1quina<\/span><\/h3>\n<p>2810 x 910 x 1350 mm<\/p>\n<\/div>\n<\/div><\/div><\/div><\/div><div id=\"pgc-970-1-1\"  class=\"panel-grid-cell\" ><div id=\"panel-970-1-1-0\" class=\"so-panel widget widget_media_image panel-first-child panel-last-child\" data-index=\"2\" ><div style=\"text-align: center;\" data-title-color=\"#443f3f\" data-headings-color=\"#443f3f\" class=\"panel-widget-style panel-widget-style-for-970-1-1-0\" ><img width=\"268\" height=\"1230\" src=\"http:\/\/faunadigital.com.mx\/wp-content\/uploads\/2018\/12\/fd190001.png\" class=\"image wp-image-2339  attachment-full size-full\" alt=\"\" loading=\"lazy\" style=\"max-width: 100%; height: auto;\" srcset=\"http:\/\/faunadigital.com.mx\/wp-content\/uploads\/2018\/12\/fd190001.png 268w, http:\/\/faunadigital.com.mx\/wp-content\/uploads\/2018\/12\/fd190001-223x1024.png 223w, http:\/\/faunadigital.com.mx\/wp-content\/uploads\/2018\/12\/fd190001-230x1056.png 230w\" sizes=\"(max-width: 268px) 100vw, 268px\" \/><\/div><\/div><\/div><\/div><\/div><div id=\"pg-970-2\"  class=\"panel-grid panel-has-style\" ><div style=\"padding: 100px 0; \" data-overlay=\"true\" data-overlay-color=\"#000000\" class=\"panel-row-style panel-row-style-for-970-2\" ><div id=\"pgc-970-2-0\"  class=\"panel-grid-cell\" ><div id=\"panel-970-2-0-0\" class=\"so-panel widget widget_sow-button panel-first-child panel-last-child\" data-index=\"3\" ><div style=\"text-align: center;\" data-title-color=\"#443f3f\" data-headings-color=\"#443f3f\" class=\"panel-widget-style panel-widget-style-for-970-2-0-0\" ><div class=\"so-widget-sow-button so-widget-sow-button-atom-ca86ee54deb6-970\"><div class=\"ow-button-base ow-button-align-center\">\n\t<a href=\"http:\/\/faunadigital.com.mx\/wp-content\/uploads\/2018\/12\/flyerfd1900.jpg\" class=\"ow-icon-placement-left ow-button-hover\" target=\"_blank\" rel=\"noopener noreferrer\" \t\t>\n\t\t<span>\n\t\t\t\n\t\t\tFICHA T\u00c9CNICA\t\t<\/span>\n\t<\/a>\n<\/div>\n<\/div><\/div><\/div><\/div><div id=\"pgc-970-2-1\"  class=\"panel-grid-cell\" ><div id=\"panel-970-2-1-0\" class=\"so-panel widget widget_sow-button panel-first-child panel-last-child\" data-index=\"4\" ><div style=\"text-align: left;\" data-title-color=\"#443f3f\" data-headings-color=\"#443f3f\" class=\"panel-widget-style panel-widget-style-for-970-2-1-0\" ><div class=\"so-widget-sow-button so-widget-sow-button-atom-878f428cb2f7-970\"><div class=\"ow-button-base ow-button-align-center\">\n\t<a href=\"https:\/\/youtu.be\/5xKIy0RbcCE\" class=\"ow-icon-placement-left ow-button-hover\" target=\"_blank\" rel=\"noopener noreferrer\" \t\t>\n\t\t<span>\n\t\t\t\n\t\t\tVIDEO DE M\u00c1QUINA\t\t<\/span>\n\t<\/a>\n<\/div>\n<\/div><\/div><\/div><\/div><\/div><\/div><\/div>","protected":false},"excerpt":{"rendered":"<p>Hasta 98m\u00b2\/ hr 2 cabezales de impresi\u00f3n Epson. Velocidad en 2 pasadas hasta 98m\u00b2\/ hr Equipado con sistema de reembobinado con motor importado Puerto de transmisi\u00f3n de datos que satisface la demanda de archivos grandes en alta resoluci\u00f3n Piezas de alta calidad estables con el sistema de impresi\u00f3n FEDAR Gu\u00eda THK, Cadena IGUS, Rodamiento NSK, [&hellip;]<\/p>\n","protected":false},"author":1,"featured_media":0,"parent":0,"menu_order":0,"comment_status":"closed","ping_status":"closed","template":"page-templates\/page_front-page.php","meta":[],"_links":{"self":[{"href":"http:\/\/faunadigital.com.mx\/index.php?rest_route=\/wp\/v2\/pages\/970"}],"collection":[{"href":"http:\/\/faunadigital.com.mx\/index.php?rest_route=\/wp\/v2\/pages"}],"about":[{"href":"http:\/\/faunadigital.com.mx\/index.php?rest_route=\/wp\/v2\/types\/page"}],"author":[{"embeddable":true,"href":"http:\/\/faunadigital.com.mx\/index.php?rest_route=\/wp\/v2\/users\/1"}],"replies":[{"embeddable":true,"href":"http:\/\/faunadigital.com.mx\/index.php?rest_route=%2Fwp%2Fv2%2Fcomments&post=970"}],"version-history":[{"count":45,"href":"http:\/\/faunadigital.com.mx\/index.php?rest_route=\/wp\/v2\/pages\/970\/revisions"}],"predecessor-version":[{"id":2641,"href":"http:\/\/faunadigital.com.mx\/index.php?rest_route=\/wp\/v2\/pages\/970\/revisions\/2641"}],"wp:attachment":[{"href":"http:\/\/faunadigital.com.mx\/index.php?rest_route=%2Fwp%2Fv2%2Fmedia&parent=970"}],"curies":[{"name":"wp","href":"https:\/\/api.w.org\/{rel}","templated":true}]}}